{"id":545349,"date":"2025-09-05T18:15:06","date_gmt":"2025-09-05T15:15:06","guid":{"rendered":"https:\/\/nbg.eu\/product\/surefire-csp-09-weaponlight-switch\/"},"modified":"2026-05-13T16:04:36","modified_gmt":"2026-05-13T13:04:36","slug":"surefire-csp-09-weaponlight-spinac","status":"publish","type":"product","link":"https:\/\/nbg.eu\/cs\/produkt\/surefire-csp-09-weaponlight-spinac\/","title":{"rendered":"Surefire CSP-09 WeaponLight sp\u00edna\u010d"},"content":{"rendered":"<div class=\"product-description\">\n<h2>Surefire CSP-09 sp\u00edna\u010d pro zbra\u0148ov\u00e9 sv\u011btlo<\/h2>\n<h2>D\u00e1lkov\u00fd sp\u00edna\u010d pro zbra\u0148ov\u00e1 sv\u011btla s mont\u00e1\u017e\u00ed na li\u0161tu Picatinny<\/h2>\n<p>Surefire CSP-09 sp\u00edna\u010d pro zbra\u0148ov\u00e9 sv\u011btlo je kompaktn\u00ed d\u00e1lkov\u00fd sp\u00edna\u010d ur\u010den\u00fd pro aktivaci jak\u00e9hokoli zbra\u0148ov\u00e9ho sv\u011btla SureFire vybaven\u00e9ho z\u00e1suvkou pro sp\u00edna\u010d.<\/p>\n<h3>Hlavn\u00ed vlastnosti:<\/h3>\n<ul>\n<li>Dvou-funk\u010dn\u00ed sp\u00edna\u010d pro do\u010dasn\u00e9 a trval\u00e9 zapnut\u00ed<\/li>\n<li>Snadn\u00e9 p\u0159ipevn\u011bn\u00ed na li\u0161tu Picatinny pomoc\u00ed svorky<\/li>\n<li>\u00dasporn\u00fd design \u0161et\u0159\u00ed m\u00edsto na li\u0161t\u011b<\/li>\n<li>Odoln\u00e1 polymerov\u00e1 konstrukce<\/li>\n<li>9palcov\u00fd kabel vhodn\u00fd pro v\u011bt\u0161inu pu\u0161ek a karabin<\/li>\n<\/ul>\n<p>Sp\u00edna\u010d CSP-09 umo\u017e\u0148uje snadn\u00e9 ovl\u00e1d\u00e1n\u00ed: lehk\u00fdm stisknut\u00edm pro do\u010dasn\u00e9 zapnut\u00ed nebo \u00fapln\u00fdm stisknut\u00edm pro trval\u00e9 zapnut\u00ed. Instalace bez n\u00e1\u0159ad\u00ed a bezpe\u010dn\u00e9 upevn\u011bn\u00ed na li\u0161tu Picatinny zaji\u0161\u0165uj\u00ed snadn\u00e9 nastaven\u00ed a spolehliv\u00fd provoz v ter\u00e9nu.<\/p>\n<p>Sp\u00edna\u010d Surefire CSP-09 pro zbra\u0148ov\u00e9 sv\u011btlo je kompatibiln\u00ed se v\u0161emi zbra\u0148ov\u00fdmi sv\u011btly SureFire, kter\u00e1 maj\u00ed z\u00e1suvku pro sp\u00edna\u010d.<\/p>\n<\/div>\n","protected":false},"excerpt":{"rendered":"<p>Kompaktn\u00ed d\u00e1lkov\u00fd sp\u00edna\u010d pro SureFire WeaponLights. Snadn\u00e1 mont\u00e1\u017e na Picatinny li\u0161tu.<\/p>\n","protected":false},"featured_media":499037,"template":"","meta":{"_acf_changed":false},"product_brand":[11860],"product_cat":[12661,12640,12698],"product_tag":[],"class_list":{"0":"post-545349","1":"product","2":"type-product","3":"status-publish","4":"has-post-thumbnail","6":"product_brand-surefire","7":"product_cat-prislusenstvi-ke-svetlum","8":"product_cat-svetla","9":"product_cat-svitilny-na-pusky","11":"first","12":"instock","13":"taxable","14":"shipping-taxable","15":"purchasable","16":"product-type-simple"},"acf":[],"_links":{"self":[{"href":"https:\/\/nbg.eu\/cs\/wp-json\/wp\/v2\/product\/545349","targetHints":{"allow":["GET"]}}],"collection":[{"href":"https:\/\/nbg.eu\/cs\/wp-json\/wp\/v2\/product"}],"about":[{"href":"https:\/\/nbg.eu\/cs\/wp-json\/wp\/v2\/types\/product"}],"wp:featuredmedia":[{"embeddable":true,"href":"https:\/\/nbg.eu\/cs\/wp-json\/wp\/v2\/media\/499037"}],"wp:attachment":[{"href":"https:\/\/nbg.eu\/cs\/wp-json\/wp\/v2\/media?parent=545349"}],"wp:term":[{"taxonomy":"product_brand","embeddable":true,"href":"https:\/\/nbg.eu\/cs\/wp-json\/wp\/v2\/product_brand?post=545349"},{"taxonomy":"product_cat","embeddable":true,"href":"https:\/\/nbg.eu\/cs\/wp-json\/wp\/v2\/product_cat?post=545349"},{"taxonomy":"product_tag","embeddable":true,"href":"https:\/\/nbg.eu\/cs\/wp-json\/wp\/v2\/product_tag?post=545349"}],"curies":[{"name":"wp","href":"https:\/\/api.w.org\/{rel}","templated":true}]}}