{"id":547263,"date":"2025-09-05T18:17:28","date_gmt":"2025-09-05T15:17:28","guid":{"rendered":"https:\/\/nbg.eu\/product\/armazone-viper-fts\/"},"modified":"2026-01-21T11:40:17","modified_gmt":"2026-01-21T08:40:17","slug":"armazone-viper-fts","status":"publish","type":"product","link":"https:\/\/nbg.eu\/cs\/produkt\/armazone-viper-fts\/","title":{"rendered":"Armazone Viper FTS"},"content":{"rendered":"<div class=\"product-description\">\n<h2>Armazone Viper FTS adapt\u00e9r<\/h2>\n<p>Armazone Viper FTS adapt\u00e9r je \u0159e\u0161en\u00ed pro mont\u00e1\u017e za\u0159\u00edzen\u00ed pro no\u010dn\u00ed vid\u011bn\u00ed nebo termovizn\u00edch za\u0159\u00edzen\u00ed na Picatinny nebo Weaver z\u00e1kladnu. Tento adapt\u00e9r nab\u00edz\u00ed:<\/p>\n<ul>\n<li>Um\u00edst\u011bn\u00ed termovizn\u00edch za\u0159\u00edzen\u00ed<\/li>\n<li>Integrace s zorn\u00fdm polem denn\u00edho zam\u011b\u0159ova\u010de<\/li>\n<li>Rychl\u00e9 a p\u0159esn\u00e9 reakce v r\u016fzn\u00fdch situac\u00edch<\/li>\n<li>Kompatibilita s Picatinny a Weaver z\u00e1kladnami<\/li>\n<li>Odoln\u00e1 konstrukce pro pou\u017eit\u00ed v ter\u00e9nu<\/li>\n<\/ul>\n<p>Armazone Viper FTS adapt\u00e9r je vhodn\u00fd pro taktick\u00e9 operace, lov nebo sportovn\u00ed st\u0159elbu. Adapt\u00e9r umo\u017e\u0148uje pou\u017eit\u00ed optiky i p\u0159i n\u00edzk\u00e9m osv\u011btlen\u00ed.<\/p>\n<\/div>\n","protected":false},"excerpt":{"rendered":"<p>Armazone Viper FTS: Rychloup\u00ednac\u00ed adapt\u00e9r pro term\u00e1ln\u00ed\/no\u010dn\u00ed p\u0159\u00edsvity.<\/p>\n","protected":false},"featured_media":499301,"template":"","meta":{"_acf_changed":false},"product_brand":[14240],"product_cat":[14914,12685,12680,12660],"product_tag":[],"class_list":{"0":"post-547263","1":"product","2":"type-product","3":"status-publish","4":"has-post-thumbnail","6":"product_brand-armazone","7":"product_cat-mounts-cs","8":"product_cat-prislusenstvi-k-zamerovani","9":"product_cat-termalni","10":"product_cat-zamerovani","12":"first","13":"instock","14":"taxable","15":"shipping-taxable","16":"purchasable","17":"product-type-simple"},"acf":[],"_links":{"self":[{"href":"https:\/\/nbg.eu\/cs\/wp-json\/wp\/v2\/product\/547263","targetHints":{"allow":["GET"]}}],"collection":[{"href":"https:\/\/nbg.eu\/cs\/wp-json\/wp\/v2\/product"}],"about":[{"href":"https:\/\/nbg.eu\/cs\/wp-json\/wp\/v2\/types\/product"}],"wp:featuredmedia":[{"embeddable":true,"href":"https:\/\/nbg.eu\/cs\/wp-json\/wp\/v2\/media\/499301"}],"wp:attachment":[{"href":"https:\/\/nbg.eu\/cs\/wp-json\/wp\/v2\/media?parent=547263"}],"wp:term":[{"taxonomy":"product_brand","embeddable":true,"href":"https:\/\/nbg.eu\/cs\/wp-json\/wp\/v2\/product_brand?post=547263"},{"taxonomy":"product_cat","embeddable":true,"href":"https:\/\/nbg.eu\/cs\/wp-json\/wp\/v2\/product_cat?post=547263"},{"taxonomy":"product_tag","embeddable":true,"href":"https:\/\/nbg.eu\/cs\/wp-json\/wp\/v2\/product_tag?post=547263"}],"curies":[{"name":"wp","href":"https:\/\/api.w.org\/{rel}","templated":true}]}}