{"id":575522,"date":"2025-10-10T12:34:58","date_gmt":"2025-10-10T09:34:58","guid":{"rendered":"https:\/\/nbg.eu\/product\/grips-kmr-l-dotmatrix-ergo-brass\/"},"modified":"2026-04-16T16:09:50","modified_gmt":"2026-04-16T13:09:50","slug":"strenky-kmr-l-dotmatrix-ergo-mosaz","status":"publish","type":"product","link":"https:\/\/nbg.eu\/cs\/produkt\/strenky-kmr-l-dotmatrix-ergo-mosaz\/","title":{"rendered":"KMR St\u0159enky L DotMatrix Ergo Mosaz"},"content":{"rendered":"<h2>GRIPS KMR L DOTMATRIX ERGO MOSAZ<\/h2>\n<p>Mosazn\u00e9 rukojeti od KMR Precision Arms dodaj\u00ed va\u0161\u00ed zbrani modern\u00ed, v\u00fdrazn\u00fd vzhled a z\u00e1rove\u0148 p\u0159idaj\u00ed vyv\u00e1\u017een\u00fd hmotnost pro zlep\u0161en\u00ed ovladatelnosti. Ergonomicky tvarovan\u00e1 textura DotMatrix Ergo poskytuje bezpe\u010dn\u00fd a pohodln\u00fd \u00fachop, co\u017e zvy\u0161uje stabilitu i p\u0159i dlouhodob\u00e9m pou\u017e\u00edv\u00e1n\u00ed nebo v n\u00e1ro\u010dn\u00fdch podm\u00ednk\u00e1ch. S p\u0159esn\u00fdm obr\u00e1b\u011bn\u00edm, vysokou odolnost\u00ed a rafinovan\u00fdm designem jsou tyto rukojeti v\u00fdbornou volbou pro st\u0159elce hledaj\u00edc\u00ed kombinaci funk\u010dnosti, spolehlivosti a stylu.<\/p>\n<p>Brand: KMR Precision Arms<br \/>\nPro zbran\u011b: KMR<br \/>\nKompatibilita: KMR L-02 UMBRA OD 2024<br \/>\nD\u00e9lka rukojeti: Pln\u00e1 velikost &#8211; bez z\u00e1sobn\u00edku<br \/>\nTextura: Dotmatrix Ergo<br \/>\nMateri\u00e1l: Mosaz<\/p>\n","protected":false},"excerpt":{"rendered":"<p>Mosazn\u00e9 rukojeti KMR \u2013 vzor DotMatrix Ergo. Ergonomick\u00e1 textura pro pevn\u00e9 a pohodln\u00e9 uchopen\u00ed, vyv\u00e1\u017een\u00e1 hmotnost pro zlep\u0161en\u00fd ovl\u00e1d\u00e1n\u00ed.<\/p>\n","protected":false},"featured_media":575550,"template":"","meta":{"_acf_changed":false},"product_brand":[11490],"product_cat":[12659,14865],"product_tag":[],"class_list":{"0":"post-575522","1":"product","2":"type-product","3":"status-publish","4":"has-post-thumbnail","6":"product_brand-kmr-precision","7":"product_cat-kmr-dily","8":"product_cat-pistol-grips-cs","10":"first","11":"instock","12":"taxable","13":"shipping-taxable","14":"purchasable","15":"product-type-simple"},"acf":[],"_links":{"self":[{"href":"https:\/\/nbg.eu\/cs\/wp-json\/wp\/v2\/product\/575522","targetHints":{"allow":["GET"]}}],"collection":[{"href":"https:\/\/nbg.eu\/cs\/wp-json\/wp\/v2\/product"}],"about":[{"href":"https:\/\/nbg.eu\/cs\/wp-json\/wp\/v2\/types\/product"}],"wp:featuredmedia":[{"embeddable":true,"href":"https:\/\/nbg.eu\/cs\/wp-json\/wp\/v2\/media\/575550"}],"wp:attachment":[{"href":"https:\/\/nbg.eu\/cs\/wp-json\/wp\/v2\/media?parent=575522"}],"wp:term":[{"taxonomy":"product_brand","embeddable":true,"href":"https:\/\/nbg.eu\/cs\/wp-json\/wp\/v2\/product_brand?post=575522"},{"taxonomy":"product_cat","embeddable":true,"href":"https:\/\/nbg.eu\/cs\/wp-json\/wp\/v2\/product_cat?post=575522"},{"taxonomy":"product_tag","embeddable":true,"href":"https:\/\/nbg.eu\/cs\/wp-json\/wp\/v2\/product_tag?post=575522"}],"curies":[{"name":"wp","href":"https:\/\/api.w.org\/{rel}","templated":true}]}}