{"id":575939,"date":"2025-10-10T12:35:14","date_gmt":"2025-10-10T09:35:14","guid":{"rendered":"https:\/\/nbg.eu\/product\/safety-set-kmr-lw-rf\/"},"modified":"2026-04-16T16:09:45","modified_gmt":"2026-04-16T13:09:45","slug":"safety-set-kmr-lw-rf","status":"publish","type":"product","link":"https:\/\/nbg.eu\/cs\/produkt\/safety-set-kmr-lw-rf\/","title":{"rendered":"KMR Sada Pojistky LW-RF"},"content":{"rendered":"<h2>SAFETY SET KMR LW-RF<\/h2>\n<p><strong>Odkaz:<\/strong> 0671-03002-0000<\/p>\n<p>Vylep\u0161ete bezpe\u010dnost sv\u00e9 zbran\u011b KMR na\u0161\u00edm komplexn\u00edm SAFETY SET KMR LW-RF. Tento nezbytn\u00fd set je navr\u017een tak, aby zajistil optim\u00e1ln\u00ed ochranu a funk\u010dnost pro \u0161irokou \u0161k\u00e1lu model\u016f KMR, v\u010detn\u011b:<\/p>\n<ul>\n<li>KMR L-02 ORCA (2024 a nov\u011bj\u0161\u00ed)<\/li>\n<li>KMR L-02 ORCA (2023 a star\u0161\u00ed)<\/li>\n<li>KMR L-02 SPECTRA (2023 a star\u0161\u00ed)<\/li>\n<li>KMR W-02 CUDA (2024 a nov\u011bj\u0161\u00ed)<\/li>\n<li>KMR W-02 CUDA (2023 a star\u0161\u00ed)<\/li>\n<li>KMR W-02 UMBRA<\/li>\n<li>KMR W-02 UMBRA (OR)<\/li>\n<\/ul>\n<p>N\u00e1\u0161 SAFETY SET KMR LW-RF je navr\u017een tak, aby spl\u0148oval nejvy\u0161\u0161\u00ed standardy spolehlivosti a v\u00fdkonu. A\u0165 u\u017e pou\u017e\u00edv\u00e1te nejnov\u011bj\u0161\u00ed model ORCA nebo klasick\u00fd UMBRA, tento v\u0161estrann\u00fd bezpe\u010dnostn\u00ed set zajist\u00ed, \u017ee va\u0161e zbra\u0148 bude fungovat bezpe\u010dn\u011b a efektivn\u011b. Vylep\u0161ete si dnes svou zbra\u0148 KMR t\u00edmto nezbytn\u00fdm bezpe\u010dnostn\u00edm dopl\u0148kem.<\/p>\n","protected":false},"excerpt":{"rendered":"<p>Nezbytn\u00e1 bezpe\u010dnostn\u00ed sada pro zbran\u011b KMR, kompatibiln\u00ed s v\u00edce modely<\/p>\n","protected":false},"featured_media":575977,"template":"","meta":{"_acf_changed":false},"product_brand":[],"product_cat":[12659],"product_tag":[],"class_list":{"0":"post-575939","1":"product","2":"type-product","3":"status-publish","4":"has-post-thumbnail","6":"product_cat-kmr-dily","8":"first","9":"outofstock","10":"taxable","11":"shipping-taxable","12":"purchasable","13":"product-type-simple"},"acf":[],"_links":{"self":[{"href":"https:\/\/nbg.eu\/cs\/wp-json\/wp\/v2\/product\/575939","targetHints":{"allow":["GET"]}}],"collection":[{"href":"https:\/\/nbg.eu\/cs\/wp-json\/wp\/v2\/product"}],"about":[{"href":"https:\/\/nbg.eu\/cs\/wp-json\/wp\/v2\/types\/product"}],"wp:featuredmedia":[{"embeddable":true,"href":"https:\/\/nbg.eu\/cs\/wp-json\/wp\/v2\/media\/575977"}],"wp:attachment":[{"href":"https:\/\/nbg.eu\/cs\/wp-json\/wp\/v2\/media?parent=575939"}],"wp:term":[{"taxonomy":"product_brand","embeddable":true,"href":"https:\/\/nbg.eu\/cs\/wp-json\/wp\/v2\/product_brand?post=575939"},{"taxonomy":"product_cat","embeddable":true,"href":"https:\/\/nbg.eu\/cs\/wp-json\/wp\/v2\/product_cat?post=575939"},{"taxonomy":"product_tag","embeddable":true,"href":"https:\/\/nbg.eu\/cs\/wp-json\/wp\/v2\/product_tag?post=575939"}],"curies":[{"name":"wp","href":"https:\/\/api.w.org\/{rel}","templated":true}]}}