{"id":583018,"date":"2025-10-08T23:36:42","date_gmt":"2025-10-08T20:36:42","guid":{"rendered":"https:\/\/nbg.eu\/product\/utg-pro-m-lok-light-mount-for-mp5\/"},"modified":"2026-02-27T15:51:16","modified_gmt":"2026-02-27T12:51:16","slug":"utg-pro-m-lok-light-mount-for-mp5","status":"publish","type":"product","link":"https:\/\/nbg.eu\/cs\/produkt\/utg-pro-m-lok-light-mount-for-mp5\/","title":{"rendered":"UTG PRO\u00ae M-LOK\u00ae Light Mount, for MP5\u00ae"},"content":{"rendered":"<div class=\"product-description\">\n<h1>UTG PRO\u00ae M-LOK\u00ae dr\u017e\u00e1k sv\u011btla pro MP5\u00ae<\/h1>\n<p><strong>SKU:<\/strong> MTU058SSM<\/p>\n<p>Dr\u017e\u00e1k sv\u011btla UTG PRO\u00ae M-LOK\u00ae pro pistole a pu\u0161ky typu MP5\u00ae. Toto p\u0159\u00edslu\u0161enstv\u00ed se p\u0159ipev\u0148uje k p\u0159edn\u00ed m\u00ed\u0159idl\u016fm bez ovlivn\u011bn\u00ed p\u0159edpa\u017eb\u00ed a poskytuje platformu pro sv\u011btla, tla\u010d\u00edtka a dal\u0161\u00ed p\u0159\u00edslu\u0161enstv\u00ed.<\/p>\n<h2>Hlavn\u00ed vlastnosti:<\/h2>\n<ul>\n<li>Navr\u017eeno a vyrobeno v USA<\/li>\n<li>Lehk\u00e1 konstrukce z matn\u011b \u010dern\u00e9ho eloxovan\u00e9ho hlin\u00edku<\/li>\n<li>M-LOK\u00ae sloty v pozic\u00edch 11, 12 a 1 hodin<\/li>\n<li>Kompatibiln\u00ed s pistolemi a pu\u0161kami typu MP5 (ne s K modely)<\/li>\n<li>Bezpe\u010dn\u00e9 p\u0159ipevn\u011bn\u00ed k p\u0159edn\u00ed m\u00ed\u0159idl\u016fm<\/li>\n<\/ul>\n<p>Dr\u017e\u00e1k sv\u011btla pro MP5\u00ae.<\/p>\n<\/div>\n","protected":false},"excerpt":{"rendered":"<p>Dr\u017e\u00e1k sv\u011btla pro MP5\u00ae vyroben\u00fd v USA. M-LOK\u00ae sloty, bezpe\u010dn\u00e9 uchycen\u00ed, v\u0161estrann\u00e9 pou\u017eit\u00ed.<\/p>\n","protected":false},"featured_media":583052,"template":"","meta":{"_acf_changed":false},"product_brand":[14397],"product_cat":[14949,369],"product_tag":[],"class_list":{"0":"post-583018","1":"product","2":"type-product","3":"status-publish","4":"has-post-thumbnail","6":"product_brand-leapers-inc","7":"product_cat-m-lok-rail-systems-cs","8":"product_cat-uncategorized","10":"first","11":"instock","12":"taxable","13":"shipping-taxable","14":"purchasable","15":"product-type-simple"},"acf":[],"_links":{"self":[{"href":"https:\/\/nbg.eu\/cs\/wp-json\/wp\/v2\/product\/583018","targetHints":{"allow":["GET"]}}],"collection":[{"href":"https:\/\/nbg.eu\/cs\/wp-json\/wp\/v2\/product"}],"about":[{"href":"https:\/\/nbg.eu\/cs\/wp-json\/wp\/v2\/types\/product"}],"wp:featuredmedia":[{"embeddable":true,"href":"https:\/\/nbg.eu\/cs\/wp-json\/wp\/v2\/media\/583052"}],"wp:attachment":[{"href":"https:\/\/nbg.eu\/cs\/wp-json\/wp\/v2\/media?parent=583018"}],"wp:term":[{"taxonomy":"product_brand","embeddable":true,"href":"https:\/\/nbg.eu\/cs\/wp-json\/wp\/v2\/product_brand?post=583018"},{"taxonomy":"product_cat","embeddable":true,"href":"https:\/\/nbg.eu\/cs\/wp-json\/wp\/v2\/product_cat?post=583018"},{"taxonomy":"product_tag","embeddable":true,"href":"https:\/\/nbg.eu\/cs\/wp-json\/wp\/v2\/product_tag?post=583018"}],"curies":[{"name":"wp","href":"https:\/\/api.w.org\/{rel}","templated":true}]}}