{"id":58328,"date":"2024-02-17T21:23:00","date_gmt":"2024-02-17T18:23:00","guid":{"rendered":"https:\/\/nbg.eu\/product\/magazine-well-reaction-block-geissele-vise-block\/"},"modified":"2026-04-21T17:58:54","modified_gmt":"2026-04-21T14:58:54","slug":"magazine-well-reaction-block-geissele-vise-block","status":"publish","type":"product","link":"https:\/\/nbg.eu\/cs\/produkt\/magazine-well-reaction-block-geissele-vise-block\/","title":{"rendered":"Geissele Sv\u011br\u00e1kov\u00e1 Vlo\u017eka Vise Block"},"content":{"rendered":"<p><strong>Sv\u011br\u00e1k na z\u00e1sobn\u00edkovou \u0161achtu Geissele Automatics<\/strong> je n\u00e1stroj pro p\u0159ij\u00edma\u010de AR15\/M4 a AR10\/SR25. Toto za\u0159\u00edzen\u00ed vyroben\u00e9 v USA poskytuje:<\/p>\n<ul>\n<li>Stabiln\u00ed platformu pro pr\u00e1ce na spodn\u00edm p\u0159ij\u00edma\u010di<\/li>\n<li>Snadnou instalaci matic MLOK<\/li>\n<li>Zjednodu\u0161enou mont\u00e1\u017e trubice z\u00e1sobn\u00edku<\/li>\n<li>Mo\u017enost pr\u00e1ce bez pou\u017eit\u00ed rukou<\/li>\n<\/ul>\n<p>P\u0159ipevn\u011bte jej k pracovn\u00edmu stolu pro efektivn\u00ed pr\u00e1ci p\u0159i \u00faprav\u00e1ch zbran\u00ed.<\/p>\n","protected":false},"excerpt":{"rendered":"<p>Bezpe\u010dn\u00e9 dr\u017e\u00e1ky na spodn\u00ed \u010d\u00e1sti pu\u0161ek AR15\/M4\/AR10\/SR25 pro pr\u00e1ci bez pou\u017eit\u00ed rukou. Vyrobeno v USA.<\/p>\n","protected":false},"featured_media":58329,"template":"","meta":{"_acf_changed":false},"product_brand":[11377],"product_cat":[12689],"product_tag":[],"class_list":{"0":"post-58328","1":"product","2":"type-product","3":"status-publish","4":"has-post-thumbnail","6":"product_brand-geissele","7":"product_cat-naradi","9":"first","10":"outofstock","11":"taxable","12":"shipping-taxable","13":"product-type-simple"},"acf":[],"_links":{"self":[{"href":"https:\/\/nbg.eu\/cs\/wp-json\/wp\/v2\/product\/58328","targetHints":{"allow":["GET"]}}],"collection":[{"href":"https:\/\/nbg.eu\/cs\/wp-json\/wp\/v2\/product"}],"about":[{"href":"https:\/\/nbg.eu\/cs\/wp-json\/wp\/v2\/types\/product"}],"wp:featuredmedia":[{"embeddable":true,"href":"https:\/\/nbg.eu\/cs\/wp-json\/wp\/v2\/media\/58329"}],"wp:attachment":[{"href":"https:\/\/nbg.eu\/cs\/wp-json\/wp\/v2\/media?parent=58328"}],"wp:term":[{"taxonomy":"product_brand","embeddable":true,"href":"https:\/\/nbg.eu\/cs\/wp-json\/wp\/v2\/product_brand?post=58328"},{"taxonomy":"product_cat","embeddable":true,"href":"https:\/\/nbg.eu\/cs\/wp-json\/wp\/v2\/product_cat?post=58328"},{"taxonomy":"product_tag","embeddable":true,"href":"https:\/\/nbg.eu\/cs\/wp-json\/wp\/v2\/product_tag?post=58328"}],"curies":[{"name":"wp","href":"https:\/\/api.w.org\/{rel}","templated":true}]}}