{"id":58924,"date":"2024-02-15T11:15:35","date_gmt":"2024-02-15T11:15:35","guid":{"rendered":"https:\/\/nbg.eu\/product\/geissele-rail-panels-black-ddc\/"},"modified":"2026-04-22T11:44:01","modified_gmt":"2026-04-22T08:44:01","slug":"geissele-panely-na-listu-cernaddc","status":"publish","type":"product","link":"https:\/\/nbg.eu\/cs\/produkt\/geissele-panely-na-listu-cernaddc\/","title":{"rendered":"Geissele Panely P\u0159edpa\u017eb\u00ed (Black\/DDC)"},"content":{"rendered":"<div class=\"product-description\">\n<h2>Geissele M-Lok kolejnicov\u00e9 panely (\u010cern\u00e9\/DDC)<\/h2>\n<p>Dopl\u0148te svou URGI kolejnici panely Geissele M-Lok. Vlastnosti:<\/p>\n<ul>\n<li>Texturovan\u00fd povrch pro lep\u0161\u00ed \u00fachop<\/li>\n<li>Vyrobeno z polymeru pro obrann\u00e9 \u00fa\u010dely<\/li>\n<li>Odoln\u00e9 p\u0159i intenzivn\u00edm pou\u017e\u00edv\u00e1n\u00ed<\/li>\n<li>\u00da\u010dinn\u00e1 tepeln\u00e1 izolace<\/li>\n<li>Dostupn\u00e9 v \u010dern\u00e9 barv\u011b a DDC<\/li>\n<\/ul>\n<p>Zlep\u0161ete ovl\u00e1d\u00e1n\u00ed sv\u00e9 karabiny a chra\u0148te ruce t\u011bmito kolejnicov\u00fdmi panely.<\/p>\n<\/div>\n","protected":false},"excerpt":{"rendered":"<p>Odoln\u00e9, strukturovan\u00e9 M-LOK li\u0161ty pro lep\u0161\u00ed \u00fachop a ochranu p\u0159ed teplem.<\/p>\n","protected":false},"featured_media":58925,"template":"","meta":{"_acf_changed":false},"product_brand":[11377],"product_cat":[12723,12709],"product_tag":[],"class_list":{"0":"post-58924","1":"product","2":"type-product","3":"status-publish","4":"has-post-thumbnail","6":"product_brand-geissele","7":"product_cat-listy","8":"product_cat-puska","10":"first","11":"instock","12":"taxable","13":"shipping-taxable","14":"product-type-variable","15":"wvs-archive-product-wrapper"},"acf":[],"_links":{"self":[{"href":"https:\/\/nbg.eu\/cs\/wp-json\/wp\/v2\/product\/58924","targetHints":{"allow":["GET"]}}],"collection":[{"href":"https:\/\/nbg.eu\/cs\/wp-json\/wp\/v2\/product"}],"about":[{"href":"https:\/\/nbg.eu\/cs\/wp-json\/wp\/v2\/types\/product"}],"wp:featuredmedia":[{"embeddable":true,"href":"https:\/\/nbg.eu\/cs\/wp-json\/wp\/v2\/media\/58925"}],"wp:attachment":[{"href":"https:\/\/nbg.eu\/cs\/wp-json\/wp\/v2\/media?parent=58924"}],"wp:term":[{"taxonomy":"product_brand","embeddable":true,"href":"https:\/\/nbg.eu\/cs\/wp-json\/wp\/v2\/product_brand?post=58924"},{"taxonomy":"product_cat","embeddable":true,"href":"https:\/\/nbg.eu\/cs\/wp-json\/wp\/v2\/product_cat?post=58924"},{"taxonomy":"product_tag","embeddable":true,"href":"https:\/\/nbg.eu\/cs\/wp-json\/wp\/v2\/product_tag?post=58924"}],"curies":[{"name":"wp","href":"https:\/\/api.w.org\/{rel}","templated":true}]}}