{"id":63879,"date":"2024-09-18T13:09:26","date_gmt":"2024-09-18T10:09:26","guid":{"rendered":"https:\/\/nbg.eu\/?post_type=product&#038;p=63879"},"modified":"2026-05-13T16:02:17","modified_gmt":"2026-05-13T13:02:17","slug":"vytahujici-pruzina-nebo-kmr","status":"publish","type":"product","link":"https:\/\/nbg.eu\/cs\/produkt\/vytahujici-pruzina-nebo-kmr\/","title":{"rendered":"KMR Pru\u017eina Vytahova\u010de OR"},"content":{"rendered":"<h2>EXTRACTOR SPRING OR KMR<\/h2>\n<p>Vyrobeno z vysoce kvalitn\u00edch materi\u00e1l\u016f a konstruov\u00e1no tak, aby odolalo n\u00e1rok\u016fm intenzivn\u00edho pou\u017e\u00edv\u00e1n\u00ed, tato pru\u017eina poskytuje pot\u0159ebn\u00e9 nap\u011bt\u00ed a odezvu, aby udr\u017eovala funkci extraktoru va\u0161ej zbran\u011b hladce funguj\u00edc\u00ed. A\u0165 u\u017e se \u00fa\u010dastn\u00edte sout\u011b\u017en\u00edch st\u0159eleck\u00fdch akc\u00ed, \u00fa\u010dastn\u00edte se taktick\u00e9ho v\u00fdcviku nebo se spol\u00e9h\u00e1te na sv\u016fj KMR pro osobn\u00ed obranu, tato n\u00e1hradn\u00ed pru\u017eina zaji\u0161\u0165uje hladk\u00fd a spolehliv\u00fd provoz, opakovan\u011b.<\/p>\n<p>Aktualizace nebo v\u00fdm\u011bna pru\u017einy je jednoduch\u00fd a p\u0159\u00edmo\u010dar\u00fd proces, kter\u00fd v\u00e1m umo\u017en\u00ed udr\u017eovat vrcholn\u00fd v\u00fdkon va\u0161eho KMR a prodlou\u017eit jeho \u017eivotnost. D\u00edky p\u0159esn\u00e9mu proveden\u00ed a snadn\u00e9 instalaci m\u016f\u017eete m\u00edt svou zbra\u0148 zp\u011bt v akci s minim\u00e1ln\u00ed prostojovou dobou, abyste byli v\u017edy p\u0159ipraveni na dal\u0161\u00ed v\u00fdzvu.<\/p>\n<p>Pro zbran\u011b KMR:<\/p>\n<p>KMR L-02 EMIQ (OR)<\/p>\n<p>KMR L-02 SPECTRA OD 2024<\/p>\n<p>KMR L-02 SPECTRA DO 2023<\/p>\n<p>KMR L-02 UMBRA (OR) SR<\/p>\n<p>KMR W-02 CUDA (OR)<\/p>\n<p>KMR W-02 UMBRA (OR)<\/p>\n","protected":false},"excerpt":{"rendered":"<p>N\u00e1hradn\u00ed vytahovac\u00ed pru\u017eina pro zbran\u011b KMR L-02 a KMR W-02.<\/p>\n","protected":false},"featured_media":24771,"template":"","meta":{"_acf_changed":false},"product_brand":[11490],"product_cat":[12659,12677],"product_tag":[],"class_list":{"0":"post-63879","1":"product","2":"type-product","3":"status-publish","4":"has-post-thumbnail","6":"product_brand-kmr-precision","7":"product_cat-kmr-dily","8":"product_cat-pruziny","10":"first","11":"instock","12":"taxable","13":"shipping-taxable","14":"product-type-simple"},"acf":[],"_links":{"self":[{"href":"https:\/\/nbg.eu\/cs\/wp-json\/wp\/v2\/product\/63879","targetHints":{"allow":["GET"]}}],"collection":[{"href":"https:\/\/nbg.eu\/cs\/wp-json\/wp\/v2\/product"}],"about":[{"href":"https:\/\/nbg.eu\/cs\/wp-json\/wp\/v2\/types\/product"}],"wp:featuredmedia":[{"embeddable":true,"href":"https:\/\/nbg.eu\/cs\/wp-json\/wp\/v2\/media\/24771"}],"wp:attachment":[{"href":"https:\/\/nbg.eu\/cs\/wp-json\/wp\/v2\/media?parent=63879"}],"wp:term":[{"taxonomy":"product_brand","embeddable":true,"href":"https:\/\/nbg.eu\/cs\/wp-json\/wp\/v2\/product_brand?post=63879"},{"taxonomy":"product_cat","embeddable":true,"href":"https:\/\/nbg.eu\/cs\/wp-json\/wp\/v2\/product_cat?post=63879"},{"taxonomy":"product_tag","embeddable":true,"href":"https:\/\/nbg.eu\/cs\/wp-json\/wp\/v2\/product_tag?post=63879"}],"curies":[{"name":"wp","href":"https:\/\/api.w.org\/{rel}","templated":true}]}}