{"id":672184,"date":"2025-11-17T17:17:59","date_gmt":"2025-11-17T14:17:59","guid":{"rendered":"https:\/\/nbg.eu\/product\/termokamera-nocpix-vista-s50r-s-lrf-1280x1024-15mk-netd\/"},"modified":"2026-04-14T15:47:41","modified_gmt":"2026-04-14T12:47:41","slug":"termokamera-nocpix-vista-s50r-s-lrf-1280x1024-15mk-netd","status":"publish","type":"product","link":"https:\/\/nbg.eu\/cs\/produkt\/termokamera-nocpix-vista-s50r-s-lrf-1280x1024-15mk-netd\/","title":{"rendered":"Nocpix Termokamera VISTA S50R LRF"},"content":{"rendered":"<h2>Termokamera Nocpix VISTA S50R s LRF 1280&#215;1024 \u226415mK NETD<\/h2>\n<p>Syst\u00e9m Vista&#8217;s Vision+ s displejem AMOLED 2560\u00d72560 a pr\u016fm\u011brem v\u00fdstupn\u00ed pupily 8 mm nab\u00edz\u00ed intenzivn\u00ed z\u00e1\u017eitek z pozorov\u00e1n\u00ed. Vybaven\u00e1 vysoce kvalitn\u00edm senzorem a integrovan\u00fdm d\u00e1lkom\u011brem (LRF) poskytuje Vista nejvy\u0161\u0161\u00ed v\u00fdkon v dan\u00e9m odv\u011btv\u00ed. Jej\u00ed u\u017eivatelsky p\u0159\u00edv\u011btiv\u00fd design a vylep\u0161en\u00e9 nap\u00e1jen\u00ed z bateri\u00ed z n\u00ed d\u011blaj\u00ed ide\u00e1ln\u00edho spole\u010dn\u00edka p\u0159i venkovn\u00edch v\u00fdzv\u00e1ch.<\/p>\n<h2>Syst\u00e9m Vision+: Intenzivn\u00ed vid\u011bn\u00ed<\/h2>\n<p>Kruhov\u00fd AMOLED displej 2560\u00d72560 optimalizuje prostorovou efektivitu a dod\u00e1v\u00e1 \u017eiv\u00e9 vizu\u00e1ly. S pr\u016fm\u011brem v\u00fdstupn\u00ed pupily 8 mm a re\u017eimem Pure Vision p\u0159in\u00e1\u0161\u00ed Vista pohodln\u00fd a intenzivn\u00ed z\u00e1\u017eitek z pozorov\u00e1n\u00ed.<\/p>\n<h2>Vysoce kvalitn\u00ed senzor: prvot\u0159\u00eddn\u00ed kvalita obrazu<\/h2>\n<p>N\u00e1\u0161 vlastn\u00ed senzor NETD \u226415mk 1280\u00d71024@12\u03bcm zaji\u0161\u0165uje vysokou kvalitu obrazu a stabiln\u00ed v\u00fdkon. Obrysy zv\u00ed\u0159at, anatomick\u00e9 detaily i behavior\u00e1ln\u00ed rysy se st\u00e1vaj\u00ed snadno rozpoznateln\u00fdmi.<\/p>\n<h2>Integrovan\u00fd d\u00e1lkom\u011br: p\u0159esnost a p\u0159enosnost<\/h2>\n<p>N\u00e1\u0161 integrovan\u00fd d\u00e1lkom\u011br (LRF 1200 m) v jednom kompaktn\u00edm designu kombinuje estetiku s p\u0159esn\u00fdm optick\u00fdm zarovn\u00e1n\u00edm. Toto lehk\u00e9 a kompaktn\u00ed \u0159e\u0161en\u00ed zaji\u0161\u0165uje minim\u00e1ln\u00ed vyu\u017eit\u00ed plochy objektivu p\u0159i zachov\u00e1n\u00ed dokonal\u00e9 kvality obrazu.<\/p>\n<h2>Sn\u00edmkov\u00e1 frekvence 60 Hz: plynul\u00e9 zachycen\u00ed pohybu<\/h2>\n<p>Vybaven\u00e1 detektorem s frekvenc\u00ed 60 Hz nab\u00edz\u00ed Vista nad\u0159azenou plynulost, umo\u017e\u0148uj\u00edc\u00ed precizn\u00ed zachycen\u00ed pohybuj\u00edc\u00edch se zv\u00ed\u0159at a sc\u00e9n s vysokou rychlost\u00ed. Toto v\u00fdznamn\u00e9 vylep\u0161en\u00ed oproti 50 Hz p\u0159in\u00e1\u0161\u00ed plynulej\u0161\u00ed a p\u0159esn\u011bj\u0161\u00ed vizualizaci.<\/p>\n<h2>Objektiv F0.9: Zlep\u0161en\u00fd sb\u011br sv\u011btla<\/h2>\n<p>Objektiv F0.9 je navr\u017een tak, aby zv\u00fd\u0161il p\u0159\u00edjem sv\u011btla o 20%, a v\u00fdrazn\u011b tak zlep\u0161il jas a kvalitu obrazu ve srovn\u00e1n\u00ed s tradi\u010dn\u00edmi objektivy F1.0. Toto vylep\u0161en\u00ed zaji\u0161\u0165uje, \u017ee ka\u017ed\u00fd detail je brilantn\u011b z\u0159eteln\u00fd, co\u017e \u010din\u00ed z Vista ide\u00e1ln\u00edho spole\u010dn\u00edka pro no\u010dn\u00ed pozorov\u00e1n\u00ed.<\/p>\n<h2>Flexibiln\u00ed nab\u00edjen\u00ed: Vym\u011bniteln\u00e9 baterie pro prodlou\u017eenou provozn\u00ed dobu<\/h2>\n<p>Vista nab\u00edz\u00ed dv\u011b mo\u017enosti nab\u00edjen\u00ed: vym\u011bniteln\u00e9 baterie IBP-7\/4400mAh, kter\u00e9 lze snadno vym\u011bnit, nebo p\u0159\u00edm\u00e9 nab\u00edjen\u00ed p\u0159es integrovan\u00fd port. To zaji\u0161\u0165uje nep\u0159etr\u017eit\u00fd provoz, abyste se mohli soust\u0159edit na lov bez probl\u00e9m\u016f s bateri\u00ed.<\/p>\n<h2>\u0160irok\u00e9 zorn\u00e9 pole: Zlep\u0161en\u00e9 vn\u00edm\u00e1n\u00ed sc\u00e9ny<\/h2>\n<p>S nad\u0159azen\u00fdm 2x prim\u00e1rn\u00edm zv\u011bt\u0161en\u00edm a rozlehl\u00fdm zorn\u00fdm polem poskytuje Vista S50R v\u00fdjime\u010dn\u00fd pohled na sv\u00e9 okol\u00ed. To v\u00e1m umo\u017e\u0148uje bezprobl\u00e9mov\u011b zaznamenat a sledovat v\u00edce c\u00edl\u016f v rozs\u00e1hl\u00fdch krajin\u00e1ch, zaji\u0161\u0165uj\u00edc p\u0159itom jasn\u00fd z\u00e1znam ka\u017ed\u00e9ho pohybu.<\/p>\n<h2>R\u016fzn\u00e9 barevn\u00e9 palety<\/h2>\n<p>Vista nab\u00edz\u00ed 7 r\u016fzn\u00fdch barevn\u00fdch palet, v\u010detn\u011b \u010derven\u00fdch a \u010dist\u011b zelen\u00fdch monochromatick\u00fdch re\u017eim\u016f. Tyto u\u017eivatelsky p\u0159\u00edv\u011btiv\u00e9 volby pom\u00e1haj\u00ed sn\u00ed\u017eit \u00fanavu o\u010d\u00ed a zaji\u0161\u0165uj\u00ed bezprobl\u00e9mov\u00e9 pou\u017eit\u00ed po del\u0161\u00ed dobu.<\/p>\n<h2>U\u017eivatelsky p\u0159\u00edv\u011btiv\u00fd design<\/h2>\n<p>Tich\u00e1 tla\u010d\u00edtka Vista zaji\u0161\u0165uj\u00ed tich\u00fd provoz ve tm\u011b, zat\u00edmco oto\u010dn\u00e1 o\u010dn\u00ed maska zabra\u0148uje \u00faniku sv\u011btla a udr\u017euje Va\u0161i p\u0159\u00edtomnost skrytou p\u0159ed zv\u00ed\u0159aty. Zcela pota\u017een\u00fd TPU k\u016f\u017ee dod\u00e1v\u00e1 pohodln\u00fd \u00fachop, kter\u00fd umo\u017e\u0148uje bezprobl\u00e9mov\u00e9 dlouhodob\u00e9 pou\u017e\u00edv\u00e1n\u00ed.<\/p>\n","protected":false},"excerpt":{"rendered":"<p>Nocpix VISTA S50R s LRF 1280&#215;1024 &lt;15mK NETD: Pono\u0159uj\u00edc\u00ed se 2560&#215;2560 AMOLED displej, vynikaj\u00edc\u00ed 1280&#215;1024 senzor, integrovan\u00fd LRF, F0.9 objektiv, 60Hz sn\u00edmkov\u00e1 frekvence, flexibiln\u00ed nab\u00edjen\u00ed, \u0161irok\u00e9 zorn\u00e9 pole a u\u017eivatelsky p\u0159\u00edv\u011btiv\u00fd design.<\/p>\n","protected":false},"featured_media":672307,"template":"","meta":{"_acf_changed":false},"product_brand":[14444],"product_cat":[12680,16064],"product_tag":[],"class_list":{"0":"post-672184","1":"product","2":"type-product","3":"status-publish","4":"has-post-thumbnail","6":"product_brand-nocpix","7":"product_cat-termalni","8":"product_cat-thermal-cameras-cs","10":"first","11":"instock","12":"taxable","13":"shipping-taxable","14":"purchasable","15":"product-type-simple"},"acf":[],"_links":{"self":[{"href":"https:\/\/nbg.eu\/cs\/wp-json\/wp\/v2\/product\/672184","targetHints":{"allow":["GET"]}}],"collection":[{"href":"https:\/\/nbg.eu\/cs\/wp-json\/wp\/v2\/product"}],"about":[{"href":"https:\/\/nbg.eu\/cs\/wp-json\/wp\/v2\/types\/product"}],"wp:featuredmedia":[{"embeddable":true,"href":"https:\/\/nbg.eu\/cs\/wp-json\/wp\/v2\/media\/672307"}],"wp:attachment":[{"href":"https:\/\/nbg.eu\/cs\/wp-json\/wp\/v2\/media?parent=672184"}],"wp:term":[{"taxonomy":"product_brand","embeddable":true,"href":"https:\/\/nbg.eu\/cs\/wp-json\/wp\/v2\/product_brand?post=672184"},{"taxonomy":"product_cat","embeddable":true,"href":"https:\/\/nbg.eu\/cs\/wp-json\/wp\/v2\/product_cat?post=672184"},{"taxonomy":"product_tag","embeddable":true,"href":"https:\/\/nbg.eu\/cs\/wp-json\/wp\/v2\/product_tag?post=672184"}],"curies":[{"name":"wp","href":"https:\/\/api.w.org\/{rel}","templated":true}]}}