{"id":67260,"date":"2024-01-13T13:21:56","date_gmt":"2024-01-13T13:21:56","guid":{"rendered":"https:\/\/nbg.eu\/product\/surefire-switch-st07\/"},"modified":"2026-01-21T12:14:42","modified_gmt":"2026-01-21T09:14:42","slug":"surefire-prepinac-st07","status":"publish","type":"product","link":"https:\/\/nbg.eu\/cs\/produkt\/surefire-prepinac-st07\/","title":{"rendered":"SureFire p\u0159ep\u00edna\u010d ST07"},"content":{"rendered":"<p>\nD\u00e1lkov\u00fd sp\u00edna\u010d SureFire Switch ST07 pro kompatibiln\u00ed zbra\u0148ov\u00e1 sv\u011btla. Vlastnosti:<\/p>\n<ul>\n<li>18 cm dlouh\u00fd kabel pro pou\u017eit\u00ed na pu\u0161k\u00e1ch\/karabin\u00e1ch<\/li>\n<li>Z\u00e1str\u010dka s O-krou\u017ekem pro odolnost v\u016f\u010di pov\u011btrnostn\u00edm vliv\u016fm<\/li>\n<li>Such\u00fd zip pro variabiln\u00ed um\u00edst\u011bn\u00ed<\/li>\n<\/ul>\n<p>Tento odoln\u00fd d\u00e1lkov\u00fd sp\u00edna\u010d zlep\u0161uje ovl\u00e1d\u00e1n\u00ed zbran\u011b.<\/p>\n","protected":false},"excerpt":{"rendered":"<p>D\u00e1lkov\u00fd sp\u00edna\u010d pro SureFire WeaponLights. 17,8 cm kabel, odoln\u00fd proti pov\u011btrnostn\u00edm vliv\u016fm.<\/p>\n","protected":false},"featured_media":67261,"template":"","meta":{"_acf_changed":false},"product_brand":[11860],"product_cat":[12661,12640,12698],"product_tag":[],"class_list":{"0":"post-67260","1":"product","2":"type-product","3":"status-publish","4":"has-post-thumbnail","6":"product_brand-surefire","7":"product_cat-prislusenstvi-ke-svetlum","8":"product_cat-svetla","9":"product_cat-svitilny-na-pusky","11":"first","12":"instock","13":"taxable","14":"shipping-taxable","15":"purchasable","16":"product-type-simple"},"acf":[],"_links":{"self":[{"href":"https:\/\/nbg.eu\/cs\/wp-json\/wp\/v2\/product\/67260","targetHints":{"allow":["GET"]}}],"collection":[{"href":"https:\/\/nbg.eu\/cs\/wp-json\/wp\/v2\/product"}],"about":[{"href":"https:\/\/nbg.eu\/cs\/wp-json\/wp\/v2\/types\/product"}],"wp:featuredmedia":[{"embeddable":true,"href":"https:\/\/nbg.eu\/cs\/wp-json\/wp\/v2\/media\/67261"}],"wp:attachment":[{"href":"https:\/\/nbg.eu\/cs\/wp-json\/wp\/v2\/media?parent=67260"}],"wp:term":[{"taxonomy":"product_brand","embeddable":true,"href":"https:\/\/nbg.eu\/cs\/wp-json\/wp\/v2\/product_brand?post=67260"},{"taxonomy":"product_cat","embeddable":true,"href":"https:\/\/nbg.eu\/cs\/wp-json\/wp\/v2\/product_cat?post=67260"},{"taxonomy":"product_tag","embeddable":true,"href":"https:\/\/nbg.eu\/cs\/wp-json\/wp\/v2\/product_tag?post=67260"}],"curies":[{"name":"wp","href":"https:\/\/api.w.org\/{rel}","templated":true}]}}