{"id":673422,"date":"2025-11-17T17:24:54","date_gmt":"2025-11-17T14:24:54","guid":{"rendered":"https:\/\/nbg.eu\/product\/termokamera-nocpix-vista-h50r-s-lrf-50mm-12um-640x512-15mk-netd\/"},"modified":"2026-04-14T15:47:38","modified_gmt":"2026-04-14T12:47:38","slug":"termokamera-nocpix-vista-h50r-s-lrf-50mm-12um-640x512-15mk-netd","status":"publish","type":"product","link":"https:\/\/nbg.eu\/cs\/produkt\/termokamera-nocpix-vista-h50r-s-lrf-50mm-12um-640x512-15mk-netd\/","title":{"rendered":"Nocpix Termokamera VISTA H50R LRF"},"content":{"rendered":"<h2>Nocpix VISTA H50R &#8211; Termokamera s laserov\u00fdm d\u00e1lkom\u011brem<\/h2>\n<p>Nocpix VISTA H50R je termokamera s vestav\u011bn\u00fdm laserov\u00fdm d\u00e1lkom\u011brem (LRF) navr\u017een\u00e1 pro denn\u00ed i no\u010dn\u00ed pou\u017eit\u00ed. Poskytuje mimo\u0159\u00e1dnou kvalitu obrazu i v n\u00e1ro\u010dn\u00fdch pov\u011btrnostn\u00edch podm\u00ednk\u00e1ch, jako je mlha, smog a d\u00e9\u0161\u0165, a dok\u00e1\u017ee detekovat c\u00edle i skrze p\u0159ek\u00e1\u017eky, jako jsou v\u011btve, vysok\u00e1 tr\u00e1va a hust\u00e9 porosty, kter\u00e9 b\u011b\u017en\u011b omezuj\u00ed viditelnost.<\/p>\n<p>VISTA H50R je vysoce univerz\u00e1ln\u00ed a vhodn\u00e1 pro \u0161irokou \u0161k\u00e1lu aplikac\u00ed, jako je lov, bezpe\u010dnost, dohled, navigace v ter\u00e9nu a z\u00e1chrann\u00e9 operace. Jej\u00ed pokro\u010dil\u00e1 term\u00e1ln\u00ed technologie zaji\u0161\u0165uje spolehliv\u00fd v\u00fdkon a poskytuje jasn\u00e9 sn\u00edmky a p\u0159esn\u00e1 m\u011b\u0159en\u00ed i v n\u00e1ro\u010dn\u00fdch prost\u0159ed\u00edch.<\/p>\n<h2>Specifikace:<\/h2>\n<p>Rozli\u0161en\u00ed: 640 x 512<br \/>\nVelikost pixelu: 12<br \/>\nNETD, mK: \u226415<br \/>\nSn\u00edmkov\u00e1 frekvence: 50<br \/>\nObjektiv: 50mm F0.9<br \/>\nZorn\u00e9 pole: 8.8 x 7.0<br \/>\nZorn\u00e9 pole (line\u00e1rn\u00ed): 15 x 12<br \/>\nZv\u011bt\u0161en\u00ed: 4~40<br \/>\nDetek\u010dn\u00ed dosah: 2600<br \/>\nVzd\u00e1lenost od o\u010d\u00ed: 25<br \/>\nPr\u016fm\u011br v\u00fdstupn\u00ed pupily: 8<br \/>\nDioptrick\u00e1 korekce: -4 ~ +6<br \/>\nTyp displeje: AMOLED<br \/>\nRozli\u0161en\u00ed displeje: 2560 x 2560<br \/>\nBaterie: Vym\u011bniteln\u00e1 lithium-iontov\u00e1 baterie IBP-7 \/ 4400mAh<br \/>\nMaxim\u00e1ln\u00ed provozn\u00ed doba: 5.5<br \/>\nDosah d\u00e1lkom\u011bru: 1200<br \/>\nLaser: T\u0159\u00edda 1<br \/>\nWi-Fi\/Aplikace: ANO<br \/>\nMikrofon: ANO<br \/>\nPam\u011b\u0165ov\u00e1 kapacita: 64GB<br \/>\nKryt\u00ed: IP67<br \/>\nMaxim\u00e1ln\u00ed provozn\u00ed teplota: -20 ~ +50<br \/>\nHmotnost (oz): 22.93<br \/>\nHmotnost (g): 650<br \/>\nRozm\u011bry (in): 7.64 x 2.76 x 3.23<br \/>\nRozm\u011bry (mm): 194 x 70 x 82<\/p>\n<p>640&#215;512 12\u03bcm detektor<br \/>\nNETD\u226415mK<br \/>\n60Hz vysok\u00e1 sn\u00edmkov\u00e1 frekvence<br \/>\nF0.9 objektiv<br \/>\nAMOLED 2560&#215;2560 kruhov\u00fd displej<br \/>\nRychle vym\u011bniteln\u00e1 dob\u00edjec\u00ed baterie IBP-7<br \/>\nPlynul\u00e9 digit\u00e1ln\u00ed zv\u011bt\u0161en\u00ed: 1\u00d7~8\u00d7<br \/>\nRe\u017eim ultra\u010dist\u00e9ho zobrazen\u00ed<br \/>\nOchrana o\u010d\u00ed s n\u00edzkou jasnost\u00ed, barevnou paletou a tepl\u00fdm odst\u00ednem<br \/>\nElektronick\u00e1 stabilizace obrazu<\/p>\n","protected":false},"excerpt":{"rendered":"<p>Nocpix VISTA H50R je 640\u00d7512 12um termokamera s \u226415mK NETD, 50mm F0.9 objektivem a zabudovan\u00fdm laserov\u00fdm d\u00e1lkom\u011brem, ur\u010den\u00e1 pro lov, bezpe\u010dnost a dal\u0161\u00ed vyu\u017eit\u00ed.<\/p>\n<p>Pokud nen\u00ed polo\u017eka k dispozici, kontaktujte n\u00e1s: shop@nbg.eu nebo +359896147790<\/p>\n","protected":false},"featured_media":673447,"template":"","meta":{"_acf_changed":false},"product_brand":[14444],"product_cat":[12680,16064],"product_tag":[],"class_list":{"0":"post-673422","1":"product","2":"type-product","3":"status-publish","4":"has-post-thumbnail","6":"product_brand-nocpix","7":"product_cat-termalni","8":"product_cat-thermal-cameras-cs","10":"first","11":"instock","12":"taxable","13":"shipping-taxable","14":"purchasable","15":"product-type-simple"},"acf":[],"_links":{"self":[{"href":"https:\/\/nbg.eu\/cs\/wp-json\/wp\/v2\/product\/673422","targetHints":{"allow":["GET"]}}],"collection":[{"href":"https:\/\/nbg.eu\/cs\/wp-json\/wp\/v2\/product"}],"about":[{"href":"https:\/\/nbg.eu\/cs\/wp-json\/wp\/v2\/types\/product"}],"wp:featuredmedia":[{"embeddable":true,"href":"https:\/\/nbg.eu\/cs\/wp-json\/wp\/v2\/media\/673447"}],"wp:attachment":[{"href":"https:\/\/nbg.eu\/cs\/wp-json\/wp\/v2\/media?parent=673422"}],"wp:term":[{"taxonomy":"product_brand","embeddable":true,"href":"https:\/\/nbg.eu\/cs\/wp-json\/wp\/v2\/product_brand?post=673422"},{"taxonomy":"product_cat","embeddable":true,"href":"https:\/\/nbg.eu\/cs\/wp-json\/wp\/v2\/product_cat?post=673422"},{"taxonomy":"product_tag","embeddable":true,"href":"https:\/\/nbg.eu\/cs\/wp-json\/wp\/v2\/product_tag?post=673422"}],"curies":[{"name":"wp","href":"https:\/\/api.w.org\/{rel}","templated":true}]}}