{"id":673793,"date":"2025-11-17T17:24:57","date_gmt":"2025-11-17T14:24:57","guid":{"rendered":"https:\/\/nbg.eu\/product\/termokamera-nocpix-vista-h35r-s-lrf-35-mm-12-%ce%bcm-640x512-15-mk-net\/"},"modified":"2026-04-14T15:47:35","modified_gmt":"2026-04-14T12:47:35","slug":"termokamera-nocpix-vista-h35r-s-lrf-35-mm-12-%ce%bcm-640x512-15-mk-net","status":"publish","type":"product","link":"https:\/\/nbg.eu\/cs\/produkt\/termokamera-nocpix-vista-h35r-s-lrf-35-mm-12-%ce%bcm-640x512-15-mk-net\/","title":{"rendered":"Nocpix Termokamera VISTA H35R LRF"},"content":{"rendered":"<h2>Nocpix VISTA H35R Term\u00e1ln\u00ed monokul\u00e1r s laserov\u00fdm d\u00e1lkom\u011brem<\/h2>\n<p>Nocpix VISTA H35R je multifunk\u010dn\u00ed term\u00e1ln\u00ed monokul\u00e1r vybaven\u00fd vestav\u011bn\u00fdm laserov\u00fdm d\u00e1lkom\u011brem (LRF), navr\u017een\u00fd pro spolehliv\u00e9 pou\u017eit\u00ed ve dne i v noci. Toto pokro\u010dil\u00e9 za\u0159\u00edzen\u00ed nab\u00edz\u00ed vynikaj\u00edc\u00ed v\u00fdkon term\u00e1ln\u00edho zobrazov\u00e1n\u00ed, poskytuje jasn\u00e9 a podrobn\u00e9 zobrazen\u00ed i v n\u00e1ro\u010dn\u00fdch pov\u011btrnostn\u00edch podm\u00ednk\u00e1ch, jako je mlha, smog a d\u00e9\u0161\u0165. Dok\u00e1\u017ee detekovat c\u00edle p\u0159es p\u0159ek\u00e1\u017eky, jako jsou v\u011btve, vysok\u00e1 tr\u00e1va a hust\u00e1 vegetace, co\u017e zaji\u0161\u0165uje \u00fa\u010dinn\u00e9 fungov\u00e1n\u00ed v prost\u0159ed\u00edch, kde tradi\u010dn\u00ed optika nesta\u010d\u00ed.<\/p>\n<p>VISTA H35R je ide\u00e1ln\u00ed pro \u0161irokou \u0161k\u00e1lu aplikac\u00ed, v\u010detn\u011b lovu, dohledu, zabezpe\u010den\u00ed, navigace v ter\u00e9nu a z\u00e1chrann\u00fdch akc\u00ed. D\u00edky sv\u00e9 \u0161pi\u010dkov\u00e9 technologii a odoln\u00e9 konstrukci zaji\u0161\u0165uje VISTA H35R p\u0159esnou detekci a m\u011b\u0159en\u00ed za nejn\u00e1ro\u010dn\u011bj\u0161\u00edch podm\u00ednek.<\/p>\n<h2>Specifikace<\/h2>\n<p>Rozli\u0161en\u00ed: 640 x 512<br \/>\nVelikost pixelu: 12<br \/>\nNETD, mK: \u226415<br \/>\nSn\u00edmkov\u00e1 frekvence: 50<br \/>\nObjektiv: 35mm F0.9<br \/>\nZorn\u00e9 pole: 12.5 x 10.0<br \/>\nZorn\u00e9 pole (line\u00e1rn\u00ed): 22 x 18<br \/>\nZv\u011bt\u0161en\u00ed: 3~28<br \/>\nDetek\u010dn\u00ed dosah: 1800<br \/>\nVzd\u00e1lenost od o\u010d\u00ed: 25<br \/>\nPr\u016fm\u011br v\u00fdstupn\u00ed pupily: 8<br \/>\nDioptrick\u00e1 korekce: -4 ~ +6<br \/>\nTyp displeje: AMOLED<br \/>\nRozli\u0161en\u00ed displeje: 2560 x 2560<br \/>\nBaterie: Vym\u011bniteln\u00e1 lithium-iontov\u00e1 baterie IBP-7 \/ 4400mAh<br \/>\nMax. doba provozu: 5.5<br \/>\nDosah m\u011b\u0159en\u00ed vzd\u00e1lenosti: 1200<br \/>\nLaser: T\u0159\u00edda 1<br \/>\nWi-Fi\/Aplikace: ANO<br \/>\nMIC: ANO<br \/>\nPam\u011b\u0165ov\u00e1 kapacita: 64GB<br \/>\nStupe\u0148 kryt\u00ed: IP67<br \/>\nMax. provozn\u00ed teplota: -20 ~ +50<br \/>\nHmotnost (unce): 22.58<br \/>\nHmotnost (g): 640<br \/>\nRozm\u011bry (palce): 7.48 x 2.64 x 3.11<br \/>\nRozm\u011bry (mm): 190 x 67 x 79<\/p>\n<h2>Funkce<\/h2>\n<p>Detektor 640\u00d7512 12\u03bcm<br \/>\nNETD\u226415mK<br \/>\nSn\u00edmkov\u00e1 frekvence 60Hz<br \/>\nObjektiv F0.9<br \/>\nAMOLED 2560\u00d72560 kruhov\u00fd displej<br \/>\nVym\u011bniteln\u00e1 dob\u00edjec\u00ed baterie IBP-7<br \/>\nPlynul\u00e9 digit\u00e1ln\u00ed p\u0159ibl\u00ed\u017een\u00ed: 1\u00d7~8\u00d7<br \/>\nUltra \u010dist\u00fd re\u017eim<br \/>\nOchrana o\u010d\u00ed s n\u00edzkou jasnost\u00ed, paletou barev a tepl\u00fdm odst\u00ednem<br \/>\nElektronick\u00e1 stabilizace obrazu<\/p>\n","protected":false},"excerpt":{"rendered":"<p>Termokamera Nocpix VISTA H35R s 35mm 12um 640&#215;512 &lt;15mk NET a LRF, pro spolehliv\u00e9 pou\u017eit\u00ed ve dne\/noci v n\u00e1ro\u010dn\u00fdch podm\u00ednk\u00e1ch.<\/p>\n","protected":false},"featured_media":673815,"template":"","meta":{"_acf_changed":false},"product_brand":[14444],"product_cat":[12680,16064],"product_tag":[],"class_list":{"0":"post-673793","1":"product","2":"type-product","3":"status-publish","4":"has-post-thumbnail","6":"product_brand-nocpix","7":"product_cat-termalni","8":"product_cat-thermal-cameras-cs","10":"first","11":"instock","12":"taxable","13":"shipping-taxable","14":"purchasable","15":"product-type-simple"},"acf":[],"_links":{"self":[{"href":"https:\/\/nbg.eu\/cs\/wp-json\/wp\/v2\/product\/673793","targetHints":{"allow":["GET"]}}],"collection":[{"href":"https:\/\/nbg.eu\/cs\/wp-json\/wp\/v2\/product"}],"about":[{"href":"https:\/\/nbg.eu\/cs\/wp-json\/wp\/v2\/types\/product"}],"wp:featuredmedia":[{"embeddable":true,"href":"https:\/\/nbg.eu\/cs\/wp-json\/wp\/v2\/media\/673815"}],"wp:attachment":[{"href":"https:\/\/nbg.eu\/cs\/wp-json\/wp\/v2\/media?parent=673793"}],"wp:term":[{"taxonomy":"product_brand","embeddable":true,"href":"https:\/\/nbg.eu\/cs\/wp-json\/wp\/v2\/product_brand?post=673793"},{"taxonomy":"product_cat","embeddable":true,"href":"https:\/\/nbg.eu\/cs\/wp-json\/wp\/v2\/product_cat?post=673793"},{"taxonomy":"product_tag","embeddable":true,"href":"https:\/\/nbg.eu\/cs\/wp-json\/wp\/v2\/product_tag?post=673793"}],"curies":[{"name":"wp","href":"https:\/\/api.w.org\/{rel}","templated":true}]}}