{"id":673979,"date":"2025-11-17T17:25:01","date_gmt":"2025-11-17T14:25:01","guid":{"rendered":"https:\/\/nbg.eu\/product\/tepelny-zamerovac-nocpix-slim-l35\/"},"modified":"2026-04-14T15:47:31","modified_gmt":"2026-04-14T12:47:31","slug":"tepelny-zamerovac-nocpix-slim-l35","status":"publish","type":"product","link":"https:\/\/nbg.eu\/cs\/produkt\/tepelny-zamerovac-nocpix-slim-l35\/","title":{"rendered":"Nocpix Term\u00e1ln\u00ed Zam\u011b\u0159ova\u010d Slim L35"},"content":{"rendered":"<h2>Term\u00e1ln\u00ed zam\u011b\u0159ovac\u00ed dalekohled Nocpix Slim L35: Nep\u0159ekonan\u00fd loveck\u00fd v\u00fdkon<\/h2>\n<p>P\u0159edstavujeme \u0159adu zam\u011b\u0159ovac\u00edch dalekohled\u016f SLIM: 2-v-1 p\u0159enosn\u00fd MONOKUL\u00c1R nebo 3,5x (L35) zam\u011b\u0159ova\u010d. Vyberte si mezi dv\u011bma vysokov\u00fdkonn\u00fdmi j\u00e1dry, u\u017e\u00edvejte si 1024&#215;768 OLED displej a t\u011b\u017ete z v\u00fdm\u011bnn\u00e9 18650 baterie s v\u00fddr\u017e\u00ed a\u017e 10 hodin. Zachy\u0165te ka\u017ed\u00fd okam\u017eik pomoc\u00ed z\u00e1znamu n\u00e1raz\u016f, aby v\u00e1m neunikl \u017e\u00e1dn\u00fd sn\u00edmek.<\/p>\n<p>P\u0159ep\u00ednejte plynule mezi manu\u00e1ln\u00edm a optick\u00fdm zam\u011b\u0159ov\u00e1n\u00edm bez nutnosti op\u011btovn\u00e9ho vynulov\u00e1n\u00ed d\u00edky 2-v-1 designu s QD mont\u00e1\u017e\u00ed. U\u017e\u00edvejte si bez\u00fanavn\u00e9 sledov\u00e1n\u00ed s 1024&#215;768 AMOLED displejem, nov\u00fdm designem okul\u00e1ru a pohodln\u00fdm v\u00fdstupn\u00edm pr\u016fm\u011brem oka 10 mm. S hmotnost\u00ed pouh\u00fdch 500 g je toto ultralehk\u00e9 proveden\u00ed n\u00e1pomocn\u00e9 p\u0159i prodlou\u017een\u00fdch pou\u017eit\u00edch a udr\u017euje va\u0161i pohyblivost v ter\u00e9nu.<\/p>\n<p>Hlavn\u00ed vysokov\u00fdkonn\u00e9 mo\u017enosti &#8211; 384\u00d7288@12\u03bcm nebo 640\u00d7512@12\u03bcm, NETD\u226418 mK poskytuj\u00ed nevyrovnatelnou kvalitu obrazu a zaji\u0161\u0165uj\u00ed, \u017ee ka\u017ed\u00fd detail bude zachycen s ohromuj\u00edc\u00ed jasnost\u00ed bez ohledu na loveck\u00e9 podm\u00ednky. D\u00edky technologii Reality+ dosahuje Slim kvality obrazu, kter\u00e1 p\u0159ekon\u00e1v\u00e1 ostatn\u00ed zna\u010dky se senzory ve stejn\u00e9 t\u0159\u00edd\u011b.<\/p>\n<p>Nikdy nest\u0159elte vedle s funkc\u00ed RAV, kter\u00e1 v\u00e1m umo\u017en\u00ed znovupro\u017e\u00edt a sd\u00edlet va\u0161e nejnap\u00ednav\u011bj\u0161\u00ed loveck\u00e9 okam\u017eiky. Pokra\u010dujte v lovu s vyj\u00edmatelnou, mrazuvzdornou 18650 bateri\u00ed, kter\u00e1 nab\u00edz\u00ed a\u017e 8 hodin pohotovostn\u00ed doby, a to i v extr\u00e9mn\u00edch podm\u00ednk\u00e1ch. S prim\u00e1rn\u00edm zv\u011bt\u0161en\u00edm 3,5x je SLIM L35 va\u0161\u00ed volbou pro dlouh\u00fd lov, kter\u00fd zvy\u0161uje p\u0159esnost a efektivitu p\u0159i lovu kojot\u016f.<\/p>\n","protected":false},"excerpt":{"rendered":"<p>Pu\u0161kohled s\u00e9rie SLIM: 2v1 ru\u010dn\u00ed MONOKUL\u00c1R nebo 3,5x (L35) pu\u0161kohled s OLED displejem 1024\u00d7768, bateri\u00ed 18650, z\u00e1znamem n\u00e1raz\u016f, tepeln\u00fdm senzorem a mo\u017enost\u00ed rychl\u00e9 v\u00fdm\u011bny.<\/p>\n<p>Pokud polo\u017eka nen\u00ed k dispozici, kontaktujte n\u00e1s pros\u00edm na shop@nbg.eu nebo +359896147790.<\/p>\n","protected":false},"featured_media":673997,"template":"","meta":{"_acf_changed":false},"product_brand":[14444],"product_cat":[16064],"product_tag":[],"class_list":{"0":"post-673979","1":"product","2":"type-product","3":"status-publish","4":"has-post-thumbnail","6":"product_brand-nocpix","7":"product_cat-thermal-cameras-cs","9":"first","10":"instock","11":"taxable","12":"shipping-taxable","13":"purchasable","14":"product-type-simple"},"acf":[],"_links":{"self":[{"href":"https:\/\/nbg.eu\/cs\/wp-json\/wp\/v2\/product\/673979","targetHints":{"allow":["GET"]}}],"collection":[{"href":"https:\/\/nbg.eu\/cs\/wp-json\/wp\/v2\/product"}],"about":[{"href":"https:\/\/nbg.eu\/cs\/wp-json\/wp\/v2\/types\/product"}],"wp:featuredmedia":[{"embeddable":true,"href":"https:\/\/nbg.eu\/cs\/wp-json\/wp\/v2\/media\/673997"}],"wp:attachment":[{"href":"https:\/\/nbg.eu\/cs\/wp-json\/wp\/v2\/media?parent=673979"}],"wp:term":[{"taxonomy":"product_brand","embeddable":true,"href":"https:\/\/nbg.eu\/cs\/wp-json\/wp\/v2\/product_brand?post=673979"},{"taxonomy":"product_cat","embeddable":true,"href":"https:\/\/nbg.eu\/cs\/wp-json\/wp\/v2\/product_cat?post=673979"},{"taxonomy":"product_tag","embeddable":true,"href":"https:\/\/nbg.eu\/cs\/wp-json\/wp\/v2\/product_tag?post=673979"}],"curies":[{"name":"wp","href":"https:\/\/api.w.org\/{rel}","templated":true}]}}