{"id":674767,"date":"2025-11-17T17:25:02","date_gmt":"2025-11-17T14:25:02","guid":{"rendered":"https:\/\/nbg.eu\/product\/thermal-sight-nocpix-slim-h35\/"},"modified":"2026-04-14T15:47:28","modified_gmt":"2026-04-14T12:47:28","slug":"thermal-sight-nocpix-slim-h35","status":"publish","type":"product","link":"https:\/\/nbg.eu\/cs\/produkt\/thermal-sight-nocpix-slim-h35\/","title":{"rendered":"Nocpix Term\u00e1ln\u00ed Zam\u011b\u0159ova\u010d Slim H35"},"content":{"rendered":"<h2>Term\u00e1ln\u00ed zam\u011b\u0159ova\u010d Nocpix Slim H35 &#8211; Ultralehk\u00e9 term\u00e1ln\u00ed zobrazov\u00e1n\u00ed s \u00fachvatnou kvalitou obrazu<\/h2>\n<p>P\u0159edstavujeme pu\u0161kohled \u0159ady SLIM: 2v1 ru\u010dn\u00ed MONOKUL\u00c1R nebo 3,5x (L35) zam\u011b\u0159ova\u010d. Vyberte si mezi dv\u011bma vysokov\u00fdkonn\u00fdmi j\u00e1dry, u\u017e\u00edvejte si OLED displej s rozli\u0161en\u00edm 1024&#215;768 a t\u011b\u017ete z vym\u011bniteln\u00e9 baterie 18650 s v\u00fddr\u017e\u00ed 10 hodin. Zachy\u0165te ka\u017ed\u00fd okam\u017eik s nahr\u00e1vac\u00ed funkc\u00ed, abyste nezme\u0161kali \u017e\u00e1dn\u00fd z\u00e1b\u011br.<\/p>\n<p>U\u017e\u00edvejte si bez\u00fanavn\u00e9 sledov\u00e1n\u00ed s displejem AMOLED 1024&#215;768, nov\u00fdm designem okul\u00e1ru a pohodln\u00fdm v\u00fdstupn\u00edm pupiln\u00edm pr\u016fm\u011brem 10 mm.<\/p>\n<p>S hmotnost\u00ed pouh\u00fdch 500 g d\u011bl\u00e1 toto ultralehk\u00e9 proveden\u00ed dlouhodob\u00e9 pou\u017e\u00edv\u00e1n\u00ed snadn\u00e9 a udr\u017e\u00ed v\u00e1s v ter\u00e9nu pohybliv\u00e9.<\/p>\n<p>Mo\u017enosti hlavn\u00edho vysokov\u00fdkonn\u00e9ho senzoru &#8211; 384\u00d7288@12\u03bcm nebo 640\u00d7512@12\u03bcm, NETD\u226418 mK poskytuj\u00ed nevyrovnatelnou kvalitu obrazu, aby bylo ka\u017ed\u00e9 detail zachycen s \u00fachvatnou jasnost\u00ed bez ohledu na podm\u00ednky lovu. D\u00edky technologii Reality+ dosahuje Slim kvality obrazu, kter\u00e1 p\u0159evy\u0161uje jin\u00e9 zna\u010dky se senzory ve stejn\u00e9 t\u0159\u00edd\u011b.<\/p>\n<p>Nikdy nezme\u0161kejte r\u00e1nu d\u00edky funkci RAV, kter\u00e1 v\u00e1m umo\u017en\u00ed p\u0159ehr\u00e1vat a sd\u00edlet va\u0161e nejnap\u00ednav\u011bj\u0161\u00ed loveck\u00e9 momenty.<\/p>\n<p>Lovte d\u00e1l s vyj\u00edmatelnou bateri\u00ed 18650 odolnou v\u016f\u010di n\u00edzk\u00fdm teplot\u00e1m, kter\u00e1 nab\u00edz\u00ed a\u017e 8 hodin pohotovostn\u00edho \u010dasu, a to i v extr\u00e9mn\u00edch podm\u00ednk\u00e1ch. Je tak\u00e9 vybavena magnetick\u00fdm nab\u00edjec\u00edm portem pro snadn\u00e9 nab\u00edjen\u00ed, a to i v \u00fapln\u00e9 tm\u011b.<\/p>\n","protected":false},"excerpt":{"rendered":"<p>Termovizn\u00ed zam\u011b\u0159ova\u010d Nocpix Slim H35: 2v1 monokul\u00e1rn\u00ed\/3,5x pu\u0161kohled s 1024\u00d7768 OLED, bateri\u00ed 18650, z\u00e1znamem n\u00e1raz\u016f.<\/p>\n","protected":false},"featured_media":674785,"template":"","meta":{"_acf_changed":false},"product_brand":[14444],"product_cat":[16064],"product_tag":[],"class_list":{"0":"post-674767","1":"product","2":"type-product","3":"status-publish","4":"has-post-thumbnail","6":"product_brand-nocpix","7":"product_cat-thermal-cameras-cs","9":"first","10":"instock","11":"taxable","12":"shipping-taxable","13":"purchasable","14":"product-type-simple"},"acf":[],"_links":{"self":[{"href":"https:\/\/nbg.eu\/cs\/wp-json\/wp\/v2\/product\/674767","targetHints":{"allow":["GET"]}}],"collection":[{"href":"https:\/\/nbg.eu\/cs\/wp-json\/wp\/v2\/product"}],"about":[{"href":"https:\/\/nbg.eu\/cs\/wp-json\/wp\/v2\/types\/product"}],"wp:featuredmedia":[{"embeddable":true,"href":"https:\/\/nbg.eu\/cs\/wp-json\/wp\/v2\/media\/674785"}],"wp:attachment":[{"href":"https:\/\/nbg.eu\/cs\/wp-json\/wp\/v2\/media?parent=674767"}],"wp:term":[{"taxonomy":"product_brand","embeddable":true,"href":"https:\/\/nbg.eu\/cs\/wp-json\/wp\/v2\/product_brand?post=674767"},{"taxonomy":"product_cat","embeddable":true,"href":"https:\/\/nbg.eu\/cs\/wp-json\/wp\/v2\/product_cat?post=674767"},{"taxonomy":"product_tag","embeddable":true,"href":"https:\/\/nbg.eu\/cs\/wp-json\/wp\/v2\/product_tag?post=674767"}],"curies":[{"name":"wp","href":"https:\/\/api.w.org\/{rel}","templated":true}]}}