{"id":676607,"date":"2025-11-17T17:25:14","date_gmt":"2025-11-17T14:25:14","guid":{"rendered":"https:\/\/nbg.eu\/product\/termalni-zamerovaci-zarizeni-nocpix-rico-2-s75r\/"},"modified":"2026-04-14T15:47:24","modified_gmt":"2026-04-14T12:47:24","slug":"termalni-zamerovaci-zarizeni-nocpix-rico-2-s75r","status":"publish","type":"product","link":"https:\/\/nbg.eu\/cs\/produkt\/termalni-zamerovaci-zarizeni-nocpix-rico-2-s75r\/","title":{"rendered":"Nocpix Term\u00e1ln\u00ed Zam\u011b\u0159ova\u010d Rico 2 S75R"},"content":{"rendered":"<h2>Nocpix Rico 2 S75R: Dokonalost p\u0159i dlouh\u00e9m st\u0159\u00edlen\u00ed<\/h2>\n<p>S\u00e9rie term\u00e1ln\u00edch zam\u011b\u0159ovac\u00edch dalekohled\u016f Nocpix RICO 2 S75R je navr\u017eena pro lovce, kte\u0159\u00ed vy\u017eaduj\u00ed to nejlep\u0161\u00ed v oblasti jasnosti, dosahu a pohodl\u00ed. Navr\u017eeno s vedouc\u00edm v odv\u011btv\u00ed term\u00e1ln\u00edm senzorem a vysokou sn\u00edmkovou frekvenc\u00ed, nab\u00edz\u00ed ultra-nad\u0159azenou kvalitu obrazu, kter\u00e1 usnad\u0148uje identifikaci a sledov\u00e1n\u00ed c\u00edle. Jeho dlouh\u00e1 ohniskov\u00e1 vzd\u00e1lenost a zabudovan\u00fd LRF zaji\u0161\u0165uj\u00ed, \u017ee m\u016f\u017eete p\u0159esn\u011b m\u011b\u0159it vzd\u00e1len\u00e9 c\u00edle, zat\u00edmco pokro\u010dil\u00fd optick\u00fd design poskytuje pohlcuj\u00edc\u00ed z\u00e1\u017eitek z pozorov\u00e1n\u00ed bez zkreslen\u00ed. S plynulou p\u00e1kovou zv\u011bt\u0161ovac\u00ed \u010do\u010dkou a v\u00fdjime\u010dn\u00fdm o\u010dn\u00edm reli\u00e9fem umo\u017e\u0148uje s\u00e9rie Nocpix RICO 2 S75R lovc\u016fm jednodu\u0161e upravovat zv\u011bt\u0161en\u00ed a c\u00edtit se pohodln\u011b p\u0159i dlouhodob\u00e9m lovu. S inovativn\u00edmi technologiemi a u\u017eivatelsky orientovan\u00fdm designem v\u00e1m s\u00e9rie Nocpix RICO 2 S75R skute\u010dn\u011b umo\u017en\u00ed lovit za hranice toho, co je mo\u017en\u00e9.<\/p>\n<h2>\u0160pi\u010dkov\u00fd v\u00fdkon<\/h2>\n<p>T\u011b\u017ete z pr\u00e9miov\u00e9ho senzoru druh\u00e9 generace 12\u03bcm@60Hz, s NETD \u226415mK, pro ostr\u00e9, vysokokonkrastn\u00ed obrazy a zlep\u0161enou identifikaci c\u00edle. Nocpix RICO 2 S75R je vybaven v\u011bt\u0161\u00edmi objektivy (75 mm\/F1.0, 50 mm\/F1.0, 42 mm\/F1.0), kter\u00e9 nab\u00edzej\u00ed zlep\u0161en\u00e9 sv\u011bteln\u00e9 sb\u011brn\u00e9 schopnosti pro mimo\u0159\u00e1dnou jasnost obrazu a roz\u0161\u00ed\u0159en\u00fd detek\u010dn\u00ed dosah. S\u00e9rie RICO 2 v\u00e1m umo\u017e\u0148uje jemn\u011b doladit zv\u011bt\u0161en\u00ed nam\u00e1hav\u011b s plynulou LPVO-stylem ovl\u00e1dac\u00ed p\u00e1\u010dkou, poskytuj\u00edc\u00ed rychl\u00e9, bezprobl\u00e9mov\u00e9 \u00fapravy k p\u0159esn\u00e9mu z\u00e1sahu c\u00edl\u016f v jak\u00e9koli vzd\u00e1lenosti. S\u00e9rie RICO 2 se m\u016f\u017ee pochlubit impozantn\u00edm detek\u010dn\u00edm dosahem a\u017e 3896 m, co\u017e v\u00e1m poskytuje v\u00fdznamnou v\u00fdhodu p\u0159i lovu na dlouh\u00e9 vzd\u00e1lenosti a p\u0159esn\u00e9m zac\u00edlen\u00ed.<\/p>\n<h2>Flexibiln\u00ed a p\u0159esn\u00e9 zac\u00edlen\u00ed<\/h2>\n<p>Nocpix RICO 2 S75R je vybaven integrovan\u00fdm LRF, nab\u00edzej\u00edc\u00ed laserovou detekci v rozsahu a\u017e 1200 m s p\u0159esn\u00fdm optick\u00fdm osov\u00fdm zarovn\u00e1n\u00edm, zaji\u0161\u0165uj\u00edc\u00ed p\u0159esn\u00e1 m\u011b\u0159en\u00ed vzd\u00e1lenost\u00ed p\u0159i zachov\u00e1n\u00ed elegantn\u00edho designu. Zjednodu\u0161te um\u00edst\u011bn\u00ed st\u0159ely s automatick\u00fdmi balistick\u00fdmi v\u00fdpo\u010dty, pomoc\u00ed integrovan\u00e9ho LRF snadno dos\u00e1hnete p\u0159esn\u00fdch z\u00e1sah\u016f na velk\u00e9 vzd\u00e1lenosti.<\/p>\n<h2>Extr\u00e9mn\u011b jasn\u00e9 a pohodln\u00e9 pozorov\u00e1n\u00ed<\/h2>\n<p>1.03&#8243; 2560\u00d72560 OLED displej (S75R), bezdeforma\u010dn\u00ed okul\u00e1r, 70mm o\u010dn\u00ed reli\u00e9f a 23mm v\u00fdstupn\u00ed pupila poskytuj\u00ed ostr\u00fd, pohodln\u00fd pohled pro dlouhodob\u00e9 sezen\u00ed. Model S75R je vybaven bezprecedentn\u00ed 70mm vzd\u00e1lenost\u00ed, kter\u00e1 zaji\u0161\u0165uje maxim\u00e1ln\u00ed pohodl\u00ed pro dlouhodob\u00e9 pou\u017eit\u00ed bez nam\u00e1h\u00e1n\u00ed o\u010d\u00ed a zaji\u0161\u0165uje bezpe\u010dnost o\u010d\u00ed.<\/p>\n","protected":false},"excerpt":{"rendered":"<p>\u0160pi\u010dkov\u00fd sn\u00edma\u010d druh\u00e9 generace 1280\u00d71024, flexibiln\u00ed a p\u0159esn\u011b integrovan\u00fd LRF, extr\u00e9mn\u011b jasn\u00e9 a pohodln\u00e9 sledov\u00e1n\u00ed, bezpe\u010dnost a pohodln\u00e9 odleh\u010den\u00ed o\u010d\u00ed. Nocpix Rico 2 S75R &#8211; Odborn\u00edk na st\u0159elbu na dlouh\u00e9 vzd\u00e1lenosti.<\/p>\n<p>Pokud nen\u00ed polo\u017eka k dispozici, kontaktujte n\u00e1s pros\u00edm: shop@nbg.eu nebo +359896147790<\/p>\n","protected":false},"featured_media":676762,"template":"","meta":{"_acf_changed":false},"product_brand":[14444],"product_cat":[16064],"product_tag":[],"class_list":{"0":"post-676607","1":"product","2":"type-product","3":"status-publish","4":"has-post-thumbnail","6":"product_brand-nocpix","7":"product_cat-thermal-cameras-cs","9":"first","10":"instock","11":"taxable","12":"shipping-taxable","13":"purchasable","14":"product-type-simple"},"acf":[],"_links":{"self":[{"href":"https:\/\/nbg.eu\/cs\/wp-json\/wp\/v2\/product\/676607","targetHints":{"allow":["GET"]}}],"collection":[{"href":"https:\/\/nbg.eu\/cs\/wp-json\/wp\/v2\/product"}],"about":[{"href":"https:\/\/nbg.eu\/cs\/wp-json\/wp\/v2\/types\/product"}],"wp:featuredmedia":[{"embeddable":true,"href":"https:\/\/nbg.eu\/cs\/wp-json\/wp\/v2\/media\/676762"}],"wp:attachment":[{"href":"https:\/\/nbg.eu\/cs\/wp-json\/wp\/v2\/media?parent=676607"}],"wp:term":[{"taxonomy":"product_brand","embeddable":true,"href":"https:\/\/nbg.eu\/cs\/wp-json\/wp\/v2\/product_brand?post=676607"},{"taxonomy":"product_cat","embeddable":true,"href":"https:\/\/nbg.eu\/cs\/wp-json\/wp\/v2\/product_cat?post=676607"},{"taxonomy":"product_tag","embeddable":true,"href":"https:\/\/nbg.eu\/cs\/wp-json\/wp\/v2\/product_tag?post=676607"}],"curies":[{"name":"wp","href":"https:\/\/api.w.org\/{rel}","templated":true}]}}