{"id":676848,"date":"2025-11-17T17:25:15","date_gmt":"2025-11-17T14:25:15","guid":{"rendered":"https:\/\/nbg.eu\/product\/termalni-zamerovac-nocpix-rico-2-h75r\/"},"modified":"2026-04-14T15:47:20","modified_gmt":"2026-04-14T12:47:20","slug":"termalni-zamerovac-nocpix-rico-2-h75r","status":"publish","type":"product","link":"https:\/\/nbg.eu\/cs\/produkt\/termalni-zamerovac-nocpix-rico-2-h75r\/","title":{"rendered":"Nocpix Term\u00e1ln\u00ed Zam\u011b\u0159ova\u010d Rico 2 H75R"},"content":{"rendered":"<h2>Nocpix Rico 2 H75R: Dokonalost p\u0159i dlouh\u00e9m st\u0159\u00edlen\u00ed<\/h2>\n<p>\u0158ada term\u00e1ln\u00edch zam\u011b\u0159ovac\u00edch dalekohled\u016f Nocpix RICO 2 H75R je navr\u017eena pro lovce, kte\u0159\u00ed po\u017eaduj\u00ed to nejlep\u0161\u00ed z hlediska jasnosti, dosahu a pohodl\u00ed. S p\u0159edn\u00edm pr\u016fmyslov\u00fdm term\u00e1ln\u00edm senzorem a vysokou sn\u00edmkovou frekvenc\u00ed poskytuje mimo\u0159\u00e1dn\u011b kvalitn\u00ed obraz, kter\u00fd usnad\u0148uje identifikaci a sledov\u00e1n\u00ed c\u00edl\u016f. Jeho dlouh\u00e1 ohniskov\u00e1 vzd\u00e1lenost a zabudovan\u00fd d\u00e1lkom\u011br umo\u017e\u0148uj\u00ed p\u0159esn\u011b m\u011b\u0159it vzd\u00e1len\u00e9 c\u00edle, zat\u00edmco pokro\u010dil\u00fd optick\u00fd design poskytuje pono\u0159uj\u00edc\u00ed z\u00e1\u017eitek z pozorov\u00e1n\u00ed bez zkreslen\u00ed. S plynule nastavitelnou zoomovou p\u00e1\u010dkou a mimo\u0159\u00e1dn\u00fdm odstupem oka umo\u017e\u0148uje \u0159ada Nocpix RICO 2 H75R lovc\u016fm jednodu\u0161e upravit zv\u011bt\u0161en\u00ed a c\u00edtit se pohodln\u011b b\u011bhem dlouh\u00fdch loveck\u00fdch v\u00fdprav. Inovativn\u00ed technologie a u\u017eivatelsky zam\u011b\u0159en\u00fd design z \u0159ady Nocpix RICO 2 H75R d\u011blaj\u00ed z t\u00e9to s\u00e9rie vrchol v\u00fdkonu p\u0159i dlouh\u00e9m dosahu lovu.<\/p>\n<h2>\u0160pi\u010dkov\u00e1 term\u00e1ln\u00ed technika<\/h2>\n<p>Vyu\u017eijte pr\u00e9miov\u00fd senzor druh\u00e9 generace 640@12\u03bcm@60Hz, oba s NETD \u226415mK, pro ostr\u00e9, vysokokonkrastn\u00ed obrazy a vylep\u0161enou identifikaci c\u00edl\u016f.<\/p>\n<h2>Vylep\u0161en\u00e1 jasnost s v\u011bt\u0161\u00edmi \u010do\u010dkami<\/h2>\n<p>Nocpix RICO 2 H75R je vybaven v\u011bt\u0161\u00edmi objektivn\u00edmi \u010do\u010dkami (75 mm\/F1.0, 50 mm\/F1.0, 42 mm\/F1.0), kter\u00e9 nab\u00edzej\u00ed lep\u0161\u00ed sv\u011bteln\u00e9 schopnosti pro mimo\u0159\u00e1dnou jasnost obrazu a prodlou\u017een\u00fd detek\u010dn\u00ed dosah.<\/p>\n<h2>Bezprobl\u00e9mov\u00e9 \u00fapravy zv\u011bt\u0161en\u00ed<\/h2>\n<p>\u0158ada RICO 2 v\u00e1m umo\u017e\u0148uje jemn\u011b doladit zv\u011bt\u0161en\u00ed jednodu\u0161e s plynule nastavitelnou zoomovou p\u00e1\u010dkou LPVO stylu, co\u017e poskytuje rychl\u00e9 a bezprobl\u00e9mov\u00e9 \u00fapravy, abyste mohli s jistotou zas\u00e1hnout c\u00edle v jak\u00e9koli vzd\u00e1lenosti s p\u0159esnost\u00ed.<\/p>\n<h2>Stvo\u0159eno pro lov na dlouhou vzd\u00e1lenost<\/h2>\n<p>\u0158ada RICO 2 se m\u016f\u017ee pochlubit p\u016fsobiv\u00fdm detek\u010dn\u00edm dosahem a\u017e 3896 m, co\u017e v\u00e1m poskytuje v\u00fdznamnou v\u00fdhodu p\u0159i lovu na dlouhou vzd\u00e1lenost a p\u0159esn\u00e9m zam\u011b\u0159ov\u00e1n\u00ed.<\/p>\n<h2>Flexibiln\u00ed a p\u0159esn\u00fd integrovan\u00fd d\u00e1lkom\u011br<\/h2>\n<p>Nocpix RICO 2 H75R je vybaven integrovan\u00fdm d\u00e1lkom\u011brem, kter\u00fd poskytuje laserovou detekci na vzd\u00e1lenost a\u017e 1200m s prav\u00fdm optick\u00fdm osov\u00fdm zarovn\u00e1n\u00edm, co\u017e zaji\u0161\u0165uje p\u0159esn\u00e1 m\u011b\u0159en\u00ed vzd\u00e1lenosti, zat\u00edmco udr\u017euje elegantn\u00ed a kompaktn\u00ed design.<\/p>\n<h2>Zjednodu\u0161en\u00e9 balistick\u00e9 v\u00fdpo\u010dty<\/h2>\n<p>Zjednodu\u0161te um\u00edst\u011bn\u00ed st\u0159ely pomoc\u00ed automatick\u00fdch balistick\u00fdch v\u00fdpo\u010dt\u016f a vyu\u017eijte integrovan\u00fd d\u00e1lkom\u011br k snadn\u00e9mu dosahov\u00e1n\u00ed p\u0159esn\u00fdch z\u00e1sah\u016f na velk\u00e9 vzd\u00e1lenosti.<\/p>\n<h2>Mimo\u0159\u00e1dn\u011b jasn\u00e9 a pohodln\u00e9 pozorov\u00e1n\u00ed<\/h2>\n<p>1.03&#8243; 2560\u00d72560 OLED displej (S75R), zorn\u00e9 pole bez zkreslen\u00ed, 70mm odstup oka a 23mm v\u00fdstupn\u00ed zornice zaji\u0161\u0165uj\u00ed ostr\u00fd a pohodln\u00fd pohled b\u011bhem dlouh\u00fdch sezen\u00ed.<\/p>\n<h2>Bezpe\u010dnost a pohodl\u00ed<\/h2>\n<p>Model H75R je vybaven bezprecedentn\u00edm 70mm odstupem oka, co\u017e poskytuje maxim\u00e1ln\u00ed pohodl\u00ed pro dlouhodob\u00e9 pou\u017e\u00edv\u00e1n\u00ed bez nam\u00e1h\u00e1n\u00ed o\u010d\u00ed a zaji\u0161\u0165uje bezpe\u010dnost o\u010d\u00ed.<\/p>\n","protected":false},"excerpt":{"rendered":"<p>Nocpix Rico 2 H75R \u2013 Dlouhodob\u00fd st\u0159elec se senzorem 640\u00d7512, 60 Hz, integrovan\u00fd LRF a kontinu\u00e1ln\u00ed zoom.<\/p>\n<p>Pokud polo\u017eka nen\u00ed k dispozici, pros\u00edm, kontaktujte n\u00e1s: shop@nbg.eu nebo +359896147790<\/p>\n","protected":false},"featured_media":676881,"template":"","meta":{"_acf_changed":false},"product_brand":[14444],"product_cat":[16064],"product_tag":[],"class_list":{"0":"post-676848","1":"product","2":"type-product","3":"status-publish","4":"has-post-thumbnail","6":"product_brand-nocpix","7":"product_cat-thermal-cameras-cs","9":"first","10":"instock","11":"taxable","12":"shipping-taxable","13":"purchasable","14":"product-type-simple"},"acf":[],"_links":{"self":[{"href":"https:\/\/nbg.eu\/cs\/wp-json\/wp\/v2\/product\/676848","targetHints":{"allow":["GET"]}}],"collection":[{"href":"https:\/\/nbg.eu\/cs\/wp-json\/wp\/v2\/product"}],"about":[{"href":"https:\/\/nbg.eu\/cs\/wp-json\/wp\/v2\/types\/product"}],"wp:featuredmedia":[{"embeddable":true,"href":"https:\/\/nbg.eu\/cs\/wp-json\/wp\/v2\/media\/676881"}],"wp:attachment":[{"href":"https:\/\/nbg.eu\/cs\/wp-json\/wp\/v2\/media?parent=676848"}],"wp:term":[{"taxonomy":"product_brand","embeddable":true,"href":"https:\/\/nbg.eu\/cs\/wp-json\/wp\/v2\/product_brand?post=676848"},{"taxonomy":"product_cat","embeddable":true,"href":"https:\/\/nbg.eu\/cs\/wp-json\/wp\/v2\/product_cat?post=676848"},{"taxonomy":"product_tag","embeddable":true,"href":"https:\/\/nbg.eu\/cs\/wp-json\/wp\/v2\/product_tag?post=676848"}],"curies":[{"name":"wp","href":"https:\/\/api.w.org\/{rel}","templated":true}]}}