{"id":676980,"date":"2025-11-17T17:25:28","date_gmt":"2025-11-17T14:25:28","guid":{"rendered":"https:\/\/nbg.eu\/product\/termalni-zamerovaci-system-nocpix-ace-s60r-rail-zeiss\/"},"modified":"2026-04-14T17:20:40","modified_gmt":"2026-04-14T14:20:40","slug":"termalni-zamerovaci-system-nocpix-ace-s60r-rail-zeiss","status":"publish","type":"product","link":"https:\/\/nbg.eu\/cs\/produkt\/termalni-zamerovaci-system-nocpix-ace-s60r-rail-zeiss\/","title":{"rendered":"Nocpix Term\u00e1ln\u00ed Zam\u011b\u0159ova\u010d ACE S60R ZEISS RAIL"},"content":{"rendered":"<h2>Term\u00e1ln\u00ed zam\u011b\u0159ova\u010d NocPix ACE S60R<\/h2>\n<p>Term\u00e1ln\u00ed zam\u011b\u0159ova\u010d NocPix ACE S60R je zcela nov\u00fd a \u0161pi\u010dkov\u00fd n\u00e1stroj navr\u017een\u00fd pro elitn\u00ed lovce, kte\u0159\u00ed vy\u017eaduj\u00ed maxim\u00e1ln\u00ed v\u00fdkon v nejn\u00e1ro\u010dn\u011bj\u0161\u00edch podm\u00ednk\u00e1ch. D\u00edky sv\u00e9 \u0161pi\u010dkov\u00e9 technologii a robustn\u00ed konstrukci je tento p\u0159edn\u00ed term\u00e1ln\u00ed zam\u011b\u0159ova\u010d navr\u017een tak, aby v\u00e1m pomohl ovl\u00e1dnout noc a zkrotit divokou zv\u011b\u0159. A\u0165 u\u017e skenujete ko\u0159ist na velk\u00e9 vzd\u00e1lenosti, nebo sledujete rychle se pohybuj\u00edc\u00ed c\u00edle, ACE S60R nab\u00edz\u00ed nevyrovnatelnou jasnost, p\u0159esnost a spolehlivost.<\/p>\n<p>Srdcem tohoto mimo\u0159\u00e1dn\u00e9ho zam\u011b\u0159ova\u010de je term\u00e1ln\u00ed senzor Gen-2 HD s impozantn\u00edm rozli\u0161en\u00edm 1280\u00d71024 a ultra citliv\u00fdm NETD \u226415mK. Tento senzor nov\u00e9 generace umo\u017e\u0148uje zam\u011b\u0159ova\u010di ACE S60R detekovat i sebemen\u0161\u00ed zm\u011bny teploty, co\u017e zaji\u0161\u0165uje \u010dist\u00e9 a podrobn\u00e9 term\u00e1ln\u00ed obrazy v re\u00e1ln\u00e9m \u010dase. S frekvenc\u00ed sn\u00edm\u00e1n\u00ed 50 Hz poskytuje zam\u011b\u0159ova\u010d plynul\u00e9 vizu\u00e1ly, kter\u00e9 st\u00edhaj\u00ed rychlost va\u0161eho c\u00edle, co\u017e v\u00e1m umo\u017en\u00ed zam\u00ed\u0159it s nep\u0159ekonatelnou p\u0159esnost\u00ed.<\/p>\n<p>Zam\u011b\u0159ova\u010d NocPix ACE S60R je tak\u00e9 vybaven \u010do\u010dkou 60 mm\/F1.0, kter\u00e1 shroma\u017e\u010fuje o 20 % v\u00edce sv\u011btla ne\u017e standardn\u00ed zam\u011b\u0159ova\u010de, co\u017e v\u00e1m zaji\u0161\u0165uje jasn\u011bj\u0161\u00ed a \u010dist\u0161\u00ed obrazy i za nejtemn\u011bj\u0161\u00edch podm\u00ednek. Jeho vynikaj\u00edc\u00ed dlouhodob\u00e1 detekce do vzd\u00e1lenosti a\u017e 3100 metr\u016f v\u00e1m umo\u017e\u0148uje snadno identifikovat a sledovat vzd\u00e1len\u00e9 c\u00edle, co\u017e je kritick\u00e1 v\u00fdhoda pro loveck\u00e9 a st\u0159eleck\u00e9 sc\u00e9n\u00e1\u0159e na dlouhou vzd\u00e1lenost. V kombinaci s propriet\u00e1rn\u00edm algoritmem zpracov\u00e1n\u00ed obrazu Reality+ spole\u010dnosti NocPix zam\u011b\u0159ova\u010d ACE S60R dramaticky sni\u017euje okoln\u00ed \u0161um a poskytuje v\u017edy ostr\u00e9, vysoce kontrastn\u00ed obrazy.<\/p>\n<p>Pro ty, kte\u0159\u00ed cht\u011bj\u00ed je\u0161t\u011b v\u011bt\u0161\u00ed vizu\u00e1ln\u00ed jasnost, je ACE S60R vybaven inovativn\u00edm syst\u00e9mem Vision+. Kulat\u00fd 1,03palcov\u00fd 2560\u00d72560 AMOLED displej v kombinaci s vedouc\u00ed okul\u00e1rn\u00ed zv\u011bt\u0161ovac\u00ed optikou zaji\u0161\u0165uje nevyrovnateln\u00e9 optick\u00e9 zv\u011bt\u0161en\u00ed bez rozmaz\u00e1n\u00ed nebo zkreslen\u00ed typicky spojovan\u00fdch s elektronick\u00fdm zoomem. Tato pr\u016flomov\u00e1 technologie v\u00e1m zaru\u010duje krystalicky \u010dist\u00fd v\u00fdhled a \u0161irok\u00e9 zorn\u00e9 pole, a\u0165 u\u017e se bl\u00ed\u017e\u00edte k c\u00edli nebo zkoum\u00e1te sv\u00e9 okol\u00ed.<\/p>\n<p>P\u0159esnost je kl\u00ed\u010dov\u00e1 p\u0159i lovu a zam\u011b\u0159ova\u010d ACE S60R nezklam\u00e1v\u00e1. Jeho vestav\u011bn\u00fd laserov\u00fd d\u00e1lkom\u011br (LRF) umo\u017e\u0148uje p\u0159esn\u00e1 m\u011b\u0159en\u00ed a\u017e do vzd\u00e1lenosti 1200 metr\u016f. LRF je plynule integrov\u00e1n do elegantn\u00edho designu, udr\u017euje prav\u00e9 optick\u00e9 osov\u00e9 zarovn\u00e1n\u00ed a umo\u017e\u0148uje v\u00e1m vypo\u010d\u00edtat p\u0159esn\u00e9 vzd\u00e1lenosti, ani\u017e byste naru\u0161ili zaost\u0159en\u00ed. A s vestav\u011bnou balistickou v\u00fdpo\u010detn\u00ed funkcionalitou zam\u011b\u0159ova\u010d ACE S60R zaji\u0161\u0165uje, \u017ee va\u0161e v\u00fdst\u0159ely jsou p\u0159esn\u00e9, s ohledem na ka\u017ed\u00fd faktor pro dokonalou p\u0159esnost.<\/p>\n<p>Navr\u017eeno s ohledem na lovce, zam\u011b\u0159ova\u010d NocPix ACE S60R se m\u016f\u017ee tak\u00e9 pochlubit du\u00e1ln\u00edm syst\u00e9mem bateri\u00ed s vestav\u011bnou bateri\u00ed 4000 mAh a odn\u00edmatelnou bateri\u00ed 18650 pro prodlou\u017een\u00e9 pou\u017eit\u00ed v ter\u00e9nu. U\u017e se nemus\u00edte starat o to, \u017ee v\u00e1m dojde nap\u00e1jen\u00ed uprost\u0159ed lovu &#8211; tento syst\u00e9m je navr\u017een tak, aby vydr\u017eel stejn\u011b dlouho jako va\u0161e dobrodru\u017estv\u00ed. Dal\u0161\u00ed funkce, jako je automatick\u00e9 vypnut\u00ed obrazovky, z\u00e1znam videa aktivovan\u00fd zp\u011btn\u00fdm r\u00e1zem a bezokruhov\u00fd design, z tohoto term\u00e1ln\u00edho zam\u011b\u0159ova\u010de \u010din\u00ed skute\u010dn\u00e9ho hr\u00e1\u010de na poli.<\/p>\n<p>Vyrobeno pro nejn\u00e1ro\u010dn\u011bj\u0161\u00ed venkovn\u00ed podm\u00ednky, ACE S60R je vyroben z vysoce pevn\u00e9 hlin\u00edkov\u00e9 slitiny a pro\u0161el d\u016fkladn\u00fdm testov\u00e1n\u00edm, aby odolal extr\u00e9mn\u00edm ot\u0159es\u016fm a hrub\u00e9mu zach\u00e1zen\u00ed. S hodnocen\u00edm IP67 pro odolnost proti vod\u011b funguje bezchybn\u011b v de\u0161ti, prachu a n\u00e1ro\u010dn\u00fdch podm\u00ednk\u00e1ch, co\u017e zaji\u0161\u0165uje, \u017ee v\u00e1\u0161 zam\u011b\u0159ova\u010d je stejn\u011b trvanliv\u00fd jako va\u0161e loveck\u00e9 instinkty.<\/p>\n<p>NocPix ACE S60R je v\u00edc ne\u017e jen term\u00e1ln\u00ed zam\u011b\u0159ova\u010d &#8211; je to ultim\u00e1tn\u00ed spole\u010dn\u00edk pro lov. S \u0161pi\u010dkovou technologi\u00ed, mimo\u0159\u00e1dnou odolnost\u00ed a \u0159adou pokro\u010dil\u00fdch funkc\u00ed, kter\u00e9 jsou navr\u017eeny tak, aby vylep\u0161ily v\u00e1\u0161 loveck\u00fd z\u00e1\u017eitek, tento zam\u011b\u0159ova\u010d p\u0159ekon\u00e1 va\u0161e o\u010dek\u00e1v\u00e1n\u00ed od va\u0161eho vybaven\u00ed. P\u0159ipravte se ovl\u00e1dnout noc.<\/p>\n","protected":false},"excerpt":{"rendered":"<p>Term\u00e1ln\u00ed pu\u0161kohled Nocpix ACE S60R je \u0161pi\u010dkov\u00fd n\u00e1stroj navr\u017een\u00fd pro elitn\u00ed lovce, s pokro\u010dilou technologi\u00ed, robustn\u00ed konstrukc\u00ed a funkcemi jako Gen-2 HD term\u00e1ln\u00ed sn\u00edma\u010d, syst\u00e9m Vision+, integrovan\u00fd laserov\u00fd d\u00e1lkom\u011br a du\u00e1ln\u00ed bateriov\u00fd syst\u00e9m pro \u0161pi\u010dkov\u00fd v\u00fdkon v n\u00e1ro\u010dn\u00fdch prost\u0159ed\u00edch.<\/p>\n<p>Pokud polo\u017eka nen\u00ed k dispozici, obra\u0165te se na n\u00e1s: shop@nbg.eu nebo +359896147790<\/p>\n","protected":false},"featured_media":677378,"template":"","meta":{"_acf_changed":false},"product_brand":[14444],"product_cat":[12680],"product_tag":[],"class_list":{"0":"post-676980","1":"product","2":"type-product","3":"status-publish","4":"has-post-thumbnail","6":"product_brand-nocpix","7":"product_cat-termalni","9":"first","10":"instock","11":"taxable","12":"shipping-taxable","13":"purchasable","14":"product-type-simple"},"acf":[],"_links":{"self":[{"href":"https:\/\/nbg.eu\/cs\/wp-json\/wp\/v2\/product\/676980","targetHints":{"allow":["GET"]}}],"collection":[{"href":"https:\/\/nbg.eu\/cs\/wp-json\/wp\/v2\/product"}],"about":[{"href":"https:\/\/nbg.eu\/cs\/wp-json\/wp\/v2\/types\/product"}],"wp:featuredmedia":[{"embeddable":true,"href":"https:\/\/nbg.eu\/cs\/wp-json\/wp\/v2\/media\/677378"}],"wp:attachment":[{"href":"https:\/\/nbg.eu\/cs\/wp-json\/wp\/v2\/media?parent=676980"}],"wp:term":[{"taxonomy":"product_brand","embeddable":true,"href":"https:\/\/nbg.eu\/cs\/wp-json\/wp\/v2\/product_brand?post=676980"},{"taxonomy":"product_cat","embeddable":true,"href":"https:\/\/nbg.eu\/cs\/wp-json\/wp\/v2\/product_cat?post=676980"},{"taxonomy":"product_tag","embeddable":true,"href":"https:\/\/nbg.eu\/cs\/wp-json\/wp\/v2\/product_tag?post=676980"}],"curies":[{"name":"wp","href":"https:\/\/api.w.org\/{rel}","templated":true}]}}