{"id":677703,"date":"2025-11-17T17:25:33","date_gmt":"2025-11-17T14:25:33","guid":{"rendered":"https:\/\/nbg.eu\/product\/termovizni-zamerovac-nocpix-ace-h50r-12um-640x512-15mk-netd\/"},"modified":"2026-04-14T15:47:11","modified_gmt":"2026-04-14T12:47:11","slug":"termovizni-zamerovac-nocpix-ace-h50r-12um-640x512-15mk-netd","status":"publish","type":"product","link":"https:\/\/nbg.eu\/cs\/produkt\/termovizni-zamerovac-nocpix-ace-h50r-12um-640x512-15mk-netd\/","title":{"rendered":"Nocpix Term\u00e1ln\u00ed Zam\u011b\u0159ova\u010d ACE H50R"},"content":{"rendered":"<h2>Term\u00e1ln\u00ed pu\u0161kohled NocPix ACE H50R<\/h2>\n<p>Term\u00e1ln\u00ed pu\u0161kohled NocPix ACE H50R kombinuje pokro\u010dilou technologii s odolnou trvanlivost\u00ed pro nevyrovnan\u00e9 loveck\u00e9 z\u00e1\u017eitky. Disponuje term\u00e1ln\u00edm senzorem s rozli\u0161en\u00edm 640&#215;512 a NETD \u226412mK pro mimo\u0159\u00e1dnou ostrost obrazu, dosah detekce 3100 metr\u016f a integrovan\u00fdm d\u00e1lkom\u011brem pro p\u0159esn\u00e1 m\u011b\u0159en\u00ed do 1200 metr\u016f. Inovativn\u00ed syst\u00e9m Vision+ nab\u00edz\u00ed okul\u00e1rn\u00ed zv\u011bt\u0161en\u00ed pro z\u0159eteln\u00e9 detailn\u00ed z\u00e1b\u011bry a du\u00e1ln\u00ed bateriov\u00fd syst\u00e9m zaji\u0161\u0165uje dlouhodob\u00e9 pou\u017eit\u00ed. Vyroben\u00fd z vysoce pevn\u00e9 hlin\u00edkov\u00e9 slitiny a s hodnocen\u00edm IP67 je tento pu\u0161kohled navr\u017een pro vynikaj\u00edc\u00ed v\u00fdkon v ka\u017ed\u00e9m venkovn\u00edm prost\u0159ed\u00ed a p\u0159izp\u016fsoben\u00ed se jak\u00e9koliv situaci.<\/p>\n<p>Term\u00e1ln\u00ed pu\u0161kohled NocPix ACE H50 je \u0161pi\u010dkov\u00fdm n\u00e1strojem navr\u017een\u00fdm pro redefinov\u00e1n\u00ed loveck\u00fdch z\u00e1\u017eitk\u016f, a\u0165 u\u017e proch\u00e1z\u00edte temnou noc\u00ed nebo vyhl\u00ed\u017e\u00edte ko\u0159ist v n\u00e1ro\u010dn\u00e9m ter\u00e9nu. Jako sou\u010d\u00e1st vlajkov\u00e9 s\u00e9rie ACE spole\u010dnosti NocPix se tento term\u00e1ln\u00ed optick\u00fd zam\u011b\u0159ova\u010d vyzna\u010duje svou nad\u0159azenou kvalitou obrazu a p\u0159esnost\u00ed d\u00edky vysokorozli\u0161en\u00e9mu term\u00e1ln\u00edmu senzoru vyvinut\u00e9mu vlastn\u00ed spole\u010dnost\u00ed a pokro\u010dil\u00fdm syst\u00e9m\u016fm Reality+ a Vision+.<\/p>\n<p>Srdcem NocPix ACE H50R je jeho term\u00e1ln\u00ed senzor HD druh\u00e9 generace s rozli\u0161en\u00edm 640&#215;512 a sn\u00edmkovou frekvenc\u00ed 60 Hz, kter\u00fd nab\u00edz\u00ed mimo\u0159\u00e1dn\u011b stabiln\u00ed v\u00fdkon. S NETD \u226412mK tento zam\u011b\u0159ova\u010d dok\u00e1\u017ee zaznamenat i ty nejmen\u0161\u00ed teplotn\u00ed rozd\u00edly, co\u017e poskytuje detailn\u00ed a plynul\u00e9 term\u00e1ln\u00ed sn\u00edmky ide\u00e1ln\u00ed pro sledov\u00e1n\u00ed rychle se pohybuj\u00edc\u00edch c\u00edl\u016f v re\u00e1ln\u00e9m \u010dase. Vysp\u011bl\u00fd zobrazovac\u00ed algoritmus Reality+ nav\u00edc toto vylep\u0161uje odstran\u011bn\u00edm \u0161umu teploty okol\u00ed, co\u017e zaji\u0161\u0165uje nad\u0159azenou kontrast a jasnost i v n\u00e1ro\u010dn\u00fdch loveck\u00fdch podm\u00ednk\u00e1ch.<\/p>\n<p>ACE H50R je vybaven 50mm\/F0.9 objektivem, kter\u00fd umo\u017e\u0148uje 20% v\u00edce sv\u011btla dos\u00e1hnout na senzor, co\u017e vytv\u00e1\u0159\u00ed jasn\u011bj\u0161\u00ed a \u010dist\u0161\u00ed obrazy. To je z\u00e1sadn\u00ed pro lovce usiluj\u00edc\u00ed o p\u0159esnost, proto\u017ee zlep\u0161en\u00e1 propustnost sv\u011btla poskytuje vylep\u0161enou viditelnost v prost\u0159ed\u00ed s n\u00edzk\u00fdm osv\u011btlen\u00edm. Nav\u00edc dosah detekce 3100 metr\u016f \u0159ad\u00ed ACE mezi nejlep\u0161\u00ed, co\u017e usnad\u0148uje d\u00e1lkovou identifikaci a sledov\u00e1n\u00ed vzd\u00e1len\u00fdch c\u00edl\u016f jako nikdy p\u0159edt\u00edm.<\/p>\n<p>Integrovan\u00fd syst\u00e9m Vision+ vylep\u0161uje z\u00e1\u017eitek z prohl\u00ed\u017een\u00ed d\u00edky kruhov\u00e9mu AMOLED displeji o velikosti 1,03 palce a rozli\u0161en\u00ed 2560&#215;2560. Jeho optick\u00fd zoom navr\u017een\u00fd tak, aby se zabr\u00e1nil rozmaz\u00e1n\u00ed a zkreslen\u00ed typick\u00fdm pro tradi\u010dn\u00ed elektronick\u00e9 zv\u011bt\u0161ov\u00e1n\u00ed, zaji\u0161\u0165uje lovc\u016fm jasn\u00e9, vysoce kvalitn\u00ed detailn\u00ed pohledy bez ztr\u00e1ty detail\u016f. To poskytuje pono\u0159uj\u00edc\u00ed a pohodln\u00fd z\u00e1\u017eitek z prohl\u00ed\u017een\u00ed, a\u0165 u\u017e sledujete ko\u0159ist z d\u00e1lky nebo p\u0159ibli\u017eujete pro p\u0159esn\u00e9 m\u00ed\u0159en\u00ed.<\/p>\n<p>Vyroben\u00fd pro prodlou\u017een\u00e9 pou\u017eit\u00ed v ter\u00e9nu, ACE disponuje du\u00e1ln\u00edm bateriov\u00fd syst\u00e9mem se zabudovanou bateri\u00ed 4000mAh a dal\u0161\u00ed odn\u00edmatelnou bateri\u00ed 18650, co\u017e umo\u017e\u0148uje nep\u0159etr\u017eit\u00fd provoz b\u011bhem dlouh\u00fdch loveck\u00fdch v\u00fdprav. Odoln\u00e1 konstrukce z vysoce pevn\u00e9 hlin\u00edkov\u00e9 slitiny zaji\u0161\u0165uje, \u017ee ACE odol\u00e1 drsn\u00fdm venkovn\u00edm podm\u00ednk\u00e1m a t\u011b\u017ek\u00e9mu pou\u017e\u00edv\u00e1n\u00ed, nebo\u0165 pro\u0161el p\u0159\u00edsn\u00fdm testov\u00e1n\u00edm odolnosti proti n\u00e1raz\u016fm. S vod\u011bodoln\u00fdm hodnocen\u00edm IP67 z\u016fst\u00e1v\u00e1 zam\u011b\u0159ova\u010d spolehliv\u00fd i v nep\u0159\u00edzniv\u00fdch pov\u011btrnostn\u00edch podm\u00ednk\u00e1ch, co\u017e lovce uklid\u0148uje bez ohledu na prost\u0159ed\u00ed.<\/p>\n<p>Navr\u017een\u00fd s ohledem na lovce, NocPix ACE H50R zahrnuje nezbytn\u00e9 funkce, jako je video z\u00e1znam aktivovan\u00fd zp\u011btn\u00fdm r\u00e1zem a design bez z\u00e1v\u011brky pro bezprobl\u00e9mov\u00fd provoz v ter\u00e9nu. U\u017eivatelsky p\u0159\u00edv\u011btiv\u00e9 dopl\u0148ky, jako je zaost\u0159ovac\u00ed regul\u00e1tor, kryt nab\u00edjen\u00ed a mo\u017enost p\u0159ehr\u00e1vat videa p\u0159\u00edmo p\u0159es funkci Galerie, kombinuj\u00ed vysok\u00fd v\u00fdkon s pohodl\u00edm pro optim\u00e1ln\u00ed loveck\u00fd z\u00e1\u017eitek.<\/p>\n","protected":false},"excerpt":{"rendered":"<p>Term\u00e1ln\u00ed pu\u0161kohled Nocpix ACE H50R disponuje term\u00e1ln\u00edm senzorem 640&#215;512 s \u226412mK NETD, detekc\u00ed do 3100m, integrovan\u00fdm d\u00e1lkom\u011brem a syst\u00e9mem Vision+ pro nerovnan\u00fd z\u00e1\u017eitek z lovu.<\/p>\n<p>Pokud polo\u017eka nen\u00ed k dispozici, kontaktujte n\u00e1s pros\u00edm na: shop@nbg.eu nebo +359896147790<\/p>\n","protected":false},"featured_media":678058,"template":"","meta":{"_acf_changed":false},"product_brand":[14444],"product_cat":[12680],"product_tag":[],"class_list":{"0":"post-677703","1":"product","2":"type-product","3":"status-publish","4":"has-post-thumbnail","6":"product_brand-nocpix","7":"product_cat-termalni","9":"first","10":"outofstock","11":"taxable","12":"shipping-taxable","13":"purchasable","14":"product-type-simple"},"acf":[],"_links":{"self":[{"href":"https:\/\/nbg.eu\/cs\/wp-json\/wp\/v2\/product\/677703","targetHints":{"allow":["GET"]}}],"collection":[{"href":"https:\/\/nbg.eu\/cs\/wp-json\/wp\/v2\/product"}],"about":[{"href":"https:\/\/nbg.eu\/cs\/wp-json\/wp\/v2\/types\/product"}],"wp:featuredmedia":[{"embeddable":true,"href":"https:\/\/nbg.eu\/cs\/wp-json\/wp\/v2\/media\/678058"}],"wp:attachment":[{"href":"https:\/\/nbg.eu\/cs\/wp-json\/wp\/v2\/media?parent=677703"}],"wp:term":[{"taxonomy":"product_brand","embeddable":true,"href":"https:\/\/nbg.eu\/cs\/wp-json\/wp\/v2\/product_brand?post=677703"},{"taxonomy":"product_cat","embeddable":true,"href":"https:\/\/nbg.eu\/cs\/wp-json\/wp\/v2\/product_cat?post=677703"},{"taxonomy":"product_tag","embeddable":true,"href":"https:\/\/nbg.eu\/cs\/wp-json\/wp\/v2\/product_tag?post=677703"}],"curies":[{"name":"wp","href":"https:\/\/api.w.org\/{rel}","templated":true}]}}