{"id":678118,"date":"2025-11-17T17:25:36","date_gmt":"2025-11-17T14:25:36","guid":{"rendered":"https:\/\/nbg.eu\/product\/termalni-monokular-nocpix-lumi-l35\/"},"modified":"2026-01-21T11:39:11","modified_gmt":"2026-01-21T08:39:11","slug":"termalni-monokular-nocpix-lumi-l35","status":"publish","type":"product","link":"https:\/\/nbg.eu\/cs\/produkt\/termalni-monokular-nocpix-lumi-l35\/","title":{"rendered":"Term\u00e1ln\u00ed monokul\u00e1r Nocpix LUMI L35"},"content":{"rendered":"<h2>Maxim\u00e1ln\u00ed v\u00fdkon s minim\u00e1ln\u00ed hmotnost\u00ed &#8211; Nocpix LUMI L35: V\u00e1\u0161 nepostradateln\u00fd spole\u010dn\u00edk na va\u0161em poli<\/h2>\n<p>\u0158ada term\u00e1ln\u00edch monokul\u00e1rov LUMI je navr\u017eena pro denn\u00ed i no\u010dn\u00ed pou\u017eit\u00ed a nab\u00edz\u00ed v\u00e1m v\u00fdjime\u010dnou kvalitu obrazu i v n\u00e1ro\u010dn\u00fdch pov\u011btrnostn\u00edch podm\u00ednk\u00e1ch, jako je mlha, smog nebo d\u00e9\u0161\u0165. Dokonce i kdy\u017e p\u0159ek\u00e1\u017eky, jako jsou v\u011btve, vysok\u00e1 tr\u00e1va nebo hust\u00e1 vegetace, zt\u011b\u017euj\u00ed vid\u011bn\u00ed, d\u00edky t\u00e9to technologii v\u017edy jasn\u011b uvid\u00edte, co je p\u0159ed v\u00e1mi. Jsou tak\u00e9 tak kompaktn\u00ed a lehk\u00e9, \u017ee je m\u016f\u017eete snadno nosit kamkoli.<\/p>\n<p>Termokamery LUMI jsou ide\u00e1ln\u00ed pro r\u016fzn\u00e9 aplikace, jako je lov, dohled, bezpe\u010dnost, orientace v ter\u00e9nu nebo p\u00e1trac\u00ed a z\u00e1chrann\u00e9 operace.<\/p>\n<h2>Nep\u0159ekonateln\u00fd zobrazovac\u00ed v\u00fdkon pro ultra ostr\u00e9 obrazy<\/h2>\n<p>\u0158ada LUMI stanovuje nov\u00e1 m\u011b\u0159\u00edtka v oblasti kvality obrazu. Vybavena nejpokro\u010dilej\u0161\u00edmi zobrazovac\u00edmi algoritmy a v\u00fdkonn\u00fdm term\u00e1ln\u00edm sn\u00edma\u010dem s NETD &lt; 18 mK, kamera poskytuje ultra ostr\u00e9 a realistick\u00e9 obrazy. AMOLED displej s rozli\u0161en\u00edm 1024 x 768 pixel\u016f zaji\u0161\u0165uje v\u00fdjime\u010dn\u00e9 zobrazen\u00ed obrazu, zat\u00edmco re\u017eim Ultra Clear d\u00e1le optimalizuje \u010distotu obrazu, zejm\u00e9na v obt\u00ed\u017en\u00fdch pov\u011btrnostn\u00edch podm\u00ednk\u00e1ch.<\/p>\n<h2>Personalizovan\u00fd z\u00e1\u017eitek z prohl\u00ed\u017een\u00ed &#8211; P\u0159izp\u016fsobte si sv\u00e9 za\u0159\u00edzen\u00ed dokonale<\/h2>\n<p>D\u00edky st\u0159edn\u011b velk\u00e9mu sn\u00edma\u010di 384 x 288 px a r\u016fzn\u00fdm mo\u017enostem nastaven\u00ed m\u016f\u017eete za\u0159\u00edzen\u00ed p\u0159izp\u016fsobit p\u0159esn\u011b podle sv\u00fdch pot\u0159eb. Vyberte si z 5 barevn\u00fdch re\u017eim\u016f a optimalizujte sv\u016fj pohled pomoc\u00ed 10 \u00farovn\u00ed jasu, ostrosti a kontrastu &#8211; aby neunikl \u017e\u00e1dn\u00fd detail.<\/p>\n<h2>Snadn\u00e9 sd\u00edlen\u00ed z\u00e1\u017eitk\u016f<\/h2>\n<p>Zachycen\u00ed zvl\u00e1\u0161tn\u00edch okam\u017eik\u016f je nezbytn\u00e9 pro sou\u010dasn\u00e9ho lovce. S Nocpix LUMI L35 m\u016f\u017eete nejen pohodln\u011b sd\u00edlet sv\u00e9 z\u00e1znamy prost\u0159ednictv\u00edm aplikace, ale tak\u00e9 je p\u0159\u00edmo na za\u0159\u00edzen\u00ed p\u0159ehr\u00e1vat &#8211; ide\u00e1ln\u00ed pro okam\u017eit\u00e9 sd\u00edlen\u00ed va\u0161ich z\u00e1\u017eitk\u016f s ostatn\u00edmi.<\/p>\n<h2>Lze flexibiln\u011b pou\u017e\u00edvat d\u00edky odn\u00edmateln\u00e9 bateriov\u00e9 soustav\u011b<\/h2>\n<p>\u0158ada LUMI je vybavena standardn\u00edmi bateriemi 18650, co\u017e v\u00e1m poskytuje maxim\u00e1ln\u00ed flexibilitu. A\u0165 jdete kamkoli, s dodanou nab\u00edje\u010dkou bateri\u00ed budete op\u011bt p\u0159ipraveni za chv\u00edli &#8211; a m\u016f\u017eete pokra\u010dovat ve sv\u00e9m posl\u00e1n\u00ed.<\/p>\n","protected":false},"excerpt":{"rendered":"<p>Maxim\u00e1ln\u00ed v\u00fdkon s minim\u00e1ln\u00ed hmotnost\u00ed \u2013 Nocpix LUMI L35: V\u00e1\u0161 nepostradateln\u00fd spole\u010dn\u00edk v ter\u00e9nu. 384 senzor\u016f s 18 mK, AMOLED displej s rozli\u0161en\u00edm 1024 \u00d7 768 pixel\u016f, Vym\u011bniteln\u00e1 18650 baterie, Detek\u010dn\u00ed dosah p\u0159ibli\u017en\u011b 1800 metr\u016f, velk\u00e9 z\u00e1kladn\u00ed zv\u011bt\u0161en\u00ed pro lov v ter\u00e9nu, kompaktn\u00ed design.<\/p>\n","protected":false},"featured_media":678299,"template":"","meta":{"_acf_changed":false},"product_brand":[14444],"product_cat":[12680,369],"product_tag":[],"class_list":{"0":"post-678118","1":"product","2":"type-product","3":"status-publish","4":"has-post-thumbnail","6":"product_brand-nocpix","7":"product_cat-termalni","8":"product_cat-uncategorized","10":"first","11":"instock","12":"taxable","13":"shipping-taxable","14":"purchasable","15":"product-type-simple"},"acf":[],"_links":{"self":[{"href":"https:\/\/nbg.eu\/cs\/wp-json\/wp\/v2\/product\/678118","targetHints":{"allow":["GET"]}}],"collection":[{"href":"https:\/\/nbg.eu\/cs\/wp-json\/wp\/v2\/product"}],"about":[{"href":"https:\/\/nbg.eu\/cs\/wp-json\/wp\/v2\/types\/product"}],"wp:featuredmedia":[{"embeddable":true,"href":"https:\/\/nbg.eu\/cs\/wp-json\/wp\/v2\/media\/678299"}],"wp:attachment":[{"href":"https:\/\/nbg.eu\/cs\/wp-json\/wp\/v2\/media?parent=678118"}],"wp:term":[{"taxonomy":"product_brand","embeddable":true,"href":"https:\/\/nbg.eu\/cs\/wp-json\/wp\/v2\/product_brand?post=678118"},{"taxonomy":"product_cat","embeddable":true,"href":"https:\/\/nbg.eu\/cs\/wp-json\/wp\/v2\/product_cat?post=678118"},{"taxonomy":"product_tag","embeddable":true,"href":"https:\/\/nbg.eu\/cs\/wp-json\/wp\/v2\/product_tag?post=678118"}],"curies":[{"name":"wp","href":"https:\/\/api.w.org\/{rel}","templated":true}]}}