{"id":678357,"date":"2025-11-18T18:19:28","date_gmt":"2025-11-18T15:19:28","guid":{"rendered":"https:\/\/nbg.eu\/product\/nocni-pixely-na-urovni-35r-rozliseni-384x288-tepelna-citlivost-15mk\/"},"modified":"2026-04-14T15:47:04","modified_gmt":"2026-04-14T12:47:04","slug":"nocni-pixely-na-urovni-35r-rozliseni-384x288-tepelna-citlivost-15mk","status":"publish","type":"product","link":"https:\/\/nbg.eu\/cs\/produkt\/nocni-pixely-na-urovni-35r-rozliseni-384x288-tepelna-citlivost-15mk\/","title":{"rendered":"Nocpix Term\u00e1ln\u00ed Dalekohled Quest L35R"},"content":{"rendered":"<h2>Nocpix Quest L35R 384&#215;288 NETD \u226415mK: Odhalte svou termovizn\u00ed schopnost<\/h2>\n<p>QUEST je lehk\u00fd a p\u0159enosn\u00fd, s detek\u010dn\u00edm dosahem a\u017e 2600 m a vestav\u011bn\u00fdm skryt\u00fdm d\u00e1lkom\u011brem s dosahem 1000 m pro vysokou p\u0159esnost a viditelnost. Jeho tradi\u010dn\u00ed konstrukce dalekohledu m\u00e1 kompletn\u00ed gumov\u00fd kryt a stupe\u0148 kryt\u00ed IP67 pro odolnost a pohodl\u00ed v n\u00e1ro\u010dn\u00fdch podm\u00ednk\u00e1ch. Vybaven\u00fd vysoce v\u00fdkonn\u00fdm sn\u00edma\u010dem 640&#215;512 (NETD \u226415mK, 60 Hz) poskytuje QUEST mimo\u0159\u00e1dnou jasnost obrazu, vynikaj\u00edc\u00ed tepelnou citlivost a bezprobl\u00e9mov\u00fd provoz v n\u00e1ro\u010dn\u00e9m prost\u0159ed\u00ed.<\/p>\n<h2>V\u00fdjime\u010dn\u00e1 kvalita a jasnost obrazu<\/h2>\n<p>Nocpix QUEST m\u00e1 vylep\u0161en\u00ed obrazu R+ pro vynikaj\u00edc\u00ed jasnost a p\u0159esnost, spolu s displejem AMOLED 1920&#215;1200 pro z\u00e1\u017eitkov\u00e9 a p\u0159\u00edjemn\u00e9 sledov\u00e1n\u00ed.<\/p>\n<h2>Vynikaj\u00edc\u00ed senzor pro excelenci<\/h2>\n<p>Nocpix QUEST je vybaven vysoce v\u00fdkonn\u00fdm sn\u00edma\u010dem (640&#215;512@12\u00b5m), kter\u00fd zaji\u0161\u0165uje mimo\u0159\u00e1dnou jasnost obrazu. S NETD \u226415mK a sn\u00edmkovou frekvenc\u00ed 60 Hz poskytuje vynikaj\u00edc\u00ed tepelnou citlivost, kter\u00e1 umo\u017e\u0148uje jasn\u00e9 a p\u0159ehledn\u00e9 sn\u00edmky i v nejn\u00e1ro\u010dn\u011bj\u0161\u00edch podm\u00ednk\u00e1ch.<\/p>\n<h2>V\u00fdkonn\u00e9 detek\u010dn\u00ed schopnosti<\/h2>\n<p>Nocpix QUEST m\u00e1 detek\u010dn\u00ed rozsah a\u017e 2600 m a vestav\u011bn\u00fd skryt\u00fd d\u00e1lkom\u011br s dosahem a\u017e 1000 m, co\u017e v\u00e1m umo\u017en\u00ed vid\u011bt d\u00e1l a p\u0159esn\u011bji ne\u017e kdykoliv p\u0159edt\u00edm. Podporuje tak\u00e9 balistick\u00e9 v\u00fdpo\u010dty, poskytuj\u00edc\u00ed datovou podporu pro spolupr\u00e1ci p\u0159i lovu.<\/p>\n<h2>Ergonomick\u00e9 ovl\u00e1d\u00e1n\u00ed jednou rukou<\/h2>\n<p>Nocpix QUEST nab\u00edz\u00ed ergonomickou, neklouzavou manipulaci s jednoduch\u00fdm 4-tla\u010d\u00edtkov\u00fdm rozvr\u017een\u00edm a centr\u00e1ln\u011b um\u00edst\u011bn\u00fdmi kole\u010dky pro snadn\u00e9 ovl\u00e1d\u00e1n\u00ed jednou rukou a bezpe\u010dn\u00fd \u00fachop za v\u0161ech podm\u00ednek.<\/p>\n<h2>Lehk\u00fd a p\u0159enosn\u00fd<\/h2>\n<p>QUEST v\u00e1\u017e\u00ed pouh\u00fdch 700 g a obsahuje speci\u00e1ln\u00ed p\u0159epravn\u00ed ta\u0161ku, co\u017e zaji\u0161\u0165uje snadnou p\u0159enosnost a pohodl\u00ed pro venkovn\u00ed aktivity, jako je lov a pr\u016fzkum.<\/p>\n<h2>Spolehliv\u00fd v\u00fdkon nap\u00e1jen\u00ed<\/h2>\n<p>S\u00e9rie QUEST m\u00e1 dvojit\u00fd syst\u00e9m bateri\u00ed s integrovanou a vym\u011bnitelnou bateri\u00ed 18650, co\u017e zaji\u0161\u0165uje bezprobl\u00e9movou v\u00fdm\u011bnu a nep\u0159etr\u017eit\u00e9 pou\u017e\u00edv\u00e1n\u00ed b\u011bhem va\u0161\u00ed dobrodru\u017estv\u00ed.<\/p>\n<h2>Odoln\u00fd a pohodln\u00fd design<\/h2>\n<p>QUEST m\u00e1 tradi\u010dn\u00ed konstrukci dalekohledu s sofistikovan\u00fdm kompletn\u00edm gumov\u00fdm povrchem a kryt\u00edm IP67 pro odolnost proti vod\u011b a prachu, zaji\u0161\u0165uj\u00edc\u00ed jak odolnost, tak celkov\u00e9 pohodl\u00ed.<\/p>\n","protected":false},"excerpt":{"rendered":"<p>Nocpix QUEST L35R 384&#215;288 NETD &lt;15mK: Lehk\u00fd, p\u0159enosn\u00fd termovizn\u00ed dalekohled s dosahem detekce 2600 m, vestav\u011bn\u00fdm laserov\u00fdm d\u00e1lkom\u011brem 1000 m a v\u00fdjime\u010dnou kvalitou obrazu.<\/p>\n<p>Pokud polo\u017eka nen\u00ed k dispozici, kontaktujte n\u00e1s pros\u00edm: shop@nbg.eu nebo +359896147790<\/p><\/p>\n","protected":false},"featured_media":678376,"template":"","meta":{"_acf_changed":false},"product_brand":[14444],"product_cat":[14677,12680,16064],"product_tag":[],"class_list":{"0":"post-678357","1":"product","2":"type-product","3":"status-publish","4":"has-post-thumbnail","6":"product_brand-nocpix","7":"product_cat-dalekohledy","8":"product_cat-termalni","9":"product_cat-thermal-cameras-cs","11":"first","12":"instock","13":"taxable","14":"shipping-taxable","15":"purchasable","16":"product-type-simple"},"acf":[],"_links":{"self":[{"href":"https:\/\/nbg.eu\/cs\/wp-json\/wp\/v2\/product\/678357","targetHints":{"allow":["GET"]}}],"collection":[{"href":"https:\/\/nbg.eu\/cs\/wp-json\/wp\/v2\/product"}],"about":[{"href":"https:\/\/nbg.eu\/cs\/wp-json\/wp\/v2\/types\/product"}],"wp:featuredmedia":[{"embeddable":true,"href":"https:\/\/nbg.eu\/cs\/wp-json\/wp\/v2\/media\/678376"}],"wp:attachment":[{"href":"https:\/\/nbg.eu\/cs\/wp-json\/wp\/v2\/media?parent=678357"}],"wp:term":[{"taxonomy":"product_brand","embeddable":true,"href":"https:\/\/nbg.eu\/cs\/wp-json\/wp\/v2\/product_brand?post=678357"},{"taxonomy":"product_cat","embeddable":true,"href":"https:\/\/nbg.eu\/cs\/wp-json\/wp\/v2\/product_cat?post=678357"},{"taxonomy":"product_tag","embeddable":true,"href":"https:\/\/nbg.eu\/cs\/wp-json\/wp\/v2\/product_tag?post=678357"}],"curies":[{"name":"wp","href":"https:\/\/api.w.org\/{rel}","templated":true}]}}