{"id":679449,"date":"2025-11-18T18:19:37","date_gmt":"2025-11-18T15:19:37","guid":{"rendered":"https:\/\/nbg.eu\/product\/nocpix-quest-h50r-lrf-640x512-netd-15mk\/"},"modified":"2026-04-14T15:47:00","modified_gmt":"2026-04-14T12:47:00","slug":"nocpix-quest-h50r-lrf-640x512-netd-15mk","status":"publish","type":"product","link":"https:\/\/nbg.eu\/cs\/produkt\/nocpix-quest-h50r-lrf-640x512-netd-15mk\/","title":{"rendered":"Nocpix Term\u00e1ln\u00ed Dalekohled Quest H50R LRF"},"content":{"rendered":"<h2>Nocpix Quest H50R LRF 640&#215;512 NETD \u226415mK<\/h2>\n<p>QUEST je lehk\u00fd a p\u0159enosn\u00fd, nab\u00edzej\u00edc\u00ed detek\u010dn\u00ed dosah a\u017e 2600m a vestav\u011bn\u00fd skryt\u00fd LRF s dosahem 1000m pro vy\u0161\u0161\u00ed p\u0159esnost a viditelnost. Jeho tradi\u010dn\u00ed konstrukce dalekohledu m\u00e1 pln\u00e9 gumov\u00e9 kryt\u00ed a hodnocen\u00ed IP67 pro odolnost a pohodl\u00ed v n\u00e1ro\u010dn\u00fdch podm\u00ednk\u00e1ch. Vybaven\u00fd vysokov\u00fdkonn\u00fdm 640&#215;512 senzorem (NETD \u226415mK, 60Hz), QUEST poskytuje vynikaj\u00edc\u00ed obrazovou ostrost, vynikaj\u00edc\u00ed tepelnou citlivost a bezprobl\u00e9mov\u00fd provoz v n\u00e1ro\u010dn\u00fdch prost\u0159ed\u00edch.<\/p>\n<h2>Tepeln\u00fd senzor<\/h2>\n<p>Nocpix QUEST obsahuje vylep\u0161en\u00ed obrazu R+ pro vy\u0161\u0161\u00ed ostrost a p\u0159esnost, v kombinaci s 1920&#215;1200 AMOLED displejem pro pono\u0159uj\u00edc\u00ed, p\u0159\u00edjemn\u00fd z\u00e1\u017eitek z prohl\u00ed\u017een\u00ed.<\/p>\n<h2>Vynikaj\u00edc\u00ed senzor zaji\u0161\u0165uje excelenci<\/h2>\n<p>Nocpix QUEST je vybaven vysokov\u00fdkonn\u00fdm senzorem (640&#215;512@12\u00b5m), kter\u00fd poskytuje vynikaj\u00edc\u00ed obrazovou ostrost. S NETD \u226415mK a frekvenc\u00ed sn\u00edm\u00e1n\u00ed 60Hz poskytuje vynikaj\u00edc\u00ed tepelnou citlivost, d\u00edky \u010demu\u017e poskytuje jasn\u00e9 a vizu\u00e1ln\u00ed obrazy i v t\u011bch nejt\u011b\u017e\u0161\u00edch podm\u00ednk\u00e1ch.<\/p>\n<h2>V\u00fdkonn\u00e9 detek\u010dn\u00ed schopnosti<\/h2>\n<p>Nocpix QUEST m\u00e1 detek\u010dn\u00ed dosah a\u017e 2600 m a vestav\u011bn\u00fd skryt\u00fd LRF s dosahem a\u017e 1000 m, co\u017e v\u00e1m umo\u017en\u00ed vid\u011bt d\u00e1le a p\u0159esn\u011bji ne\u017e kdykoliv p\u0159edt\u00edm. Podporuje tak\u00e9 balistick\u00e9 v\u00fdpo\u010dty, kter\u00e9 poskytuj\u00ed datovou podporu pro kooperativn\u00ed lov.<\/p>\n<h2>Jednoru\u010dn\u00ed ovl\u00e1d\u00e1n\u00ed<\/h2>\n<p>Nocpix QUEST nab\u00edz\u00ed ergonomickou, neklouzavou manipulaci se zjednodu\u0161en\u00fdm 4tla\u010d\u00edtkov\u00fdm rozvr\u017een\u00edm a centr\u00e1ln\u011b um\u00edst\u011bn\u00fdmi kole\u010dky pro snadn\u00e9 jednoru\u010dn\u00ed ovl\u00e1d\u00e1n\u00ed a bezpe\u010dn\u00fd \u00fachop za v\u0161ech podm\u00ednek.<\/p>\n<h2>Lehk\u00fd a p\u0159enosn\u00fd<\/h2>\n<p>QUEST v\u00e1\u017e\u00ed pouze 700g a obsahuje speci\u00e1ln\u00ed p\u0159enosnou ta\u0161ku, co\u017e nab\u00edz\u00ed snadnou p\u0159enosnost a pohodl\u00ed pro venkovn\u00ed aktivity, jako je lov a pr\u016fzkum.<\/p>\n<h2>Eliminujte obavy z nap\u00e1jen\u00ed<\/h2>\n<p>\u0158ada QUEST m\u00e1 du\u00e1ln\u00ed syst\u00e9m bateri\u00ed s integrovanou a vym\u011bnitelnou 18650 bateri\u00ed, co\u017e zaji\u0161\u0165uje bezprobl\u00e9movou v\u00fdm\u011bnu a nep\u0159etr\u017eit\u00e9 pou\u017e\u00edv\u00e1n\u00ed b\u011bhem va\u0161\u00ed dobrodru\u017estv\u00ed.<\/p>\n<h2>Tradi\u010dn\u00ed z\u00e1\u017eitek z dalekohledu<\/h2>\n<p>QUEST m\u00e1 tradi\u010dn\u00ed konstrukci dalekohledu s propracovan\u00fdm pln\u011b gumov\u00fdm povrchem a hodnocen\u00edm IP67 pro odolnost proti vod\u011b a prachu, co\u017e zaji\u0161\u0165uje jak trvanlivost, tak celkov\u00e9 pohodl\u00ed.<\/p>\n","protected":false},"excerpt":{"rendered":"<p>Nocpix Quest H50R LRF 640&#215;512 NETD &lt;15mK: Lehk\u00fd, p\u0159enosn\u00fd termovizn\u00ed p\u0159\u00edstroj s detek\u010dn\u00edm dosahem 2600 m, 1000m d\u00e1lkom\u011brem a vynikaj\u00edc\u00edm senzorem 640&#215;512.<\/p>\n<p>Pokud polo\u017eka nen\u00ed k dispozici, kontaktujte n\u00e1s pros\u00edm: shop@nbg.eu nebo +359896147790<\/p><\/p>\n","protected":false},"featured_media":679505,"template":"","meta":{"_acf_changed":false},"product_brand":[14444],"product_cat":[14677,12680,16064],"product_tag":[],"class_list":{"0":"post-679449","1":"product","2":"type-product","3":"status-publish","4":"has-post-thumbnail","6":"product_brand-nocpix","7":"product_cat-dalekohledy","8":"product_cat-termalni","9":"product_cat-thermal-cameras-cs","11":"first","12":"instock","13":"taxable","14":"shipping-taxable","15":"purchasable","16":"product-type-simple"},"acf":[],"_links":{"self":[{"href":"https:\/\/nbg.eu\/cs\/wp-json\/wp\/v2\/product\/679449","targetHints":{"allow":["GET"]}}],"collection":[{"href":"https:\/\/nbg.eu\/cs\/wp-json\/wp\/v2\/product"}],"about":[{"href":"https:\/\/nbg.eu\/cs\/wp-json\/wp\/v2\/types\/product"}],"wp:featuredmedia":[{"embeddable":true,"href":"https:\/\/nbg.eu\/cs\/wp-json\/wp\/v2\/media\/679505"}],"wp:attachment":[{"href":"https:\/\/nbg.eu\/cs\/wp-json\/wp\/v2\/media?parent=679449"}],"wp:term":[{"taxonomy":"product_brand","embeddable":true,"href":"https:\/\/nbg.eu\/cs\/wp-json\/wp\/v2\/product_brand?post=679449"},{"taxonomy":"product_cat","embeddable":true,"href":"https:\/\/nbg.eu\/cs\/wp-json\/wp\/v2\/product_cat?post=679449"},{"taxonomy":"product_tag","embeddable":true,"href":"https:\/\/nbg.eu\/cs\/wp-json\/wp\/v2\/product_tag?post=679449"}],"curies":[{"name":"wp","href":"https:\/\/api.w.org\/{rel}","templated":true}]}}