{"id":681052,"date":"2025-12-17T14:06:52","date_gmt":"2025-12-17T11:06:52","guid":{"rendered":"https:\/\/nbg.eu\/product\/manly-peak-g10-cerna-cpm-s90v\/"},"modified":"2026-01-21T11:41:29","modified_gmt":"2026-01-21T08:41:29","slug":"manly-peak-g10-cerna-cpm-s90v","status":"publish","type":"product","link":"https:\/\/nbg.eu\/cs\/produkt\/manly-peak-g10-cerna-cpm-s90v\/","title":{"rendered":"Manly PEAK G10 \u010cERN\u00c1 CPM S90V"},"content":{"rendered":"<h2>Manly PEAK G10 \u010cERN\u00c1 CPM S90V &#8211; Vynikaj\u00edc\u00ed jednoduch\u00e1 skl\u00e1dac\u00ed n\u016f\u017e<\/h2>\n<p>Za\u017eijte v\u00fdjime\u010dn\u00fd skl\u00e1dac\u00ed n\u016f\u017e Manly PEAK G10 \u010cERN\u00c1 CPM S90V, jedine\u010dn\u00fd a v\u0161estrann\u00fd n\u00e1stroj navr\u017een\u00fd pro r\u016fzn\u00e9 aktivity. Na rozd\u00edl od modelu Comrade m\u00e1 tento n\u016f\u017e ohromuj\u00edc\u00ed design, kter\u00fd z n\u011bj d\u011bl\u00e1 dokonal\u00e9ho spole\u010dn\u00edka pro jak\u00fdkoli \u00fakol.<\/p>\n<p>K dispozici jsou dv\u011b odli\u0161n\u00e9 verze, PEAK nab\u00edz\u00ed pohodl\u00ed otev\u00edr\u00e1n\u00ed jednou nebo ob\u011bma rukama, podle osobn\u00edch preferenc\u00ed. Vyroben\u00fd s preciznost\u00ed, \u010depel je vyrobena z vysoce v\u00fdkonn\u00e9 oceli CPM S90V, zaji\u0161\u0165uj\u00edc\u00ed mimo\u0159\u00e1dnou udr\u017eitelnost ost\u0159\u00ed a odolnost proti korozi.<\/p>\n<p>Odoln\u00e1 rukoje\u0165 z G10 poskytuje bezpe\u010dn\u00fd a pohodln\u00fd \u00fachop, co\u017e z PEAKu d\u011bl\u00e1 spolehlivou volbu pro ka\u017edodenn\u00ed no\u0161en\u00ed nebo outdoorov\u00e9 aktivity. S jeho mechanismem otv\u00edr\u00e1n\u00ed palcem a manu\u00e1ln\u00edm z\u00e1mkov\u00fdm syst\u00e9mem Backlock tento n\u016f\u017e nab\u00edz\u00ed bezprobl\u00e9movou jednoru\u010dn\u00ed obsluhu, d\u00edky kter\u00e9 m\u016f\u017eete s lehkost\u00ed zvl\u00e1dat sv\u00e9 \u00fakoly.<\/p>\n<p>V\u00e1\u017e\u00edc\u00ed pouze 115 gram\u016f je PEAK lehk\u00fd, ale z\u00e1rove\u0148 odoln\u00fd n\u00e1stroj, kter\u00fd v\u00e1s nebude zat\u011b\u017eovat. A\u0165 u\u017e jste outdoorov\u00fd nad\u0161enec, taktick\u00fd oper\u00e1tor nebo jen n\u011bkdo, kdo hled\u00e1 v\u0161estrann\u00fd a dob\u0159e navr\u017een\u00fd skl\u00e1dac\u00ed n\u016f\u017e, Manly PEAK G10 \u010cERN\u00c1 CPM S90V je \u0159e\u0161en\u00ed.<\/p>\n","protected":false},"excerpt":{"rendered":"<p>PEAK CPM S90V \u010dern\u00fd n\u016f\u017e na jednu ruku, skv\u011bl\u00fd design pro jak\u00e9koliv aktivity.<\/p>\n","protected":false},"featured_media":681114,"template":"","meta":{"_acf_changed":false},"product_brand":[15077],"product_cat":[12694,15380,15362],"product_tag":[],"class_list":{"0":"post-681052","1":"product","2":"type-product","3":"status-publish","4":"has-post-thumbnail","6":"product_brand-manly-knives","7":"product_cat-edc","8":"product_cat-folding-knives-sk","9":"product_cat-knives-cs","11":"first","12":"outofstock","13":"taxable","14":"shipping-taxable","15":"purchasable","16":"product-type-simple"},"acf":[],"_links":{"self":[{"href":"https:\/\/nbg.eu\/cs\/wp-json\/wp\/v2\/product\/681052","targetHints":{"allow":["GET"]}}],"collection":[{"href":"https:\/\/nbg.eu\/cs\/wp-json\/wp\/v2\/product"}],"about":[{"href":"https:\/\/nbg.eu\/cs\/wp-json\/wp\/v2\/types\/product"}],"wp:featuredmedia":[{"embeddable":true,"href":"https:\/\/nbg.eu\/cs\/wp-json\/wp\/v2\/media\/681114"}],"wp:attachment":[{"href":"https:\/\/nbg.eu\/cs\/wp-json\/wp\/v2\/media?parent=681052"}],"wp:term":[{"taxonomy":"product_brand","embeddable":true,"href":"https:\/\/nbg.eu\/cs\/wp-json\/wp\/v2\/product_brand?post=681052"},{"taxonomy":"product_cat","embeddable":true,"href":"https:\/\/nbg.eu\/cs\/wp-json\/wp\/v2\/product_cat?post=681052"},{"taxonomy":"product_tag","embeddable":true,"href":"https:\/\/nbg.eu\/cs\/wp-json\/wp\/v2\/product_tag?post=681052"}],"curies":[{"name":"wp","href":"https:\/\/api.w.org\/{rel}","templated":true}]}}