{"id":681158,"date":"2026-01-08T18:14:00","date_gmt":"2026-01-08T15:14:00","guid":{"rendered":"https:\/\/nbg.eu\/product\/manly-peak-black-14c28n\/"},"modified":"2026-01-21T11:41:25","modified_gmt":"2026-01-21T08:41:25","slug":"manly-peak-black-14c28n","status":"publish","type":"product","link":"https:\/\/nbg.eu\/cs\/produkt\/manly-peak-black-14c28n\/","title":{"rendered":"Manly PEAK BLACK 14C28N"},"content":{"rendered":"<h2>Manly PEAK BLACK 14C28N \u2013 B\u011b\u017en\u00e1 ka\u017edodenn\u00ed kapesn\u00ed n\u016f\u017e<\/h2>\n<p>Pokra\u010duj\u00edce v tradici Manly poskytovat cenov\u011b p\u0159\u00edstupn\u00e9, vysoce kvalitn\u00ed kapesn\u00ed no\u017ee, je PEAK \u2013 14C28N Black (jednoru\u010dn\u00ed) zt\u011blesn\u011bn\u00ed v\u0161estrannosti a prakti\u010dnosti. Vyroben\u00fd s preciznost\u00ed, tento skl\u00e1dac\u00ed n\u016f\u017e m\u00e1 \u010depel z oceli 14C28N a rukoje\u0165 z G10, zaji\u0161\u0165uj\u00edc\u00ed trvanliv\u00fd a spolehliv\u00fd \u0159ezn\u00fd n\u00e1stroj pro ka\u017edodenn\u00ed \u00fakoly.<\/p>\n<p>Navr\u017een\u00fd pro oboustrann\u00e9 pou\u017eit\u00ed, reverzibiln\u00ed klip umo\u017e\u0148uje snadn\u00fd p\u0159\u00edstup pro prav\u00e1ky i lev\u00e1ky, co\u017e z n\u011bj \u010din\u00ed perfektn\u00edho spole\u010dn\u00edka bez ohledu na to, jestli jste prav\u00e1k nebo lev\u00e1k. Z\u00e1mek na zadn\u00ed stran\u011b poskytuje bezpe\u010dn\u00e9 a spolehliv\u00e9 zaji\u0161t\u011bn\u00ed, zaji\u0161\u0165uj\u00edc\u00ed, \u017ee \u010depel z\u016fstane na m\u00edst\u011b b\u011bhem pou\u017eit\u00ed.<\/p>\n<p>S celkovou d\u00e9lkou 22 cm a d\u00e9lkou \u010depele 9,4 cm nab\u00edz\u00ed PEAK \u2013 14C28N Black (jednoru\u010dn\u00ed) pohodlnou a zvladatelnou velikost, kter\u00e1 je ide\u00e1ln\u00ed pro \u0161irokou \u0161k\u00e1lu aplikac\u00ed, od venkovn\u00edch dobrodru\u017estv\u00ed po ka\u017edodenn\u00ed u\u017eitn\u00e9 \u00fakoly. S hmotnost\u00ed 115 g tento n\u016f\u017e udr\u017euje perfektn\u00ed rovnov\u00e1hu mezi vahou a p\u0159enosnost\u00ed, \u010din\u00edc jej spolehlivou a v\u0161estrannou volbou pro ka\u017edodenn\u00ed no\u0161en\u00ed.<\/p>\n<p>S matov\u011b brou\u0161enou \u010depel\u00ed 14C28N a elegantn\u00ed \u010dernou rukojet\u00ed z G10 nejen, \u017ee PEAK \u2013 14C28N Black (jednoru\u010dn\u00ed) vynik\u00e1 vynikaj\u00edc\u00edm v\u00fdkonem, ale tak\u00e9 se m\u016f\u017ee pochlubit stylov\u00fd a modern\u00edm vzhledem, kter\u00fd dopln\u00ed jak\u00fdkoliv osobn\u00ed styl. A\u0165 u\u017e jste outdoorov\u00fd nad\u0161enec, dom\u00e1c\u00ed kutil nebo pouze n\u011bkdo, kdo ocen\u00ed dob\u0159e vyroben\u00fd n\u00e1stroj, Manly PEAK \u2013 14C28N Black (jednoru\u010dn\u00ed) je dokonal\u00fdm dopl\u0148kem va\u0161\u00ed ka\u017edodenn\u00ed v\u00fdbavy.<\/p>\n","protected":false},"excerpt":{"rendered":"<p>Manly PEAK BLACK 14C28N &#8211; Cenov\u011b dostupn\u00fd kapesn\u00ed n\u016f\u017e se \u0161v\u00e9dskou ocel\u00ed 14C28N, obousm\u011brnou sponou a zadn\u00edm z\u00e1mkem.<\/p>\n","protected":false},"featured_media":685036,"template":"","meta":{"_acf_changed":false},"product_brand":[15077],"product_cat":[12694],"product_tag":[],"class_list":{"0":"post-681158","1":"product","2":"type-product","3":"status-publish","4":"has-post-thumbnail","6":"product_brand-manly-knives","7":"product_cat-edc","9":"first","10":"instock","11":"taxable","12":"shipping-taxable","13":"purchasable","14":"product-type-simple"},"acf":[],"_links":{"self":[{"href":"https:\/\/nbg.eu\/cs\/wp-json\/wp\/v2\/product\/681158","targetHints":{"allow":["GET"]}}],"collection":[{"href":"https:\/\/nbg.eu\/cs\/wp-json\/wp\/v2\/product"}],"about":[{"href":"https:\/\/nbg.eu\/cs\/wp-json\/wp\/v2\/types\/product"}],"wp:featuredmedia":[{"embeddable":true,"href":"https:\/\/nbg.eu\/cs\/wp-json\/wp\/v2\/media\/685036"}],"wp:attachment":[{"href":"https:\/\/nbg.eu\/cs\/wp-json\/wp\/v2\/media?parent=681158"}],"wp:term":[{"taxonomy":"product_brand","embeddable":true,"href":"https:\/\/nbg.eu\/cs\/wp-json\/wp\/v2\/product_brand?post=681158"},{"taxonomy":"product_cat","embeddable":true,"href":"https:\/\/nbg.eu\/cs\/wp-json\/wp\/v2\/product_cat?post=681158"},{"taxonomy":"product_tag","embeddable":true,"href":"https:\/\/nbg.eu\/cs\/wp-json\/wp\/v2\/product_tag?post=681158"}],"curies":[{"name":"wp","href":"https:\/\/api.w.org\/{rel}","templated":true}]}}