{"id":681304,"date":"2025-12-17T14:50:21","date_gmt":"2025-12-17T11:50:21","guid":{"rendered":"https:\/\/nbg.eu\/product\/manly-patriot-m-green-rwl-34\/"},"modified":"2026-01-21T11:39:47","modified_gmt":"2026-01-21T08:39:47","slug":"manly-patriot-m-green-rwl-34","status":"publish","type":"product","link":"https:\/\/nbg.eu\/cs\/produkt\/manly-patriot-m-green-rwl-34\/","title":{"rendered":"Manly PATRIOT M.GREEN RWL-34"},"content":{"rendered":"<h2>Manly PATRIOT M.GREEN RWL-34 \u2013 V\u0161estrann\u00fd n\u016f\u017e s pevnou \u010depel\u00ed pro ka\u017edodenn\u00ed no\u0161en\u00ed<\/h2>\n<p>S modelem PATRIOT \u2013 RWL-34 Military Green p\u0159edstavuje Manly pevnou verzi sv\u00e9 \u00fasp\u011b\u0161n\u00e9 skl\u00e1dac\u00ed no\u017ee Comrade. S t\u00e9m\u011b\u0159 stejn\u00fdmi rozm\u011bry je PATRIOT perfektn\u00ed volbou pro ka\u017edodenn\u00ed pou\u017eit\u00ed, lov a kempov\u00e1n\u00ed. S \u010depel\u00ed z pr\u00e9miov\u00e9 oceli RWL-34 s matn\u00fdm povrchem kombinuje tento n\u016f\u017e trvanlivost a \u0159ezn\u00fd v\u00fdkon. Vyroben\u00fd bu\u010f s rukojet\u00ed z G10, nebo z o\u0159echov\u00e9ho d\u0159eva, PATRIOT nab\u00edz\u00ed pohodln\u00fd a bezpe\u010dn\u00fd \u00fachop, kter\u00fd zaji\u0161\u0165uje sebejist\u00e9 ovl\u00e1d\u00e1n\u00ed v r\u016fzn\u00fdch situac\u00edch.<\/p>\n<p>S celkovou d\u00e9lkou 21 cm a \u010depel\u00ed dlouhou 9,1 cm je PATRIOT kompaktn\u00edm a v\u0161estrann\u00fdm n\u00e1strojem. Jeho 4 mm siln\u00e1 \u010depel poskytuje dostatek s\u00edly a tuhosti, zat\u00edmco celkov\u00e1 hmotnost 126 g zaji\u0161\u0165uje dob\u0159e vyv\u00e1\u017een\u00fd pocit. Chr\u00e1n\u011bn odoln\u00fdm pouzdrem z kydexu je PATRIOT spolehliv\u00fdm spole\u010dn\u00edkem pro p\u0159\u00edznivce venkovn\u00edch aktivit i nad\u0161ence do ka\u017edodenn\u00edho no\u0161en\u00ed.<\/p>\n","protected":false},"excerpt":{"rendered":"<p>Mu\u017en\u00fd PATRIOT M.GREEN RWL-34 &#8211; pevn\u00e1 vojensk\u00e1 zelen\u00e1 n\u016f\u017e s \u010depel\u00ed z oceli RWL-34 a rukojet\u00ed G10.<\/p>\n","protected":false},"featured_media":681511,"template":"","meta":{"_acf_changed":false},"product_brand":[15077],"product_cat":[2876],"product_tag":[],"class_list":{"0":"post-681304","1":"product","2":"type-product","3":"status-publish","4":"has-post-thumbnail","6":"product_brand-manly-knives","7":"product_cat-rahohvatki","9":"first","10":"instock","11":"taxable","12":"shipping-taxable","13":"purchasable","14":"product-type-simple"},"acf":[],"_links":{"self":[{"href":"https:\/\/nbg.eu\/cs\/wp-json\/wp\/v2\/product\/681304","targetHints":{"allow":["GET"]}}],"collection":[{"href":"https:\/\/nbg.eu\/cs\/wp-json\/wp\/v2\/product"}],"about":[{"href":"https:\/\/nbg.eu\/cs\/wp-json\/wp\/v2\/types\/product"}],"wp:featuredmedia":[{"embeddable":true,"href":"https:\/\/nbg.eu\/cs\/wp-json\/wp\/v2\/media\/681511"}],"wp:attachment":[{"href":"https:\/\/nbg.eu\/cs\/wp-json\/wp\/v2\/media?parent=681304"}],"wp:term":[{"taxonomy":"product_brand","embeddable":true,"href":"https:\/\/nbg.eu\/cs\/wp-json\/wp\/v2\/product_brand?post=681304"},{"taxonomy":"product_cat","embeddable":true,"href":"https:\/\/nbg.eu\/cs\/wp-json\/wp\/v2\/product_cat?post=681304"},{"taxonomy":"product_tag","embeddable":true,"href":"https:\/\/nbg.eu\/cs\/wp-json\/wp\/v2\/product_tag?post=681304"}],"curies":[{"name":"wp","href":"https:\/\/api.w.org\/{rel}","templated":true}]}}