{"id":681789,"date":"2025-12-17T15:55:16","date_gmt":"2025-12-17T12:55:16","guid":{"rendered":"https:\/\/nbg.eu\/product\/manly-city-orange-cpm-s90v\/"},"modified":"2026-01-21T12:29:09","modified_gmt":"2026-01-21T09:29:09","slug":"manly-city-orange-cpm-s90v","status":"publish","type":"product","link":"https:\/\/nbg.eu\/cs\/produkt\/manly-city-orange-cpm-s90v\/","title":{"rendered":"Manly City Orange CPM S90V"},"content":{"rendered":"<h2>Manly City CPM S90V &#8211; N\u016f\u017e pro ka\u017edodenn\u00ed no\u0161en\u00ed<\/h2>\n<p>Jak ji\u017e n\u00e1zev napov\u00edd\u00e1, Manly City CPM S90V je v\u00fdjime\u010dn\u00fd n\u016f\u017e pro ka\u017edodenn\u00ed no\u0161en\u00ed ve m\u011bst\u011b. P\u0159ich\u00e1z\u00ed s Manly filosofi\u00ed nab\u00eddky pe\u010dliv\u011b vybran\u00fdch pr\u00e9miov\u00fdch materi\u00e1l\u016f za rozumnou cenu. Celobrou\u0161en\u00e1 \u010depel je vyrobena z vysoce v\u00fdkonn\u00e9 oceli CPM S90V s tvrdost\u00ed 60-62 HRC, co\u017e zaji\u0161\u0165uje mimo\u0159\u00e1dnou udr\u017eitelnost ost\u0159\u00ed a odolnost proti korozi.<\/p>\n<p>Tento model je navr\u017een pro oboustrann\u00e9 pou\u017eit\u00ed a je vybaven reverzibiln\u00ed kapesn\u00ed sponou a dv\u011bma polohami \u010depu, co\u017e jej \u010din\u00ed vhodn\u00fdm jak pro lev\u00e1ky, tak i prav\u00e1ky. Rukoje\u0165 G10 poskytuje bezpe\u010dn\u00fd a pohodln\u00fd \u00fachop, zat\u00edmco jednoruk\u010dn\u00ed otev\u00edr\u00e1n\u00ed a zaji\u0161\u0165ovac\u00ed mechanismus zaji\u0161\u0165uj\u00ed spolehliv\u00fd provoz.<\/p>\n<p>S celkovou d\u00e9lkou 17,7 cm a d\u00e9lkou \u010depele 7,0 cm je Manly City CPM S90V v\u0161estrann\u00fd n\u016f\u017e pro ka\u017edodenn\u00ed no\u0161en\u00ed, kter\u00fd kombinuje pr\u00e9miov\u00e9 materi\u00e1ly, mimo\u0159\u00e1dn\u00fd v\u00fdkon a u\u017eivatelsky p\u0159\u00edv\u011btiv\u00e9 funkce. D\u00edky v\u00e1ze pouh\u00fdch 95 g je to lehk\u00fd a snadno p\u0159enosn\u00fd spole\u010dn\u00edk pro r\u016fzn\u00e9 ka\u017edodenn\u00ed \u00fakoly.<\/p>\n","protected":false},"excerpt":{"rendered":"<p>N\u016f\u017e na ka\u017edodenn\u00ed pou\u017eit\u00ed EDC. \u010cepel z oceli CPM S90V, rukoje\u0165 z G10, oboustrann\u00e1 kapsa, vhodn\u00fd pro prav\u00e1ky i lev\u00e1ky.<\/p>\n","protected":false},"featured_media":682089,"template":"","meta":{"_acf_changed":false},"product_brand":[15077],"product_cat":[12694],"product_tag":[],"class_list":{"0":"post-681789","1":"product","2":"type-product","3":"status-publish","4":"has-post-thumbnail","6":"product_brand-manly-knives","7":"product_cat-edc","9":"first","10":"instock","11":"taxable","12":"shipping-taxable","13":"purchasable","14":"product-type-simple"},"acf":[],"_links":{"self":[{"href":"https:\/\/nbg.eu\/cs\/wp-json\/wp\/v2\/product\/681789","targetHints":{"allow":["GET"]}}],"collection":[{"href":"https:\/\/nbg.eu\/cs\/wp-json\/wp\/v2\/product"}],"about":[{"href":"https:\/\/nbg.eu\/cs\/wp-json\/wp\/v2\/types\/product"}],"wp:featuredmedia":[{"embeddable":true,"href":"https:\/\/nbg.eu\/cs\/wp-json\/wp\/v2\/media\/682089"}],"wp:attachment":[{"href":"https:\/\/nbg.eu\/cs\/wp-json\/wp\/v2\/media?parent=681789"}],"wp:term":[{"taxonomy":"product_brand","embeddable":true,"href":"https:\/\/nbg.eu\/cs\/wp-json\/wp\/v2\/product_brand?post=681789"},{"taxonomy":"product_cat","embeddable":true,"href":"https:\/\/nbg.eu\/cs\/wp-json\/wp\/v2\/product_cat?post=681789"},{"taxonomy":"product_tag","embeddable":true,"href":"https:\/\/nbg.eu\/cs\/wp-json\/wp\/v2\/product_tag?post=681789"}],"curies":[{"name":"wp","href":"https:\/\/api.w.org\/{rel}","templated":true}]}}