{"id":682135,"date":"2026-01-08T18:13:52","date_gmt":"2026-01-08T15:13:52","guid":{"rendered":"https:\/\/nbg.eu\/product\/manly-mesto-vojenske-14c28n\/"},"modified":"2026-01-21T11:41:31","modified_gmt":"2026-01-21T08:41:31","slug":"manly-mesto-vojenske-14c28n","status":"publish","type":"product","link":"https:\/\/nbg.eu\/cs\/produkt\/manly-mesto-vojenske-14c28n\/","title":{"rendered":"Manly m\u011bsto Vojensk\u00e9 14C28N"},"content":{"rendered":"<h2>Manly City Military 14C28N: V\u00fdjime\u010dn\u00fd ka\u017edodenn\u00ed n\u016f\u017e<\/h2>\n<p>Manly City Military 14C28N je v\u00fdjime\u010dn\u00fd ka\u017edodenn\u00ed m\u011bstsk\u00fd n\u016f\u017e, kter\u00fd zt\u011bles\u0148uje na\u0161i filosofii nab\u00edzet pe\u010dliv\u011b vybran\u00e9 prim\u00e1rn\u00ed materi\u00e1ly za rozumnou cenu. S ploch\u00fdm ost\u0159\u00edm vyroben\u00fdm z oceli Sandvik 14C28N je tento model navr\u017een pro v\u0161estrannost a pohodl\u00ed.<\/p>\n<p>D\u00edky reverzibiln\u00ed sponn\u011b a dvojit\u00e9 poloze \u010depu je Manly City Military 14C28N vhodn\u00fd jak pro lev\u00e1ky, tak pro prav\u00e1ky, co\u017e zaji\u0161\u0165uje pohodln\u00fd a p\u0159izp\u016fsobiteln\u00fd \u00fachop. Materi\u00e1l rukojeti G10 poskytuje bezpe\u010dn\u00fd a trvanliv\u00fd \u00fachop, zat\u00edmco jedno\u010dinn\u00e9 otev\u00edr\u00e1n\u00ed a mechanismus z\u00e1mku na z\u00e1dech nab\u00edzej\u00ed hladk\u00fd a spolehliv\u00fd provoz.<\/p>\n<p>Technick\u00e9 specifikace:<\/p>\n<ul>\n<li>Model: CITY 14C28N Military Green Flat Handle<\/li>\n<li>Typ: Skl\u00e1dac\u00ed n\u016f\u017e<\/li>\n<li>Celkov\u00e1 d\u00e9lka: 17,7 cm<\/li>\n<li>D\u00e9lka \u010depele: 7,0 cm<\/li>\n<li>D\u00e9lka ve slo\u017een\u00e9m stavu: 10,5 cm<\/li>\n<li>Tlou\u0161\u0165ka \u010depele: 2,7 mm<\/li>\n<li>Hmotnost: 95 g<\/li>\n<li>Materi\u00e1l \u010depele: 14C28N<\/li>\n<li>Materi\u00e1l rukojeti: G10<\/li>\n<li>Otev\u00edr\u00e1n\u00ed: Palcov\u00fd hrot<\/li>\n<li>Otev\u00edr\u00e1n\u00ed: jednou rukou<\/li>\n<li>Typ z\u00e1mku: Z\u00e1mek na z\u00e1dech<\/li>\n<\/ul>\n","protected":false},"excerpt":{"rendered":"<p>Manly City Military 14C28N je vynikaj\u00edc\u00ed ka\u017edodenn\u00ed m\u011bstsk\u00fd n\u016f\u017e vyroben\u00fd z oceli Sandvik 14C28N a s rukojet\u00ed z G10, vhodn\u00fd pro lev\u00e1ky i prav\u00e1ky.<\/p>\n","protected":false},"featured_media":682329,"template":"","meta":{"_acf_changed":false},"product_brand":[15077],"product_cat":[12694],"product_tag":[],"class_list":{"0":"post-682135","1":"product","2":"type-product","3":"status-publish","4":"has-post-thumbnail","6":"product_brand-manly-knives","7":"product_cat-edc","9":"first","10":"instock","11":"taxable","12":"shipping-taxable","13":"purchasable","14":"product-type-simple"},"acf":[],"_links":{"self":[{"href":"https:\/\/nbg.eu\/cs\/wp-json\/wp\/v2\/product\/682135","targetHints":{"allow":["GET"]}}],"collection":[{"href":"https:\/\/nbg.eu\/cs\/wp-json\/wp\/v2\/product"}],"about":[{"href":"https:\/\/nbg.eu\/cs\/wp-json\/wp\/v2\/types\/product"}],"wp:featuredmedia":[{"embeddable":true,"href":"https:\/\/nbg.eu\/cs\/wp-json\/wp\/v2\/media\/682329"}],"wp:attachment":[{"href":"https:\/\/nbg.eu\/cs\/wp-json\/wp\/v2\/media?parent=682135"}],"wp:term":[{"taxonomy":"product_brand","embeddable":true,"href":"https:\/\/nbg.eu\/cs\/wp-json\/wp\/v2\/product_brand?post=682135"},{"taxonomy":"product_cat","embeddable":true,"href":"https:\/\/nbg.eu\/cs\/wp-json\/wp\/v2\/product_cat?post=682135"},{"taxonomy":"product_tag","embeddable":true,"href":"https:\/\/nbg.eu\/cs\/wp-json\/wp\/v2\/product_tag?post=682135"}],"curies":[{"name":"wp","href":"https:\/\/api.w.org\/{rel}","templated":true}]}}