{"id":682356,"date":"2026-01-09T22:09:00","date_gmt":"2026-01-09T19:09:00","guid":{"rendered":"https:\/\/nbg.eu\/product\/manly-city-g10-cerna-s90v\/"},"modified":"2026-01-21T12:28:45","modified_gmt":"2026-01-21T09:28:45","slug":"manly-city-g10-cerna-s90v","status":"publish","type":"product","link":"https:\/\/nbg.eu\/cs\/produkt\/manly-city-g10-cerna-s90v\/","title":{"rendered":"Manly City G10 \u010cern\u00e1 S90V"},"content":{"rendered":"<h2>Manly City G10 Black S90V: V\u00fdjime\u010dn\u00fd ka\u017edodenn\u00ed n\u016f\u017e pro no\u0161en\u00ed<\/h2>\n<p>Jak napov\u00edd\u00e1 jeho n\u00e1zev, Manly City G10 Black S90V je v\u00fdjime\u010dn\u00fd ka\u017edodenn\u00ed n\u016f\u017e pro m\u011bstsk\u00e9 pou\u017eit\u00ed. Vyrobeno podle na\u0161ich z\u00e1sad poskytovat u\u017eivatel\u016fm pe\u010dliv\u011b vybran\u00e9 pr\u00e9miov\u00e9 materi\u00e1ly za rozumnou cenu, tento skl\u00e1dac\u00ed n\u016f\u017e se py\u0161n\u00ed ploch\u00fdm ost\u0159\u00edm z oceli CPM S90V s tvrdost\u00ed Rockwell 60-62 HRC. Jeho reverzibiln\u00ed kapesn\u00ed spona a dvoj\u00ed poloha \u010depu ho \u010din\u00ed vhodn\u00fd pro prav\u00e1ky i lev\u00e1ky.<\/p>\n<p>Celkov\u00e1 d\u00e9lka no\u017ee je 17,7 cm, s ost\u0159\u00edm dlouh\u00fdm 7,0 cm a slo\u017eenou d\u00e9lkou 10,5 cm. \u010cepel m\u00e1 tlou\u0161\u0165ku 2,7 mm a v\u00e1\u017e\u00ed pouh\u00fdch 95 g. Rukoje\u0165 je vyrobena z odoln\u00e9ho 3D materi\u00e1lu G10 a n\u016f\u017e lze jednoruk\u00fdm ovl\u00e1d\u00e1n\u00edm otev\u0159\u00edt palcovou z\u00e1padkou. Spolehliv\u00fd zaji\u0161\u0165ovac\u00ed mechanismus zaji\u0161\u0165uje bezpe\u010dn\u00e9 a spolehliv\u00e9 vysunut\u00ed \u010depele.<\/p>\n<p>Dostupn\u00fd v elegantn\u00ed \u010dern\u00e9 barv\u011b, Manly City G10 Black S90V je dokonal\u00fdm spole\u010dn\u00edkem pro ka\u017edodenn\u00ed no\u0161en\u00ed, kombinuj\u00edc pr\u00e9miov\u00fd v\u00fdkon a kvalitn\u00ed konstrukci za dostupnou cenu.<\/p>\n","protected":false},"excerpt":{"rendered":"<p>V\u00fdjime\u010dn\u00fd ka\u017edodenn\u00ed m\u011bstsk\u00fd n\u016f\u017e s \u010depel\u00ed z oceli CPM S90V, 3D dr\u017eadlem z G10 a oboustrann\u00fdm klipem.<\/p>\n","protected":false},"featured_media":682577,"template":"","meta":{"_acf_changed":false},"product_brand":[15077],"product_cat":[12694,15380,15362],"product_tag":[],"class_list":{"0":"post-682356","1":"product","2":"type-product","3":"status-publish","4":"has-post-thumbnail","6":"product_brand-manly-knives","7":"product_cat-edc","8":"product_cat-folding-knives-sk","9":"product_cat-knives-cs","11":"first","12":"outofstock","13":"taxable","14":"shipping-taxable","15":"purchasable","16":"product-type-simple"},"acf":[],"_links":{"self":[{"href":"https:\/\/nbg.eu\/cs\/wp-json\/wp\/v2\/product\/682356","targetHints":{"allow":["GET"]}}],"collection":[{"href":"https:\/\/nbg.eu\/cs\/wp-json\/wp\/v2\/product"}],"about":[{"href":"https:\/\/nbg.eu\/cs\/wp-json\/wp\/v2\/types\/product"}],"wp:featuredmedia":[{"embeddable":true,"href":"https:\/\/nbg.eu\/cs\/wp-json\/wp\/v2\/media\/682577"}],"wp:attachment":[{"href":"https:\/\/nbg.eu\/cs\/wp-json\/wp\/v2\/media?parent=682356"}],"wp:term":[{"taxonomy":"product_brand","embeddable":true,"href":"https:\/\/nbg.eu\/cs\/wp-json\/wp\/v2\/product_brand?post=682356"},{"taxonomy":"product_cat","embeddable":true,"href":"https:\/\/nbg.eu\/cs\/wp-json\/wp\/v2\/product_cat?post=682356"},{"taxonomy":"product_tag","embeddable":true,"href":"https:\/\/nbg.eu\/cs\/wp-json\/wp\/v2\/product_tag?post=682356"}],"curies":[{"name":"wp","href":"https:\/\/api.w.org\/{rel}","templated":true}]}}