{"id":682587,"date":"2026-01-09T22:08:59","date_gmt":"2026-01-09T19:08:59","guid":{"rendered":"https:\/\/nbg.eu\/product\/manly-city-black-14c28n\/"},"modified":"2026-01-21T12:29:38","modified_gmt":"2026-01-21T09:29:38","slug":"manly-city-black-14c28n","status":"publish","type":"product","link":"https:\/\/nbg.eu\/cs\/produkt\/manly-city-black-14c28n\/","title":{"rendered":"Manly City Black 14C28N"},"content":{"rendered":"<h2>Manly City Black 14C28N: V\u00fdjime\u010dn\u00fd ka\u017edodenn\u00ed n\u016f\u017e do m\u011bsta<\/h2>\n<p>N\u016f\u017e Manly City Black 14C28N je v\u00fdjime\u010dn\u00fdm ka\u017edodenn\u00edm no\u017eem do m\u011bsta, kter\u00fd zt\u011bles\u0148uje na\u0161i filozofii nab\u00edzet u\u017eivatel\u016fm pe\u010dliv\u011b vybran\u00e9 z\u00e1kladn\u00ed materi\u00e1ly za rozumnou cenu. S ploch\u00fdm ost\u0159\u00edm vyroben\u00fdm z odoln\u00e9 oceli Sandvik 14C28N je tento skl\u00e1dac\u00ed n\u016f\u017e navr\u017een tak, aby byl spolehliv\u00fdm spole\u010dn\u00edkem pro ka\u017edodenn\u00ed \u00fakoly.<\/p>\n<p>S celkovou d\u00e9lkou 17,7 cm a d\u00e9lkou ost\u0159\u00ed 7,0 cm je Manly City Black 14C28N kompaktn\u00ed a univerz\u00e1ln\u00ed n\u00e1stroj. Slo\u017een\u00fd m\u011b\u0159\u00ed 10,5 cm, co\u017e z n\u011bj d\u011bl\u00e1 snadno p\u0159enosn\u00fd a skladn\u00fd kousek. Tlou\u0161\u0165ka ost\u0159\u00ed 2,7 mm a celkov\u00e1 hmotnost 95 g zaji\u0161\u0165uj\u00ed vyv\u00e1\u017een\u00fd a pohodln\u00fd pocit p\u0159i dr\u017een\u00ed.<\/p>\n<p>Jednou z vynikaj\u00edc\u00edch funkc\u00ed tohoto no\u017ee je jeho oboustrann\u00e1 spona, kter\u00e1 ho \u010din\u00ed vhodn\u00fdm pro lev\u00e1ky i prav\u00e1ky. Materi\u00e1l rukojeti je vyroben z odoln\u00e9ho G10, kter\u00fd poskytuje bezpe\u010dn\u00fd a neklouzav\u00fd \u00fachop, a to i ve vlhk\u00fdch nebo n\u00e1ro\u010dn\u00fdch podm\u00ednk\u00e1ch.<\/p>\n<p>N\u016f\u017e Manly City Black 14C28N je vybaven mechanismem otv\u00edr\u00e1n\u00ed ob\u011bma rukama a spolehliv\u00fdm uzamykac\u00edm mechanismem, co\u017e zaji\u0161\u0165uje bezpe\u010dn\u00e9 a bezpe\u010dn\u00e9 ovl\u00e1d\u00e1n\u00ed a zaru\u010duje, \u017ee va\u0161e \u0159ezn\u00e9 \u00fakoly budou prov\u00e1d\u011bny s d\u016fv\u011brou a p\u0159esnost\u00ed. Elegantn\u00ed \u010dern\u00e9 barevn\u00e9 proveden\u00ed dod\u00e1v\u00e1 no\u017ei modern\u00ed a sofistikovan\u00fd vzhled, co\u017e z n\u011bj d\u011bl\u00e1 stylovou volbu pro ka\u017edodenn\u00ed no\u0161en\u00ed.<\/p>\n","protected":false},"excerpt":{"rendered":"<p>Manly City Black 14C28N je vynikaj\u00edc\u00ed ka\u017edodenn\u00ed m\u011bstsk\u00fd n\u016f\u017e s ploch\u00fdm ost\u0159\u00edm z oceli Sandvik 14C28N a oboustrannou sponou pro lev\u00e1ky i prav\u00e1ky.<\/p>\n","protected":false},"featured_media":682760,"template":"","meta":{"_acf_changed":false},"product_brand":[15077],"product_cat":[12694,15380,15362],"product_tag":[],"class_list":{"0":"post-682587","1":"product","2":"type-product","3":"status-publish","4":"has-post-thumbnail","6":"product_brand-manly-knives","7":"product_cat-edc","8":"product_cat-folding-knives-sk","9":"product_cat-knives-cs","11":"first","12":"instock","13":"taxable","14":"shipping-taxable","15":"purchasable","16":"product-type-simple"},"acf":[],"_links":{"self":[{"href":"https:\/\/nbg.eu\/cs\/wp-json\/wp\/v2\/product\/682587","targetHints":{"allow":["GET"]}}],"collection":[{"href":"https:\/\/nbg.eu\/cs\/wp-json\/wp\/v2\/product"}],"about":[{"href":"https:\/\/nbg.eu\/cs\/wp-json\/wp\/v2\/types\/product"}],"wp:featuredmedia":[{"embeddable":true,"href":"https:\/\/nbg.eu\/cs\/wp-json\/wp\/v2\/media\/682760"}],"wp:attachment":[{"href":"https:\/\/nbg.eu\/cs\/wp-json\/wp\/v2\/media?parent=682587"}],"wp:term":[{"taxonomy":"product_brand","embeddable":true,"href":"https:\/\/nbg.eu\/cs\/wp-json\/wp\/v2\/product_brand?post=682587"},{"taxonomy":"product_cat","embeddable":true,"href":"https:\/\/nbg.eu\/cs\/wp-json\/wp\/v2\/product_cat?post=682587"},{"taxonomy":"product_tag","embeddable":true,"href":"https:\/\/nbg.eu\/cs\/wp-json\/wp\/v2\/product_tag?post=682587"}],"curies":[{"name":"wp","href":"https:\/\/api.w.org\/{rel}","templated":true}]}}