{"id":682907,"date":"2026-01-08T18:15:12","date_gmt":"2026-01-08T15:15:12","guid":{"rendered":"https:\/\/nbg.eu\/product\/manly-blaze-walnut-wood-rwl-34\/"},"modified":"2026-01-21T12:28:44","modified_gmt":"2026-01-21T09:28:44","slug":"manly-blaze-walnut-wood-rwl-34","status":"publish","type":"product","link":"https:\/\/nbg.eu\/cs\/produkt\/manly-blaze-walnut-wood-rwl-34\/","title":{"rendered":"Manly Blaze Walnut Wood RWL-34"},"content":{"rendered":"<h2>Blaze RWL-34 Walnut: Ide\u00e1ln\u00ed n\u016f\u017e pro kempov\u00e1n\u00ed v p\u0159\u00edrod\u011b<\/h2>\n<p>S pevnou \u010depel\u00ed a celot\u011blov\u00fdm proveden\u00edm je Blaze RWL-34 Walnut tou nejspolehliv\u011bj\u0161\u00ed volbou pro venkovn\u00ed aktivity. Vyroben\u00fd s p\u0159esnost\u00ed a pozornost\u00ed k detail\u016fm je tento n\u016f\u017e perfektn\u00edm spole\u010dn\u00edkem pro va\u0161e kempovac\u00ed, ryb\u00e1\u0159sk\u00e9 nebo horolezeck\u00e9 dobrodru\u017estv\u00ed.<\/p>\n<p>Rukoje\u0165 je vyrobena z bulharsk\u00e9ho o\u0159echov\u00e9ho d\u0159eva, poskytuje pohodln\u00fd a bezpe\u010dn\u00fd \u00fachop i v nejn\u00e1ro\u010dn\u011bj\u0161\u00edch podm\u00ednk\u00e1ch. A\u0165 u\u017e pot\u0159ebujete pro\u0159ezat hustou vegetaci, p\u0159ipravit sv\u016fj \u00falovek nebo prov\u00e1d\u011bt z\u00e1kladn\u00ed survivalistick\u00e9 \u00fakoly, Blaze RWL-34 Walnut je p\u0159ipraven na v\u00fdzvu.<\/p>\n<p>S \u010depel\u00ed o tlou\u0161\u0165ce 4 mm vyrobenou z pr\u00e9miov\u00e9 oceli RWL-34 m\u00e1 tento n\u016f\u017e tvrdost ost\u0159\u00ed 62 HRC, co\u017e zaru\u010duje mimo\u0159\u00e1dnou odolnost a udr\u017een\u00ed ost\u0159\u00ed. S celkovou d\u00e9lkou 24,5 cm a d\u00e9lkou \u010depele 11,9 cm nab\u00edz\u00ed Blaze RWL-34 Walnut dokonalou rovnov\u00e1hu velikosti a ovladatelnosti.<\/p>\n<p>S hmotnost\u00ed pouh\u00fdch 210 gram\u016f je tento n\u016f\u017e snadn\u00fd na no\u0161en\u00ed a nezat\u00ed\u017e\u00ed v\u00e1s, co\u017e z n\u011bj d\u011bl\u00e1 perfektn\u00edho spole\u010dn\u00edka pro va\u0161e venkovn\u00ed v\u00fdpravy. Sou\u010d\u00e1st\u00ed dod\u00e1vky je i ko\u017een\u00e9 pouzdro, kter\u00e9 poskytuje dal\u0161\u00ed vrstvu ochrany a pohodl\u00ed, tak\u017ee m\u016f\u017eete m\u00edt sv\u016fj Blaze RWL-34 Walnut v\u017edy po ruce.<\/p>\n","protected":false},"excerpt":{"rendered":"<p>Blaze RWL-34 Walnut &#8211; ide\u00e1ln\u00ed Bushcraft n\u016f\u017e s rukojet\u00ed z o\u0159echov\u00e9ho d\u0159eva a ost\u0159\u00edm s tvrdost\u00ed 62 HRC.<\/p>\n","protected":false},"featured_media":683195,"template":"","meta":{"_acf_changed":false},"product_brand":[15077],"product_cat":[15362],"product_tag":[],"class_list":{"0":"post-682907","1":"product","2":"type-product","3":"status-publish","4":"has-post-thumbnail","6":"product_brand-manly-knives","7":"product_cat-knives-cs","9":"first","10":"instock","11":"taxable","12":"shipping-taxable","13":"purchasable","14":"product-type-simple"},"acf":[],"_links":{"self":[{"href":"https:\/\/nbg.eu\/cs\/wp-json\/wp\/v2\/product\/682907","targetHints":{"allow":["GET"]}}],"collection":[{"href":"https:\/\/nbg.eu\/cs\/wp-json\/wp\/v2\/product"}],"about":[{"href":"https:\/\/nbg.eu\/cs\/wp-json\/wp\/v2\/types\/product"}],"wp:featuredmedia":[{"embeddable":true,"href":"https:\/\/nbg.eu\/cs\/wp-json\/wp\/v2\/media\/683195"}],"wp:attachment":[{"href":"https:\/\/nbg.eu\/cs\/wp-json\/wp\/v2\/media?parent=682907"}],"wp:term":[{"taxonomy":"product_brand","embeddable":true,"href":"https:\/\/nbg.eu\/cs\/wp-json\/wp\/v2\/product_brand?post=682907"},{"taxonomy":"product_cat","embeddable":true,"href":"https:\/\/nbg.eu\/cs\/wp-json\/wp\/v2\/product_cat?post=682907"},{"taxonomy":"product_tag","embeddable":true,"href":"https:\/\/nbg.eu\/cs\/wp-json\/wp\/v2\/product_tag?post=682907"}],"curies":[{"name":"wp","href":"https:\/\/api.w.org\/{rel}","templated":true}]}}