{"id":683285,"date":"2025-12-17T17:30:35","date_gmt":"2025-12-17T14:30:35","guid":{"rendered":"https:\/\/nbg.eu\/product\/manly-blaze-black-g10-rwl-34\/"},"modified":"2026-01-21T11:41:30","modified_gmt":"2026-01-21T08:41:30","slug":"manly-blaze-black-g10-rwl-34","status":"publish","type":"product","link":"https:\/\/nbg.eu\/cs\/produkt\/manly-blaze-black-g10-rwl-34\/","title":{"rendered":"Manly Blaze Black G10 RWL-34"},"content":{"rendered":"<h2>Manly Blaze Black G10 RWL-34 &#8211; V\u00fdborn\u00fd n\u016f\u017e pro kempov\u00e1n\u00ed v p\u0159\u00edrod\u011b<\/h2>\n<p>Blaze RWL-34 Black je dokonal\u00fd n\u016f\u017e pro kempov\u00e1n\u00ed v p\u0159\u00edrod\u011b. S pevnou \u010depel\u00ed a pln\u00fdm proveden\u00edm rukojeti + vynikaj\u00edc\u00ed ocel RWL-34, je trvanlivost tohoto no\u017ee zaru\u010dena. Rukoje\u0165 je vyrobena z texturovan\u00e9ho \u010dern\u00e9ho materi\u00e1lu G10 odoln\u00e9ho proti korozi. N\u016f\u017e lze snadno vyjmout z pouzdra (vyroben\u00e9ho z kydexu) jednoduch\u00fdm pohybem jedn\u00e9 ruky, a dr\u017e\u00e1k na opasek m\u016f\u017ee b\u00fdt um\u00edst\u011bn horizont\u00e1ln\u011b nebo vertik\u00e1ln\u011b.<\/p>\n<p>Pokud pot\u0159ebujete spolehliv\u00fd n\u016f\u017e do hor, na kempov\u00e1n\u00ed nebo na ryba\u0159en\u00ed, je Blaze pro v\u00e1s t\u00edm prav\u00fdm.<\/p>\n<h2>Technick\u00e9 specifikace<\/h2>\n<p>N\u00e1zev: Blaze \u2013 RWL-34 Black<br \/>\nTyp: Pevn\u00e1 \u010depel<br \/>\nCelkov\u00e1 d\u00e9lka: 24,5 cm<br \/>\nD\u00e9lka \u010depele: 11,9 cm<br \/>\nTlou\u0161\u0165ka \u010depele: 4 mm<br \/>\nTvrdost ost\u0159\u00ed: 62 HRC<br \/>\nHmotnost: 210g<br \/>\nMateri\u00e1l \u010depele: RWL-34<br \/>\nMateri\u00e1l rukojeti: G10<br \/>\nMateri\u00e1l pouzdra: Kydex<\/p>\n","protected":false},"excerpt":{"rendered":"<p>Blaze RWL-34 \u010cern\u00e1: dokonal\u00fd bushcraftov\u00fd n\u016f\u017e s pevnou \u010depel\u00ed, celoprocedurovou konstrukc\u00ed a ocel\u00ed RWL-34.<\/p>\n","protected":false},"featured_media":683342,"template":"","meta":{"_acf_changed":false},"product_brand":[15077],"product_cat":[2876],"product_tag":[],"class_list":{"0":"post-683285","1":"product","2":"type-product","3":"status-publish","4":"has-post-thumbnail","6":"product_brand-manly-knives","7":"product_cat-rahohvatki","9":"first","10":"instock","11":"taxable","12":"shipping-taxable","13":"purchasable","14":"product-type-simple"},"acf":[],"_links":{"self":[{"href":"https:\/\/nbg.eu\/cs\/wp-json\/wp\/v2\/product\/683285","targetHints":{"allow":["GET"]}}],"collection":[{"href":"https:\/\/nbg.eu\/cs\/wp-json\/wp\/v2\/product"}],"about":[{"href":"https:\/\/nbg.eu\/cs\/wp-json\/wp\/v2\/types\/product"}],"wp:featuredmedia":[{"embeddable":true,"href":"https:\/\/nbg.eu\/cs\/wp-json\/wp\/v2\/media\/683342"}],"wp:attachment":[{"href":"https:\/\/nbg.eu\/cs\/wp-json\/wp\/v2\/media?parent=683285"}],"wp:term":[{"taxonomy":"product_brand","embeddable":true,"href":"https:\/\/nbg.eu\/cs\/wp-json\/wp\/v2\/product_brand?post=683285"},{"taxonomy":"product_cat","embeddable":true,"href":"https:\/\/nbg.eu\/cs\/wp-json\/wp\/v2\/product_cat?post=683285"},{"taxonomy":"product_tag","embeddable":true,"href":"https:\/\/nbg.eu\/cs\/wp-json\/wp\/v2\/product_tag?post=683285"}],"curies":[{"name":"wp","href":"https:\/\/api.w.org\/{rel}","templated":true}]}}