{"id":683358,"date":"2025-12-17T17:40:13","date_gmt":"2025-12-17T14:40:13","guid":{"rendered":"https:\/\/nbg.eu\/product\/manly-blaze-black-g10-d2\/"},"modified":"2026-01-21T11:39:01","modified_gmt":"2026-01-21T08:39:01","slug":"manly-blaze-black-g10-d2","status":"publish","type":"product","link":"https:\/\/nbg.eu\/cs\/produkt\/manly-blaze-black-g10-d2\/","title":{"rendered":"Manly Blaze Black G10 D2"},"content":{"rendered":"<h2>Blaze D2 Black: Spolehliv\u00fd n\u016f\u017e pro outdoorov\u00e9 dobrodru\u017estv\u00ed<\/h2>\n<p>Blaze D2 Black je dokonal\u00fd n\u016f\u017e pro bush craft, navr\u017een\u00fd pro drsn\u00e9 venkovn\u00ed pou\u017eit\u00ed. D\u00edky sv\u00e9 pevn\u00e9 \u010depeli a konstrukci s celou d\u00e9lkou je tento n\u016f\u017e mimo\u0159\u00e1dn\u011b stabiln\u00ed a trvanliv\u00fd, co\u017e zaru\u010duje, \u017ee zvl\u00e1dne ty nejt\u011b\u017e\u0161\u00ed \u00fakoly. Texturovan\u00e1 \u010dern\u00e1 rukoje\u0165 z G10 je odoln\u00e1 v\u016f\u010di korozi a poskytuje bezpe\u010dn\u00fd \u00fachop i ve vlhk\u00fdch podm\u00ednk\u00e1ch.<\/p>\n<p>N\u016f\u017e Blaze lze snadno vyjmout z pouzdra Kydex jednou rukou, co\u017e umo\u017e\u0148uje rychl\u00fd p\u0159\u00edstup v dob\u011b, kdy jej pot\u0159ebujete nejv\u00edce. Univerz\u00e1ln\u00ed upevn\u011bn\u00ed na opasek lze um\u00edstit vodorovn\u011b nebo svisle, co\u017e jej \u010din\u00ed pohodln\u00fdm p\u0159i va\u0161ich dobrodru\u017estv\u00edch.<\/p>\n<p>A\u0165 u\u017e \u010del\u00edte v\u00fdzv\u00e1m divo\u010diny, kempujete nebo ryba\u0159ite, Blaze D2 Black je spolehliv\u00fdm spole\u010dn\u00edkem, na kter\u00e9ho se m\u016f\u017eete spolehnout. Vyroben\u00fd s preciznost\u00ed, tento n\u016f\u017e se chlub\u00ed tvrdost\u00ed ost\u0159\u00ed 61HRC, co\u017e zaru\u010duje, \u017ee zvl\u00e1dne \u0161irokou \u0161k\u00e1lu \u00fakol\u016f s lehkost\u00ed. D\u00edky materi\u00e1lu \u010depele 1.2379 (D2) a pevn\u00e9 konstrukci je Blaze D2 Black vybudov\u00e1n na dlouhou \u017eivotnost, co\u017e z n\u011bj \u010din\u00ed nezbytn\u00fd n\u00e1stroj pro ka\u017ed\u00e9ho milovn\u00edka outdooru.<\/p>\n","protected":false},"excerpt":{"rendered":"<p>Blaze D2 Black &#8211; ide\u00e1ln\u00ed n\u016f\u017e pro Bushcraft. Struktura rukojeti G10, \u010depel z oceli D2, pouzdro Kydex.<\/p>\n","protected":false},"featured_media":683405,"template":"","meta":{"_acf_changed":false},"product_brand":[15077],"product_cat":[2876],"product_tag":[],"class_list":{"0":"post-683358","1":"product","2":"type-product","3":"status-publish","4":"has-post-thumbnail","6":"product_brand-manly-knives","7":"product_cat-rahohvatki","9":"first","10":"instock","11":"taxable","12":"shipping-taxable","13":"purchasable","14":"product-type-simple"},"acf":[],"_links":{"self":[{"href":"https:\/\/nbg.eu\/cs\/wp-json\/wp\/v2\/product\/683358","targetHints":{"allow":["GET"]}}],"collection":[{"href":"https:\/\/nbg.eu\/cs\/wp-json\/wp\/v2\/product"}],"about":[{"href":"https:\/\/nbg.eu\/cs\/wp-json\/wp\/v2\/types\/product"}],"wp:featuredmedia":[{"embeddable":true,"href":"https:\/\/nbg.eu\/cs\/wp-json\/wp\/v2\/media\/683405"}],"wp:attachment":[{"href":"https:\/\/nbg.eu\/cs\/wp-json\/wp\/v2\/media?parent=683358"}],"wp:term":[{"taxonomy":"product_brand","embeddable":true,"href":"https:\/\/nbg.eu\/cs\/wp-json\/wp\/v2\/product_brand?post=683358"},{"taxonomy":"product_cat","embeddable":true,"href":"https:\/\/nbg.eu\/cs\/wp-json\/wp\/v2\/product_cat?post=683358"},{"taxonomy":"product_tag","embeddable":true,"href":"https:\/\/nbg.eu\/cs\/wp-json\/wp\/v2\/product_tag?post=683358"}],"curies":[{"name":"wp","href":"https:\/\/api.w.org\/{rel}","templated":true}]}}