{"id":683449,"date":"2025-12-17T18:06:26","date_gmt":"2025-12-17T15:06:26","guid":{"rendered":"https:\/\/nbg.eu\/product\/nocpix-m6t25s-termokamera-pro-auto-s-inteligentni-detekci-horkych-objektu\/"},"modified":"2026-01-21T11:45:00","modified_gmt":"2026-01-21T08:45:00","slug":"nocpix-m6t25s-termokamera-pro-auto-s-inteligentni-detekci-horkych-objektu","status":"publish","type":"product","link":"https:\/\/nbg.eu\/cs\/produkt\/nocpix-m6t25s-termokamera-pro-auto-s-inteligentni-detekci-horkych-objektu\/","title":{"rendered":"Nocpix M6T25S termokamera pro auto s inteligentn\u00ed detekc\u00ed hork\u00fdch objekt\u016f"},"content":{"rendered":"<h2>Nocpix M6T25S Tepeln\u00e1 kamera do auta s inteligentn\u00ed detekc\u00ed hork\u00fdch objekt\u016f<\/h2>\n<p>P\u0159edstavujeme \u0159adu Nocpix MT, inovativn\u00ed kupolov\u00fd skener od spole\u010dnosti Nocpix speci\u00e1ln\u011b navr\u017een\u00fd pro lov. Je to v\u00e1\u0161 ide\u00e1ln\u00ed volba nejen pro j\u00edzdu b\u011bhem lovu, ale tak\u00e9 pou\u017eiteln\u00fd pro r\u016fzn\u00e9 loveck\u00e9 metody a n\u00e1vyky. Vybaven\u00fd \u0161pi\u010dkov\u00fdmi AI modely a v\u00fdkonn\u00fdm v\u00fdpo\u010detn\u00edm v\u00fdkonem zaji\u0161\u0165uje MT stabiln\u00ed v\u00fdkon i b\u011bhem j\u00edzdy a p\u0159esnou detekci, uzam\u010den\u00ed a sledov\u00e1n\u00ed ko\u0159isti, poskytuje vysoce kvalitn\u00ed sn\u00edmky a v\u00fdjime\u010dn\u00fd loveck\u00fd z\u00e1\u017eitek.<\/p>\n<h2>Inteligentn\u00ed v\u00fdkon AI<\/h2>\n<p>Poh\u00e1n\u011bn\u00fd modelem hlubok\u00e9ho u\u010den\u00ed YOLO V5 a 2T v\u00fdpo\u010detn\u00edho v\u00fdkonu je tento syst\u00e9m navr\u017een tak, aby vylep\u0161il v\u00e1\u0161 loveck\u00fd z\u00e1\u017eitek. Model hlubok\u00e9ho u\u010den\u00ed, vy\u0161kolen\u00fd na obrovsk\u00e9 datov\u00e9 sad\u011b, umo\u017e\u0148uje rychl\u00e9 automatick\u00e9 rozpozn\u00e1v\u00e1n\u00ed a sledov\u00e1n\u00ed ko\u0159isti s p\u0159esn\u00fdmi ohrani\u010duj\u00edc\u00edmi r\u00e1me\u010dky pro ozna\u010den\u00ed c\u00edle. To cel\u00fd loveck\u00fd proces &#8211; identifikaci, zam\u011b\u0159ov\u00e1n\u00ed a sledov\u00e1n\u00ed &#8211; v\u00fdrazn\u011b zjednodu\u0161uje a zp\u0159\u00edjem\u0148uje, co\u017e sni\u017euje \u00fasil\u00ed pot\u0159ebn\u00e9 pro proveden\u00ed ka\u017ed\u00e9ho kroku samostatn\u011b.<\/p>\n<h2>Bez\u00fadr\u017ebov\u00fd 360\u00b0 panoramatick\u00fd pohled s rozsahem n\u00e1klonu 90\u00b0<\/h2>\n<p>MT nab\u00edz\u00ed \u0161irok\u00fd 360\u00b0 panoramatick\u00fd pohled s rozsahem n\u00e1klonu 90\u00b0, co\u017e zaji\u0161\u0165uje \u00fapln\u00e9 a plynul\u00e9 sledov\u00e1n\u00ed ko\u0159isti bez jak\u00fdchkoli slep\u00fdch m\u00edst.<\/p>\n<h2>Kone\u010dn\u00e1 stabilizace<\/h2>\n<p>2os\u00e1 stabilizace umo\u017e\u0148uje MT schopnost poskytovat stabiln\u00ed obraz, automatick\u00e1 kalibrace opravuje posunut\u00ed objektivu zp\u016fsoben\u00e9 nerovnostmi vozovky nebo vn\u011bj\u0161\u00edmi okoln\u00edmi faktory a udr\u017euje konstantn\u00ed sm\u011br.<\/p>\n<h2>Extr\u00e9mn\u011b tich\u00fd u\u017eivatelsk\u00fd z\u00e1\u017eitek<\/h2>\n<p>M6T25S pou\u017e\u00edv\u00e1 bez\u00fadr\u017ebov\u00fd motor pro 360stup\u0148ovou horizont\u00e1ln\u00ed rotaci a dynamick\u00fd vyva\u017eovac\u00ed design, co\u017e znamen\u00e1, \u017ee funguje s n\u00edzkou hladinou hluku b\u011bhem rotace a n\u00e1klonu, a zaji\u0161\u0165uje tak, \u017ee v\u00e1\u0161 loveck\u00fd z\u00e1\u017eitek z\u016fstane neru\u0161en\u00fd a p\u0159\u00edjemn\u00fd.<\/p>\n<h2>V\u00edce metod p\u0159ipojen\u00ed a zobrazen\u00ed na termin\u00e1lu<\/h2>\n<p>Pro r\u016fzn\u00e9 u\u017eivatelsk\u00e9 zvyky a sc\u00e9n\u00e1\u0159e jsou podporov\u00e1ny dva zp\u016fsoby p\u0159ipojen\u00ed: kabel a WiFi. P\u0159ipojen\u00ed kabelem zaji\u0161\u0165uje relativn\u011b stabiln\u011bj\u0161\u00ed p\u0159enos obrazu, zat\u00edmco WiFi nab\u00edz\u00ed pohodln\u011bj\u0161\u00ed a bezdr\u00e1tov\u00fd z\u00e1\u017eitek. P\u0159enos obrazu v re\u00e1ln\u00e9m \u010dase je k dispozici na jak\u00e9mkoli za\u0159\u00edzen\u00ed s nainstalovanou aplikac\u00ed Nocpix, v\u010detn\u011b iPad\u016f, mobiln\u00edch telefon\u016f atd.<\/p>\n","protected":false},"excerpt":{"rendered":"<p>Termokamera pro automobily Nocpix M6T25S s inteligentn\u00ed detekc\u00ed hork\u00fdch p\u0159edm\u011bt\u016f. Inteligentn\u00ed vyhled\u00e1v\u00e1n\u00ed, efektivn\u00ed dosah 2300 m, d\u00e1lkov\u00e9 ovl\u00e1d\u00e1n\u00ed, 2 nab\u00edjec\u00ed baterie a\u017e na 7 hodin provozu.<\/p>\n<p>Pokud polo\u017eka nen\u00ed k dispozici, kontaktujte n\u00e1s: shop@nbg.eu nebo +359896147790<\/p>\n","protected":false},"featured_media":683564,"template":"","meta":{"_acf_changed":false},"product_brand":[14444],"product_cat":[12680],"product_tag":[],"class_list":{"0":"post-683449","1":"product","2":"type-product","3":"status-publish","4":"has-post-thumbnail","6":"product_brand-nocpix","7":"product_cat-termalni","9":"first","10":"instock","11":"taxable","12":"shipping-taxable","13":"purchasable","14":"product-type-simple"},"acf":[],"_links":{"self":[{"href":"https:\/\/nbg.eu\/cs\/wp-json\/wp\/v2\/product\/683449","targetHints":{"allow":["GET"]}}],"collection":[{"href":"https:\/\/nbg.eu\/cs\/wp-json\/wp\/v2\/product"}],"about":[{"href":"https:\/\/nbg.eu\/cs\/wp-json\/wp\/v2\/types\/product"}],"wp:featuredmedia":[{"embeddable":true,"href":"https:\/\/nbg.eu\/cs\/wp-json\/wp\/v2\/media\/683564"}],"wp:attachment":[{"href":"https:\/\/nbg.eu\/cs\/wp-json\/wp\/v2\/media?parent=683449"}],"wp:term":[{"taxonomy":"product_brand","embeddable":true,"href":"https:\/\/nbg.eu\/cs\/wp-json\/wp\/v2\/product_brand?post=683449"},{"taxonomy":"product_cat","embeddable":true,"href":"https:\/\/nbg.eu\/cs\/wp-json\/wp\/v2\/product_cat?post=683449"},{"taxonomy":"product_tag","embeddable":true,"href":"https:\/\/nbg.eu\/cs\/wp-json\/wp\/v2\/product_tag?post=683449"}],"curies":[{"name":"wp","href":"https:\/\/api.w.org\/{rel}","templated":true}]}}