{"id":683638,"date":"2026-01-08T18:14:29","date_gmt":"2026-01-08T15:14:29","guid":{"rendered":"https:\/\/nbg.eu\/product\/termalni-kamera-nocpix-vista-h50-50-mm-12-um-640-x-512-15-mk-netd\/"},"modified":"2026-04-14T15:46:01","modified_gmt":"2026-04-14T12:46:01","slug":"termalni-kamera-nocpix-vista-h50-50-mm-12-um-640-x-512-15-mk-netd","status":"publish","type":"product","link":"https:\/\/nbg.eu\/cs\/produkt\/termalni-kamera-nocpix-vista-h50-50-mm-12-um-640-x-512-15-mk-netd\/","title":{"rendered":"Nocpix Termokamera VISTA H50"},"content":{"rendered":"<h2>Nocpix VISTA H50 &#8211; Termokamera pro denn\u00ed a no\u010dn\u00ed pou\u017eit\u00ed<\/h2>\n<p>Nocpix VISTA H50 je termokamera navr\u017een\u00e1 pro denn\u00ed a no\u010dn\u00ed pou\u017eit\u00ed. Poskytuje v\u00fdjime\u010dnou kvalitu obrazu i v n\u00e1ro\u010dn\u00fdch pov\u011btrnostn\u00edch podm\u00ednk\u00e1ch, jako je mlha, smog a d\u00e9\u0161\u0165, a dok\u00e1\u017ee detekovat c\u00edle i p\u0159es p\u0159ek\u00e1\u017eky, jako jsou v\u011btve, vysok\u00e1 tr\u00e1va a hust\u00e1 vegetace, kter\u00e9 norm\u00e1ln\u011b br\u00e1n\u00ed viditelnosti.<\/p>\n<p>VISTA H50 je vysoce univerz\u00e1ln\u00ed a vhodn\u00e1 pro celou \u0159adu aplikac\u00ed, v\u010detn\u011b lovu, zabezpe\u010den\u00ed, dohledu, navigace ter\u00e9nu a z\u00e1chrann\u00fdch operac\u00ed. Jej\u00ed pokro\u010dil\u00e1 term\u00e1ln\u00ed technologie zaji\u0161\u0165uje spolehliv\u00fd v\u00fdkon a poskytuje \u010dist\u00e9 sn\u00edmky a p\u0159esn\u00e1 m\u011b\u0159en\u00ed v n\u00e1ro\u010dn\u00fdch prost\u0159ed\u00edch.<\/p>\n<h2>Kl\u00ed\u010dov\u00e9 specifikace:<\/h2>\n<p>Rozli\u0161en\u00ed: 640 x 512<br \/>\nVelikost pixelu: 12<br \/>\nNETD, mK: \u226415<br \/>\nSn\u00edmkov\u00e1 frekvence: 50<br \/>\nObjektiv: 50mm F0.9<br \/>\nZorn\u00e9 pole: 8.8 x 7.0<br \/>\nZorn\u00e9 pole (line\u00e1rn\u00ed): 15 x 12<br \/>\nZv\u011bt\u0161en\u00ed: 4~40<br \/>\nDetek\u010dn\u00ed dosah: 2600<br \/>\nVzd\u00e1lenost od o\u010d\u00ed: 25<br \/>\nPr\u016fm\u011br v\u00fdstupn\u00ed pupily: 8<br \/>\nDioptr: -4 ~ +6<br \/>\nTyp displeje: AMOLED<br \/>\nRozli\u0161en\u00ed displeje: 2560 x 2560<br \/>\nBaterie: Vym\u011bniteln\u00e1 lithium-iontov\u00e1 baterie IBP-7 \/ 4400mAh<br \/>\nMax. doba provozu: 5.5<br \/>\nWi-Fi\/Aplikace: ANO<br \/>\nMikrofon: ANO<br \/>\nKapacita pam\u011bti: 64GB<br \/>\nKryt\u00ed: IP67<br \/>\nMax. provozn\u00ed teplota: -20 ~ +50<br \/>\nHmotnost (unce): 22.93<br \/>\nHmotnost (g): 650<br \/>\nRozm\u011bry (palce): 7.64 x 2.76 x 3.23<br \/>\nRozm\u011bry (mm): 194 x 70 x 82<\/p>\n","protected":false},"excerpt":{"rendered":"<p>Nocpix VISTA H50 je termokamera s rozli\u0161en\u00edm 640&#215;512, velikost\u00ed pixelu 12 um a \u226415mK NETD, objektivem 50mm F0.9 a displejem AMOLED 2560&#215;2560.<\/p>\n<p>Pokud polo\u017eka nen\u00ed k dispozici, kontaktujte n\u00e1s pros\u00edm: shop@nbg.eu nebo +359896147790<\/p>\n<p>\n","protected":false},"featured_media":683673,"template":"","meta":{"_acf_changed":false},"product_brand":[14444],"product_cat":[12680,16064],"product_tag":[],"class_list":{"0":"post-683638","1":"product","2":"type-product","3":"status-publish","4":"has-post-thumbnail","6":"product_brand-nocpix","7":"product_cat-termalni","8":"product_cat-thermal-cameras-cs","10":"first","11":"instock","12":"taxable","13":"shipping-taxable","14":"purchasable","15":"product-type-simple"},"acf":[],"_links":{"self":[{"href":"https:\/\/nbg.eu\/cs\/wp-json\/wp\/v2\/product\/683638","targetHints":{"allow":["GET"]}}],"collection":[{"href":"https:\/\/nbg.eu\/cs\/wp-json\/wp\/v2\/product"}],"about":[{"href":"https:\/\/nbg.eu\/cs\/wp-json\/wp\/v2\/types\/product"}],"wp:featuredmedia":[{"embeddable":true,"href":"https:\/\/nbg.eu\/cs\/wp-json\/wp\/v2\/media\/683673"}],"wp:attachment":[{"href":"https:\/\/nbg.eu\/cs\/wp-json\/wp\/v2\/media?parent=683638"}],"wp:term":[{"taxonomy":"product_brand","embeddable":true,"href":"https:\/\/nbg.eu\/cs\/wp-json\/wp\/v2\/product_brand?post=683638"},{"taxonomy":"product_cat","embeddable":true,"href":"https:\/\/nbg.eu\/cs\/wp-json\/wp\/v2\/product_cat?post=683638"},{"taxonomy":"product_tag","embeddable":true,"href":"https:\/\/nbg.eu\/cs\/wp-json\/wp\/v2\/product_tag?post=683638"}],"curies":[{"name":"wp","href":"https:\/\/api.w.org\/{rel}","templated":true}]}}