{"id":683743,"date":"2026-01-08T18:13:33","date_gmt":"2026-01-08T15:13:33","guid":{"rendered":"https:\/\/nbg.eu\/product\/termovizni-kamera-nocpix-vista-h35-bez-dalkomeru-35mm-12um-640x512-15mk-net\/"},"modified":"2026-04-14T15:46:23","modified_gmt":"2026-04-14T12:46:23","slug":"termovizni-kamera-nocpix-vista-h35-bez-dalkomeru-35mm-12um-640x512-15mk-net","status":"publish","type":"product","link":"https:\/\/nbg.eu\/cs\/produkt\/termovizni-kamera-nocpix-vista-h35-bez-dalkomeru-35mm-12um-640x512-15mk-net\/","title":{"rendered":"Nocpix Termokamera VISTA H35"},"content":{"rendered":"<h2>Nocpix VISTA H35 &#8211; Term\u00e1ln\u00ed monokul\u00e1r &#8211; 35mm 12um 640&#215;512 \u226415mK NET<\/h2>\n<p>Nocpix VISTA H35 je v\u00edce\u00fa\u010delov\u00fd term\u00e1ln\u00ed monokul\u00e1r navr\u017een\u00fd pro spolehliv\u00e9 pou\u017eit\u00ed ve dne i v noci. Toto pokro\u010dil\u00e9 za\u0159\u00edzen\u00ed nab\u00edz\u00ed mimo\u0159\u00e1dn\u00fd v\u00fdkon term\u00e1ln\u00edho zobrazov\u00e1n\u00ed, poskytuje jasn\u00e9 a podrobn\u00e9 vizu\u00e1ly i v n\u00e1ro\u010dn\u00fdch pov\u011btrnostn\u00edch podm\u00ednk\u00e1ch, jako je mlha, smog a d\u00e9\u0161\u0165. Dok\u00e1\u017ee detekovat c\u00edle p\u0159es p\u0159ek\u00e1\u017eky, jako jsou v\u011btve, vysok\u00e1 tr\u00e1va a hust\u00e1 vegetace, co\u017e zaji\u0161\u0165uje efektivn\u00ed provoz v prost\u0159ed\u00edch, kde jsou tradi\u010dn\u00ed optika nevhodn\u00e1.<\/p>\n<p>Ide\u00e1ln\u00ed pro \u0161irokou \u0161k\u00e1lu aplikac\u00ed, VISTA H35 je perfektn\u00ed pro lov, dohled, bezpe\u010dnost, navigaci ter\u00e9nu a z\u00e1chrann\u00e9 akce. D\u00edky sv\u00e9 \u0161pi\u010dkov\u00e9 technologii a odoln\u00e9 konstrukci VISTA H35 zaji\u0161\u0165uje p\u0159esnou detekci a m\u011b\u0159en\u00ed v t\u011bch nejn\u00e1ro\u010dn\u011bj\u0161\u00edch podm\u00ednk\u00e1ch.<\/p>\n<h2>Funkce<\/h2>\n<p>-640\u00d7512 12\u03bcm detektor<br \/>\nNETD\u226415mK<br \/>\n-60Hz vysok\u00e1 sn\u00edmkov\u00e1 frekvence<br \/>\n-F0.9 objektiv<br \/>\n-AMOLED 2560\u00d72560 kruhov\u00fd displej<br \/>\n-IBP-7 rychlovym\u011bniteln\u00e1 dob\u00edjec\u00ed baterie<br \/>\n-Plynul\u00e9 digit\u00e1ln\u00ed p\u0159ibl\u00ed\u017een\u00ed: 1\u00d7~8\u00d7<br \/>\n-Ultra \u010dist\u00fd re\u017eim<br \/>\n-Ochrana o\u010d\u00ed s n\u00edzkou jasnost\u00ed, barevnou paletou a tepl\u00fdm odst\u00ednem<br \/>\n-Elektronick\u00e1 stabilizace obrazu<\/p>\n","protected":false},"excerpt":{"rendered":"<p>Tepeln\u00e1 kamera Nocpix VISTA H35 bez d\u00e1lkom\u011bru &#8211; 35 mm 12 um 640 x 512 &lt;15 mk NET<\/p>\n<p>Pokud polo\u017eka nen\u00ed k dispozici, kontaktujte n\u00e1s: shop@nbg.eu nebo +359896147790<\/p>\n<p>\n","protected":false},"featured_media":683875,"template":"","meta":{"_acf_changed":false},"product_brand":[14444],"product_cat":[12680,16064],"product_tag":[],"class_list":{"0":"post-683743","1":"product","2":"type-product","3":"status-publish","4":"has-post-thumbnail","6":"product_brand-nocpix","7":"product_cat-termalni","8":"product_cat-thermal-cameras-cs","10":"first","11":"instock","12":"taxable","13":"shipping-taxable","14":"purchasable","15":"product-type-simple"},"acf":[],"_links":{"self":[{"href":"https:\/\/nbg.eu\/cs\/wp-json\/wp\/v2\/product\/683743","targetHints":{"allow":["GET"]}}],"collection":[{"href":"https:\/\/nbg.eu\/cs\/wp-json\/wp\/v2\/product"}],"about":[{"href":"https:\/\/nbg.eu\/cs\/wp-json\/wp\/v2\/types\/product"}],"wp:featuredmedia":[{"embeddable":true,"href":"https:\/\/nbg.eu\/cs\/wp-json\/wp\/v2\/media\/683875"}],"wp:attachment":[{"href":"https:\/\/nbg.eu\/cs\/wp-json\/wp\/v2\/media?parent=683743"}],"wp:term":[{"taxonomy":"product_brand","embeddable":true,"href":"https:\/\/nbg.eu\/cs\/wp-json\/wp\/v2\/product_brand?post=683743"},{"taxonomy":"product_cat","embeddable":true,"href":"https:\/\/nbg.eu\/cs\/wp-json\/wp\/v2\/product_cat?post=683743"},{"taxonomy":"product_tag","embeddable":true,"href":"https:\/\/nbg.eu\/cs\/wp-json\/wp\/v2\/product_tag?post=683743"}],"curies":[{"name":"wp","href":"https:\/\/api.w.org\/{rel}","templated":true}]}}