{"id":683920,"date":"2026-01-08T18:14:25","date_gmt":"2026-01-08T15:14:25","guid":{"rendered":"https:\/\/nbg.eu\/product\/termokamera-nocpix-rico-2-h50r\/"},"modified":"2026-04-14T15:46:06","modified_gmt":"2026-04-14T12:46:06","slug":"termokamera-nocpix-rico-2-h50r","status":"publish","type":"product","link":"https:\/\/nbg.eu\/cs\/produkt\/termokamera-nocpix-rico-2-h50r\/","title":{"rendered":"Nocpix Termokamera Rico 2 H50R"},"content":{"rendered":"<h2>Nocpix Rico 2 H50R: Expert na dlouh\u00fd dost\u0159el<\/h2>\n<p>\u0158ada termovizn\u00edch pu\u0161kohled\u016f Nocpix RICO 2 H50R je navr\u017eena pro lovce, kte\u0159\u00ed vy\u017eaduj\u00ed nejlep\u0161\u00ed kvalitu, dosah a pohodl\u00ed. S vedouc\u00edm pr\u016fmyslov\u00fdm term\u00e1ln\u00edm senzorem a vysokou sn\u00edmkovou frekvenc\u00ed poskytuje ultra vynikaj\u00edc\u00ed kvalitu obrazu, kter\u00e1 usnad\u0148uje identifikaci a sledov\u00e1n\u00ed c\u00edle. Jeho dlouh\u00e1 ohniskov\u00e1 vzd\u00e1lenost a vestav\u011bn\u00fd laserov\u00fd d\u00e1lkom\u011br zaji\u0161\u0165uj\u00ed, \u017ee m\u016f\u017eete p\u0159esn\u011b zm\u011b\u0159it vzd\u00e1len\u00e9 c\u00edle, zat\u00edmco pokro\u010dil\u00fd optick\u00fd design poskytuje pono\u0159uj\u00edc\u00ed z\u00e1\u017eitek z pozorov\u00e1n\u00ed bez zkreslen\u00ed. Se stup\u0148ovitou p\u00e1kou k nastaven\u00ed zv\u011bt\u0161en\u00ed a v\u00fdjime\u010dn\u00fdm odstupem oka umo\u017e\u0148uje \u0159ada Nocpix RICO 2 H50R lovc\u016fm jednodu\u0161e upravit zv\u011bt\u0161en\u00ed a c\u00edtit se pohodln\u011b b\u011bhem prodlou\u017een\u00fdch lov\u016f. D\u00edky inovativn\u00edm technologi\u00edm a u\u017eivatelsky orientovan\u00e9mu designu v\u00e1m \u0159ada Nocpix RICO 2 H50R opravdu umo\u017en\u00ed lovit za hranice toho, co je mo\u017en\u00e9.<\/p>\n<h2>Kl\u00ed\u010dov\u00e9 funkce:<\/h2>\n<p>T\u011b\u017ete z pr\u00e9miov\u00e9ho senzoru druh\u00e9 generace 12\u03bcm@60Hz, s NETD \u226420mK, pro ostr\u00e9, vysokokonkrastn\u00ed obrazy a vylep\u0161enou identifikaci c\u00edl\u016f.<\/p>\n<p>Nocpix RICO 2 H50R je vybaven v\u011bt\u0161\u00edmi objektivy (50 mm\/F1.0, 42 mm\/F1.0), co\u017e zlep\u0161uje schopnost sb\u011bru sv\u011btla pro vynikaj\u00edc\u00ed kvalitu obrazu a prodlou\u017een\u00fd dosah detekce.<\/p>\n<p>\u0158ada RICO 2 v\u00e1m umo\u017e\u0148uje jemn\u011b doladit zv\u011bt\u0161en\u00ed s plynulou p\u00e1kou zv\u011bt\u0161en\u00ed stylu LPVO, kter\u00e1 umo\u017e\u0148uje rychl\u00e9 a bezprobl\u00e9mov\u00e9 \u00fapravy pro sebev\u011bdom\u00e9 zapojen\u00ed c\u00edl\u016f v jak\u00e9koliv vzd\u00e1lenosti s p\u0159esnost\u00ed.<\/p>\n<p>\u0158ada RICO 2 se m\u016f\u017ee pochlubit impozantn\u00edm dosahem detekce a\u017e 2600 m, co\u017e v\u00e1m d\u00e1v\u00e1 v\u00fdznamnou v\u00fdhodu v dlouh\u00e9m loven\u00ed a p\u0159esn\u00e9m zac\u00edlen\u00ed.<\/p>\n<p>Nocpix RICO 2 H50R je vybaven integrovan\u00fdm laserov\u00fdm d\u00e1lkom\u011brem, kter\u00fd nab\u00edz\u00ed laserov\u00e9 zji\u0161\u0165ov\u00e1n\u00ed na vzd\u00e1lenosti a\u017e 1200 m s prav\u00fdm optick\u00fdm zarovn\u00e1n\u00edm osy, co\u017e zaji\u0161\u0165uje p\u0159esn\u00e1 m\u011b\u0159en\u00ed vzd\u00e1lenosti p\u0159i zachov\u00e1n\u00ed elegantn\u00edho designu.<\/p>\n<p>Zjednodu\u0161te um\u00edst\u011bn\u00ed z\u00e1sahu s automatick\u00fdmi balistick\u00fdmi v\u00fdpo\u010dty, pomoc\u00ed integrovan\u00e9ho laserov\u00e9ho d\u00e1lkom\u011bru lze snadno trefit p\u0159esn\u011b na dlouh\u00e9 vzd\u00e1lenosti.<\/p>\n<p>1.03&#8243; 2560\u00d72560 OLED displej (H50R), br\u00fdle bez zkreslen\u00ed, 70mm odstup oka a 23mm v\u00fdstupn\u00ed clona poskytuj\u00ed ostr\u00fd, pohodln\u00fd pohled p\u0159i prodlou\u017een\u00fdch sezen\u00edch.<\/p>\n<p>Model H50R je vybaven neb\u00fdval\u00fdm odstupem 70 mm, co\u017e poskytuje maxim\u00e1ln\u00ed pohodl\u00ed pro dlouhodob\u00e9 pou\u017eit\u00ed bez nam\u00e1h\u00e1n\u00ed o\u010d\u00ed a zaji\u0161\u0165uje bezpe\u010dnost o\u010d\u00ed.<\/p>\n","protected":false},"excerpt":{"rendered":"<p>Termokamera Nocpix Rico 2 H50R. Odborn\u00edk na dlouh\u00fd dosah. Sn\u00edma\u010d 640&#215;512, 60Hz, integrovan\u00fd LRF, plynul\u00e9 zv\u011bt\u0161en\u00ed.<br \/>\nPokud polo\u017eka nen\u00ed k dispozici, kontaktujte n\u00e1s: shop@nbg.eu nebo +359896147790<\/p>\n","protected":false},"featured_media":683964,"template":"","meta":{"_acf_changed":false},"product_brand":[14444],"product_cat":[12680,16064],"product_tag":[],"class_list":{"0":"post-683920","1":"product","2":"type-product","3":"status-publish","4":"has-post-thumbnail","6":"product_brand-nocpix","7":"product_cat-termalni","8":"product_cat-thermal-cameras-cs","10":"first","11":"instock","12":"taxable","13":"shipping-taxable","14":"purchasable","15":"product-type-simple"},"acf":[],"_links":{"self":[{"href":"https:\/\/nbg.eu\/cs\/wp-json\/wp\/v2\/product\/683920","targetHints":{"allow":["GET"]}}],"collection":[{"href":"https:\/\/nbg.eu\/cs\/wp-json\/wp\/v2\/product"}],"about":[{"href":"https:\/\/nbg.eu\/cs\/wp-json\/wp\/v2\/types\/product"}],"wp:featuredmedia":[{"embeddable":true,"href":"https:\/\/nbg.eu\/cs\/wp-json\/wp\/v2\/media\/683964"}],"wp:attachment":[{"href":"https:\/\/nbg.eu\/cs\/wp-json\/wp\/v2\/media?parent=683920"}],"wp:term":[{"taxonomy":"product_brand","embeddable":true,"href":"https:\/\/nbg.eu\/cs\/wp-json\/wp\/v2\/product_brand?post=683920"},{"taxonomy":"product_cat","embeddable":true,"href":"https:\/\/nbg.eu\/cs\/wp-json\/wp\/v2\/product_cat?post=683920"},{"taxonomy":"product_tag","embeddable":true,"href":"https:\/\/nbg.eu\/cs\/wp-json\/wp\/v2\/product_tag?post=683920"}],"curies":[{"name":"wp","href":"https:\/\/api.w.org\/{rel}","templated":true}]}}