{"id":684912,"date":"2026-01-08T18:13:14","date_gmt":"2026-01-08T15:13:14","guid":{"rendered":"https:\/\/nbg.eu\/product\/termokamera-nocpix-ace-h50-12um-640x512-15mk-netd\/"},"modified":"2026-04-14T15:46:40","modified_gmt":"2026-04-14T12:46:40","slug":"termokamera-nocpix-ace-h50-12um-640x512-15mk-netd","status":"publish","type":"product","link":"https:\/\/nbg.eu\/cs\/produkt\/termokamera-nocpix-ace-h50-12um-640x512-15mk-netd\/","title":{"rendered":"Nocpix Termokamera ACE H50"},"content":{"rendered":"<h2>Term\u00e1ln\u00ed pu\u0161kohled Nocpix ACE H50: Nep\u0159ekonan\u00fd v\u00fdkon pro lov<\/h2>\n<p>Term\u00e1ln\u00ed pu\u0161kohled Nocpix ACE H50 kombinuje pokro\u010dilou technologii a odolnou konstrukci pro nevyrovnan\u00fd loveck\u00fd z\u00e1\u017eitek. Disponuje term\u00e1ln\u00edm senzorem s rozli\u0161en\u00edm 640&#215;512 a NETD \u226412mK pro mimo\u0159\u00e1dnou kvalitu obrazu, detek\u010dn\u00ed dosah 3100 metr\u016f. Inovativn\u00ed syst\u00e9m Vision+ nab\u00edz\u00ed okul\u00e1rn\u00ed zv\u011bt\u0161en\u00ed pro jasn\u00e9 detail, zat\u00edmco du\u00e1ln\u00ed syst\u00e9m bateri\u00ed zaji\u0161\u0165uje dlouhodob\u00e9 pou\u017e\u00edv\u00e1n\u00ed. Vyrobeno z vysoce odoln\u00e9 hlin\u00edkov\u00e9 slitiny a s hodnocen\u00edm IP67, tento pu\u0161kohled je navr\u017een pro vynikaj\u00edc\u00ed v\u00fdkon v jak\u00e9mkoliv venkovn\u00edm prost\u0159ed\u00ed a p\u0159izp\u016fsoben\u00ed se libovoln\u00e9 situaci.<\/p>\n<p>Term\u00e1ln\u00ed pu\u0161kohled Nocpix ACE H50 je \u0161pi\u010dkov\u00fd n\u00e1stroj navr\u017een\u00fd tak, aby redefinoval loveck\u00fd z\u00e1\u017eitek, a\u0165 u\u017e navigujete v temn\u00e9 noci nebo pron\u00e1sledujete ko\u0159ist v n\u00e1ro\u010dn\u00e9m ter\u00e9nu. Jako sou\u010d\u00e1st vlajkov\u00e9 s\u00e9rie ACE od NocPix, tento term\u00e1ln\u00ed optick\u00fd zam\u011b\u0159ova\u010d vynik\u00e1 svou vynikaj\u00edc\u00ed kvalitou obrazu a p\u0159esnost\u00ed, d\u00edky vlastn\u00edmu vyvinut\u00e9mu vysoce rozli\u0161en\u00e9mu term\u00e1ln\u00edmu senzoru a pokro\u010dil\u00fdm syst\u00e9m\u016fm Reality+ a Vision+.<\/p>\n<p>Srdcem Nocpix ACE H50 je jeho term\u00e1ln\u00ed senzor Gen-2 HD, kter\u00fd se chlub\u00ed rozli\u0161en\u00edm 640&#215;512 a sn\u00edmkovou frekvenc\u00ed 60 Hz, nab\u00edzej\u00edc\u00ed mimo\u0159\u00e1dn\u011b stabiln\u00ed v\u00fdkon. S NETD \u226412mK tento zam\u011b\u0159ova\u010d detekuje i nejmen\u0161\u00ed teplotn\u00ed rozd\u00edly, poskytuje detailn\u00ed a plynul\u00e9 term\u00e1ln\u00ed obrazy, ide\u00e1ln\u00ed pro sledov\u00e1n\u00ed rychle se pohybuj\u00edc\u00edch c\u00edl\u016f v re\u00e1ln\u00e9m \u010dase. Pokro\u010dil\u00fd zobrazovac\u00ed algoritmus Reality+ nav\u00edc potla\u010duje \u0161um okoln\u00ed teploty, poskytuje vynikaj\u00edc\u00ed kontrast a jasnost i v n\u00e1ro\u010dn\u00fdch loveck\u00fdch podm\u00ednk\u00e1ch.<\/p>\n<p>ACE H50 je vybaven 50mm\/F0.9 objektivem, kter\u00fd umo\u017e\u0148uje 20% v\u00edce sv\u011btla dos\u00e1hnout senzoru, co\u017e vytv\u00e1\u0159\u00ed jasn\u011bj\u0161\u00ed a \u010dist\u0161\u00ed obrazy. To je z\u00e1sadn\u00ed pro lovce, kte\u0159\u00ed usiluj\u00ed o p\u0159esnost, proto\u017ee zlep\u0161en\u00fd p\u0159enos sv\u011btla poskytuje lep\u0161\u00ed viditelnost v prost\u0159ed\u00ed se slab\u00fdm osv\u011btlen\u00edm. Nav\u00edc detek\u010dn\u00ed dosah 3100 metr\u016f stav\u00ed ACE do pop\u0159ed\u00ed, co\u017e usnad\u0148uje identifikaci a sledov\u00e1n\u00ed vzd\u00e1len\u00fdch c\u00edl\u016f \u00fa\u010dinn\u011bji ne\u017e kdy d\u0159\u00edve.<\/p>\n<p>Integrovan\u00fd syst\u00e9m Vision+ vylep\u0161uje vizu\u00e1ln\u00ed z\u00e1\u017eitek s kulat\u00fdm AMOLED displejem o velikosti 1,03 palce a rozli\u0161en\u00ed 2560&#215;2560. Jeho optick\u00fd syst\u00e9m zv\u011bt\u0161en\u00ed, navr\u017een\u00fd tak, aby se vyhnul rozmaz\u00e1n\u00ed a zkreslen\u00ed typick\u00e9mu pro tradi\u010dn\u00ed elektronick\u00e9 zv\u011bt\u0161en\u00ed, zaji\u0161\u0165uje lovc\u016fm jasn\u00e9, vysoce rozli\u0161en\u00e9 detailn\u00ed pohledy bez ztr\u00e1ty podrobnost\u00ed. To poskytuje pono\u0159uj\u00edc\u00ed a pohodln\u00fd z\u00e1\u017eitek z prohl\u00ed\u017een\u00ed, a\u0165 u\u017e vyhl\u00ed\u017e\u00edte ko\u0159ist z d\u00e1lky nebo zam\u011b\u0159ujete s p\u0159esnost\u00ed.<\/p>\n<p>Konstruovan\u00fd pro prodlou\u017een\u00e9 pou\u017eit\u00ed v ter\u00e9nu, ACE disponuje du\u00e1ln\u00edm syst\u00e9mem bateri\u00ed se zabudovanou bateri\u00ed 4000mAh a odn\u00edmatelnou 18650 bateri\u00ed, co\u017e umo\u017e\u0148uje nep\u0159eru\u0161en\u00fd provoz b\u011bhem dlouh\u00fdch loveck\u00fdch v\u00fdprav. Odoln\u00fd design vyroben\u00fd z vysoce pevn\u00e9 hlin\u00edkov\u00e9 slitiny zaji\u0161\u0165uje, \u017ee ACE odol\u00e1 drsn\u00fdm venkovn\u00edm podm\u00ednk\u00e1m a \u010dast\u00e9mu pou\u017e\u00edv\u00e1n\u00ed, kdy\u017e pro\u0161el p\u0159\u00edsn\u00fdmi testy odolnosti proti n\u00e1raz\u016fm. S vodot\u011bsn\u00fdm kryt\u00edm IP67 z\u016fst\u00e1v\u00e1 zam\u011b\u0159ova\u010d spolehliv\u00fd i v nep\u0159\u00edzniv\u00e9m po\u010das\u00ed, poskytuje lovc\u016fm klid v mysli bez ohledu na prost\u0159ed\u00ed.<\/p>\n<p>Navr\u017eeno s lovci na mysli, NocPix ACE H50 obsahuje nezbytn\u00e9 funkce, jako je video z\u00e1znam aktivovan\u00fd zp\u011btn\u00fdm r\u00e1zem a design bez z\u00e1v\u011brky pro snadn\u00e9 ovl\u00e1d\u00e1n\u00ed v ter\u00e9nu. S u\u017eivatelsky p\u0159\u00edv\u011btiv\u00fdmi prvky, jako je zaost\u0159ova\u010d, kryt nab\u00edjen\u00ed a mo\u017enost p\u0159ehr\u00e1vat videa p\u0159\u00edmo prost\u0159ednictv\u00edm funkce Galerie, tento zam\u011b\u0159ova\u010d kombinuje vysok\u00fd v\u00fdkon s prakti\u010dnost\u00ed pro optim\u00e1ln\u00ed loveck\u00fd z\u00e1\u017eitek.<\/p>\n","protected":false},"excerpt":{"rendered":"<p>Term\u00e1ln\u00ed pu\u0161kohled NocPix ACE H50 nab\u00edz\u00ed rozli\u0161en\u00ed 640&#215;512, \u226415mK NETD, detek\u010dn\u00ed dosah 3100m a dvojit\u00fd bateriov\u00fd syst\u00e9m pro vynikaj\u00edc\u00ed z\u00e1\u017eitek z lovu.<\/p>\n<p>Pokud nen\u00ed zbo\u017e\u00ed k dispozici, kontaktujte n\u00e1s pros\u00edm: shop@nbg.eu nebo +359896147790<\/p>\n<p>\n","protected":false},"featured_media":684940,"template":"","meta":{"_acf_changed":false},"product_brand":[14444],"product_cat":[12680,16064],"product_tag":[],"class_list":{"0":"post-684912","1":"product","2":"type-product","3":"status-publish","4":"has-post-thumbnail","6":"product_brand-nocpix","7":"product_cat-termalni","8":"product_cat-thermal-cameras-cs","10":"first","11":"instock","12":"taxable","13":"shipping-taxable","14":"purchasable","15":"product-type-simple"},"acf":[],"_links":{"self":[{"href":"https:\/\/nbg.eu\/cs\/wp-json\/wp\/v2\/product\/684912","targetHints":{"allow":["GET"]}}],"collection":[{"href":"https:\/\/nbg.eu\/cs\/wp-json\/wp\/v2\/product"}],"about":[{"href":"https:\/\/nbg.eu\/cs\/wp-json\/wp\/v2\/types\/product"}],"wp:featuredmedia":[{"embeddable":true,"href":"https:\/\/nbg.eu\/cs\/wp-json\/wp\/v2\/media\/684940"}],"wp:attachment":[{"href":"https:\/\/nbg.eu\/cs\/wp-json\/wp\/v2\/media?parent=684912"}],"wp:term":[{"taxonomy":"product_brand","embeddable":true,"href":"https:\/\/nbg.eu\/cs\/wp-json\/wp\/v2\/product_brand?post=684912"},{"taxonomy":"product_cat","embeddable":true,"href":"https:\/\/nbg.eu\/cs\/wp-json\/wp\/v2\/product_cat?post=684912"},{"taxonomy":"product_tag","embeddable":true,"href":"https:\/\/nbg.eu\/cs\/wp-json\/wp\/v2\/product_tag?post=684912"}],"curies":[{"name":"wp","href":"https:\/\/api.w.org\/{rel}","templated":true}]}}