{"id":685074,"date":"2026-01-08T18:13:21","date_gmt":"2026-01-08T15:13:21","guid":{"rendered":"https:\/\/nbg.eu\/product\/thermal-monocular-nocpix-lumi-p13\/"},"modified":"2026-04-14T15:46:32","modified_gmt":"2026-04-14T12:46:32","slug":"thermal-monocular-nocpix-lumi-p13","status":"publish","type":"product","link":"https:\/\/nbg.eu\/cs\/produkt\/thermal-monocular-nocpix-lumi-p13\/","title":{"rendered":"Nocpix Term\u00e1ln\u00ed Monokul\u00e1r LUMI P13"},"content":{"rendered":"<h2>Maxim\u00e1ln\u00ed v\u00fdkon s minim\u00e1ln\u00ed hmotnost\u00ed &#8211; Nocpix LUMI P13: V\u017edy m\u011bjte p\u0159ehled o sv\u00e9m okol\u00ed<\/h2>\n<p>\u0158ada termokamer LUMI je navr\u017eena pro pou\u017eit\u00ed ve dne i v noci a nab\u00edz\u00ed v\u00e1m v\u00fdjime\u010dnou kvalitu obrazu i za obt\u00ed\u017en\u00fdch pov\u011btrnostn\u00edch podm\u00ednek, jako je mlha, smog nebo d\u00e9\u0161\u0165. I kdy\u017e p\u0159ek\u00e1\u017eky, jako jsou v\u011btve, vysok\u00e1 tr\u00e1va nebo hust\u00e1 vegetace, zt\u011b\u017euj\u00ed viditelnost, d\u00edky t\u00e9to technologii v\u017edy z\u0159eteln\u011b uvid\u00edte, co je p\u0159ed v\u00e1mi. Jsou tak\u00e9 tak kompaktn\u00ed a lehk\u00e9, \u017ee je m\u016f\u017eete snadno nosit kamkoli.<\/p>\n<p>Termokamery LUMI jsou ide\u00e1ln\u00ed pro \u0161irokou \u0161k\u00e1lu aplikac\u00ed, jako je lov, dohled, bezpe\u010dnost, orientace v ter\u00e9nu nebo p\u00e1trac\u00ed a z\u00e1chrann\u00e9 operace.<\/p>\n<h2>Neporovnateln\u00fd obrazov\u00fd v\u00fdkon pro ostr\u00e9 obrazy<\/h2>\n<p>\u0158ada LUMI stanovuje nov\u00e9 standardy v kvalit\u011b obrazu. Vybavena nejpokro\u010dilej\u0161\u00edmi zobrazovac\u00edmi algoritmy a v\u00fdkonn\u00fdm term\u00e1ln\u00edm sn\u00edma\u010dem s NETD &lt; 20 mK, kamera poskytuje ostr\u00e9 a realistick\u00e9 obrazy. Displej AMOLED s rozli\u0161en\u00edm 1440 x 1080 pixel\u016f zaji\u0161\u0165uje v\u00fdjime\u010dn\u00e9 zobrazen\u00ed obrazu, zat\u00edmco re\u017eim Ultra Clear d\u00e1le optimalizuje ostrost obrazu, zejm\u00e9na za obt\u00ed\u017en\u00fdch pov\u011btrnostn\u00edch podm\u00ednek.<\/p>\n<h2>Personalizovan\u00fd z\u00e1\u017eitek z prohl\u00ed\u017een\u00ed &#8211; Sv\u00e9 za\u0159\u00edzen\u00ed si dokonale p\u0159izp\u016fsobte<\/h2>\n<p>D\u00edky sn\u00edma\u010di 256 x 192 px a r\u016fzn\u00fdm mo\u017enostem \u00faprav m\u016f\u017eete za\u0159\u00edzen\u00ed p\u0159esn\u011b p\u0159izp\u016fsobit sv\u00fdm pot\u0159eb\u00e1m. Vyb\u00edrejte z 5 barevn\u00fdch re\u017eim\u016f a optimalizujte sv\u016fj pohled pomoc\u00ed 10 \u00farovn\u00ed jasu, ostrosti a kontrastu &#8211; aby v\u00e1m neunikl \u017e\u00e1dn\u00fd detail.<\/p>\n<h2>Sd\u00edlen\u00ed z\u00e1\u017eitk\u016f je s LUMI snadn\u00e9<\/h2>\n<p>Zachycen\u00ed zvl\u00e1\u0161tn\u00edch okam\u017eik\u016f je pro modern\u00edho lovce nezbytn\u00e9. S Nocpix LUMI P13 m\u016f\u017eete nejen snadno sd\u00edlet svoje z\u00e1znamy p\u0159es aplikaci, ale tak\u00e9 je p\u0159\u00edmo na za\u0159\u00edzen\u00ed p\u0159ehr\u00e1vat &#8211; perfektn\u00ed pro okam\u017eit\u00e9 sd\u00edlen\u00ed va\u0161ich z\u00e1\u017eitk\u016f s ostatn\u00edmi.<\/p>\n<h2>Lze flexibiln\u011b pou\u017e\u00edvat d\u00edky vym\u011bniteln\u00e9mu syst\u00e9mu bateri\u00ed<\/h2>\n<p>\u0158ada LUMI je vybavena standardn\u00edmi bateriemi 18650, co\u017e v\u00e1m d\u00e1v\u00e1 maxim\u00e1ln\u00ed flexibilitu. A\u0165 u\u017e jdete kamkoli, s p\u0159ilo\u017eenou nab\u00edje\u010dkou bateri\u00ed budete p\u0159ipraveni za chv\u00edli &#8211; a m\u016f\u017eete pokra\u010dovat ve sv\u00e9m posl\u00e1n\u00ed.<\/p>\n","protected":false},"excerpt":{"rendered":"<p>Maxim\u00e1ln\u00ed v\u00fdkon s minim\u00e1ln\u00ed hmotnost\u00ed &#8211; Nocpix LUMI P13: St\u00e1le m\u011bjte na oku sv\u016fj c\u00edl.<\/p>\n<p>Pokud polo\u017eka nen\u00ed k dispozici, kontaktujte n\u00e1s: shop@nbg.eu nebo +359896147790<\/p>\n<p>\n","protected":false},"featured_media":685112,"template":"","meta":{"_acf_changed":false},"product_brand":[14444],"product_cat":[16063,12680],"product_tag":[],"class_list":{"0":"post-685074","1":"product","2":"type-product","3":"status-publish","4":"has-post-thumbnail","6":"product_brand-nocpix","7":"product_cat-monoculars-cs","8":"product_cat-termalni","10":"first","11":"instock","12":"taxable","13":"shipping-taxable","14":"purchasable","15":"product-type-simple"},"acf":[],"_links":{"self":[{"href":"https:\/\/nbg.eu\/cs\/wp-json\/wp\/v2\/product\/685074","targetHints":{"allow":["GET"]}}],"collection":[{"href":"https:\/\/nbg.eu\/cs\/wp-json\/wp\/v2\/product"}],"about":[{"href":"https:\/\/nbg.eu\/cs\/wp-json\/wp\/v2\/types\/product"}],"wp:featuredmedia":[{"embeddable":true,"href":"https:\/\/nbg.eu\/cs\/wp-json\/wp\/v2\/media\/685112"}],"wp:attachment":[{"href":"https:\/\/nbg.eu\/cs\/wp-json\/wp\/v2\/media?parent=685074"}],"wp:term":[{"taxonomy":"product_brand","embeddable":true,"href":"https:\/\/nbg.eu\/cs\/wp-json\/wp\/v2\/product_brand?post=685074"},{"taxonomy":"product_cat","embeddable":true,"href":"https:\/\/nbg.eu\/cs\/wp-json\/wp\/v2\/product_cat?post=685074"},{"taxonomy":"product_tag","embeddable":true,"href":"https:\/\/nbg.eu\/cs\/wp-json\/wp\/v2\/product_tag?post=685074"}],"curies":[{"name":"wp","href":"https:\/\/api.w.org\/{rel}","templated":true}]}}