{"id":685243,"date":"2026-01-08T18:13:20","date_gmt":"2026-01-08T15:13:20","guid":{"rendered":"https:\/\/nbg.eu\/product\/termokamera-monokularni-nocpix-lumi-l35r-s-laserovym-dalkomerem\/"},"modified":"2026-04-14T15:46:36","modified_gmt":"2026-04-14T12:46:36","slug":"termokamera-monokularni-nocpix-lumi-l35r-s-laserovym-dalkomerem","status":"publish","type":"product","link":"https:\/\/nbg.eu\/cs\/produkt\/termokamera-monokularni-nocpix-lumi-l35r-s-laserovym-dalkomerem\/","title":{"rendered":"Nocpix Term\u00e1ln\u00ed Monokul\u00e1r LUMI L35R LRF"},"content":{"rendered":"<h2>Term\u00e1ln\u00ed monokul\u00e1rn\u00ed dalekohled Nocpix LUMI L35R s laserov\u00fdm d\u00e1lkom\u011brem<\/h2>\n<p>Nocpix LUMI L35R je v\u00fdkonn\u00fd a kompaktn\u00ed term\u00e1ln\u00ed monokul\u00e1rn\u00ed dalekohled s integrovan\u00fdm laserov\u00fdm d\u00e1lkom\u011brem. Vybaven nejpokro\u010dilej\u0161\u00edm senzorem ve sv\u00e9 t\u0159\u00edd\u011b s NETD \u226418mK, tato term\u00e1ln\u00ed kamera poskytuje vysoce kvalitn\u00ed zobrazen\u00ed i v extr\u00e9mn\u00edch pov\u011btrnostn\u00edch podm\u00ednk\u00e1ch. Lehk\u00fd a ergonomick\u00fd design usnad\u0148uje ovl\u00e1d\u00e1n\u00ed a vym\u011bniteln\u00fd syst\u00e9m baterie se standardn\u00edmi 18650 bateriemi zaji\u0161\u0165uje prodlou\u017eenou dobu provozu.<\/p>\n<p>Integrovan\u00fd laserov\u00fd d\u00e1lkom\u011br umo\u017e\u0148uje p\u0159esn\u00e9 ur\u010den\u00ed vzd\u00e1lenosti c\u00edle a pokro\u010dil\u00e9 zobrazovac\u00ed algoritmy R+ AI vylep\u0161uj\u00ed detaily obrazu a vyu\u017e\u00edvaj\u00ed pln\u00fd potenci\u00e1l senzoru. Monokul\u00e1rn\u00ed dalekohled je vod\u011bodoln\u00fd, prachot\u011bsn\u00fd a navr\u017een pro pohodln\u00e9 venkovn\u00ed pou\u017eit\u00ed s funkcemi jako elektronick\u00e1 stabilizace obrazu, barevn\u00e9 palety pro no\u010dn\u00ed vid\u011bn\u00ed a ultra tich\u00e1 tla\u010d\u00edtka.<\/p>\n<p>S rozsahem senzoru a\u017e 1800 m je Nocpix LUMI L35R univerz\u00e1ln\u00edm term\u00e1ln\u00edm zobrazovac\u00edm \u0159e\u0161en\u00edm pro lov, bezpe\u010dnost a venkovn\u00ed aktivity. Podporov\u00e1n 3letou plnou z\u00e1rukou v\u00fdrobce, tento term\u00e1ln\u00ed monokul\u00e1rn\u00ed dalekohled poskytuje vynikaj\u00edc\u00ed v\u00fdkon a spolehlivost.<\/p>\n","protected":false},"excerpt":{"rendered":"<p>Termokamera Nocpix LUMI L35R s laserov\u00fdm d\u00e1lkom\u011brem: senzor s vysok\u00fdm rozli\u0161en\u00edm \u226418 mK NETD, kompaktn\u00ed a lehk\u00e1, vym\u011bniteln\u00e1 baterie.<\/p>\n","protected":false},"featured_media":685284,"template":"","meta":{"_acf_changed":false},"product_brand":[14444],"product_cat":[16063,12680],"product_tag":[],"class_list":{"0":"post-685243","1":"product","2":"type-product","3":"status-publish","4":"has-post-thumbnail","6":"product_brand-nocpix","7":"product_cat-monoculars-cs","8":"product_cat-termalni","10":"first","11":"instock","12":"taxable","13":"shipping-taxable","14":"purchasable","15":"product-type-simple"},"acf":[],"_links":{"self":[{"href":"https:\/\/nbg.eu\/cs\/wp-json\/wp\/v2\/product\/685243","targetHints":{"allow":["GET"]}}],"collection":[{"href":"https:\/\/nbg.eu\/cs\/wp-json\/wp\/v2\/product"}],"about":[{"href":"https:\/\/nbg.eu\/cs\/wp-json\/wp\/v2\/types\/product"}],"wp:featuredmedia":[{"embeddable":true,"href":"https:\/\/nbg.eu\/cs\/wp-json\/wp\/v2\/media\/685284"}],"wp:attachment":[{"href":"https:\/\/nbg.eu\/cs\/wp-json\/wp\/v2\/media?parent=685243"}],"wp:term":[{"taxonomy":"product_brand","embeddable":true,"href":"https:\/\/nbg.eu\/cs\/wp-json\/wp\/v2\/product_brand?post=685243"},{"taxonomy":"product_cat","embeddable":true,"href":"https:\/\/nbg.eu\/cs\/wp-json\/wp\/v2\/product_cat?post=685243"},{"taxonomy":"product_tag","embeddable":true,"href":"https:\/\/nbg.eu\/cs\/wp-json\/wp\/v2\/product_tag?post=685243"}],"curies":[{"name":"wp","href":"https:\/\/api.w.org\/{rel}","templated":true}]}}