{"id":685327,"date":"2025-12-17T17:50:25","date_gmt":"2025-12-17T14:50:25","guid":{"rendered":"https:\/\/nbg.eu\/product\/termalni-monokular-nocpix-lumi-l19\/"},"modified":"2026-01-21T11:59:27","modified_gmt":"2026-01-21T08:59:27","slug":"termalni-monokular-nocpix-lumi-l19","status":"publish","type":"product","link":"https:\/\/nbg.eu\/cs\/produkt\/termalni-monokular-nocpix-lumi-l19\/","title":{"rendered":"Term\u00e1ln\u00ed monokul\u00e1r Nocpix LUMI L19"},"content":{"rendered":"<h2>Maxim\u00e1ln\u00ed v\u00fdkon s minim\u00e1ln\u00ed hmotnost\u00ed \u2013 Nocpix LUMI L19: V\u00e1\u0161 pozorovatel pro lesy a louky<\/h2>\n<p>\u0158ada termokamer LUMI je navr\u017eena pro denn\u00ed i no\u010dn\u00ed pou\u017eit\u00ed a nab\u00edz\u00ed v\u00e1m vynikaj\u00edc\u00ed kvalitu obrazu i v obt\u00ed\u017en\u00fdch pov\u011btrnostn\u00edch podm\u00ednk\u00e1ch, jako je mlha, smog nebo d\u00e9\u0161\u0165. Ani kdy\u017e p\u0159ek\u00e1\u017eky, jako jsou v\u011btve, vysok\u00e1 tr\u00e1va nebo hust\u00e1 vegetace, zt\u011b\u017euj\u00ed viditelnost, v\u00e1m d\u00edky t\u00e9to technologii v\u017edy umo\u017en\u00ed jasn\u011b vid\u011bt, co je p\u0159ed v\u00e1mi. Jsou tak\u00e9 tak kompaktn\u00ed a lehk\u00e9, \u017ee je m\u016f\u017eete snadno nosit kamkoli.<\/p>\n<p>Termokamery LUMI jsou ide\u00e1ln\u00ed pro celou \u0159adu aplikac\u00ed, jako je lov, dohled, bezpe\u010dnost, orientace v ter\u00e9nu nebo p\u00e1trac\u00ed a z\u00e1chrann\u00e9 akce.<\/p>\n<h2>Nevyrovnateln\u00fd obrazov\u00fd v\u00fdkon pro ostr\u00e9 obrazy<\/h2>\n<p>\u0158ada LUMI nastavuje nov\u00e9 standardy co se t\u00fd\u010de kvality obrazu. Vybaven\u00e1 nejpokro\u010dilej\u0161\u00edmi algoritmy zobrazov\u00e1n\u00ed a v\u00fdkonn\u00fdm term\u00e1ln\u00edm senzorem s NETD &lt; 18 mK, kamera poskytuje ostr\u00e9 a realistick\u00e9 obrazy. AMOLED displej s rozli\u0161en\u00edm 1024 x 768 pixel\u016f zaji\u0161\u0165uje vynikaj\u00edc\u00ed zobrazen\u00ed obrazu, zat\u00edmco re\u017eim Ultra Clear d\u00e1le optimalizuje jeho ostrost, zvl\u00e1\u0161t\u011b v obt\u00ed\u017en\u00fdch pov\u011btrnostn\u00edch podm\u00ednk\u00e1ch.<\/p>\n<h2>Personalizovan\u00fd z\u00e1\u017eitek z prohl\u00ed\u017een\u00ed \u2013 P\u0159izp\u016fsobte si sv\u00e9 za\u0159\u00edzen\u00ed dokonale<\/h2>\n<p>D\u00edky st\u0159edn\u011b velk\u00e9mu 384 x 288 px senzoru a \u0159ad\u011b mo\u017enost\u00ed nastaven\u00ed m\u016f\u017eete za\u0159\u00edzen\u00ed p\u0159izp\u016fsobit p\u0159esn\u011b podle va\u0161ich pot\u0159eb. Vyberte si z 5 barevn\u00fdch re\u017eim\u016f a optimalizujte sv\u016fj pohled pomoc\u00ed 10 \u00farovn\u00ed jasu, ostrosti a kontrastu &#8211; aby \u017e\u00e1dn\u00fd detail neunikl va\u0161\u00ed pozornosti.<\/p>\n<h2>Snadn\u00e9 sd\u00edlen\u00ed z\u00e1\u017eitk\u016f<\/h2>\n<p>Zachycen\u00ed zvl\u00e1\u0161tn\u00edch okam\u017eik\u016f je pro modern\u00edho lovce nezbytn\u00e9. S Nocpix LUMI m\u016f\u017eete nejen snadno sd\u00edlet sv\u00e9 nahr\u00e1vky prost\u0159ednictv\u00edm aplikace, ale tak\u00e9 je p\u0159ehr\u00e1vat p\u0159\u00edmo na za\u0159\u00edzen\u00ed &#8211; perfektn\u00ed pro okam\u017eit\u00e9 sd\u00edlen\u00ed va\u0161ich z\u00e1\u017eitk\u016f s ostatn\u00edmi.<\/p>\n<h2>M\u016f\u017ee b\u00fdt pou\u017e\u00edv\u00e1n flexibiln\u011b d\u00edky vyj\u00edmateln\u00fdm bateri\u00edm<\/h2>\n<p>\u0158ada LUMI je vybavena standardn\u00edmi bateriemi 18650, co\u017e v\u00e1m poskytuje maxim\u00e1ln\u00ed flexibilitu. Bez ohledu na to, kam se vyd\u00e1te, s dodanou nab\u00edje\u010dkou bateri\u00ed budete op\u011bt p\u0159ipraveni v m\u017eiku &#8211; a m\u016f\u017eete pokra\u010dovat ve sv\u00e9m posl\u00e1n\u00ed.<\/p>\n","protected":false},"excerpt":{"rendered":"<p>Maxim\u00e1ln\u00ed v\u00fdkon s minim\u00e1ln\u00ed hmotnost\u00ed &#8211; Nocpix LUMI L19: V\u00e1\u0161 pozorovatel les\u016f a luk.<\/p>\n","protected":false},"featured_media":685539,"template":"","meta":{"_acf_changed":false},"product_brand":[14444],"product_cat":[12680],"product_tag":[],"class_list":{"0":"post-685327","1":"product","2":"type-product","3":"status-publish","4":"has-post-thumbnail","6":"product_brand-nocpix","7":"product_cat-termalni","9":"first","10":"outofstock","11":"taxable","12":"shipping-taxable","13":"purchasable","14":"product-type-simple"},"acf":[],"_links":{"self":[{"href":"https:\/\/nbg.eu\/cs\/wp-json\/wp\/v2\/product\/685327","targetHints":{"allow":["GET"]}}],"collection":[{"href":"https:\/\/nbg.eu\/cs\/wp-json\/wp\/v2\/product"}],"about":[{"href":"https:\/\/nbg.eu\/cs\/wp-json\/wp\/v2\/types\/product"}],"wp:featuredmedia":[{"embeddable":true,"href":"https:\/\/nbg.eu\/cs\/wp-json\/wp\/v2\/media\/685539"}],"wp:attachment":[{"href":"https:\/\/nbg.eu\/cs\/wp-json\/wp\/v2\/media?parent=685327"}],"wp:term":[{"taxonomy":"product_brand","embeddable":true,"href":"https:\/\/nbg.eu\/cs\/wp-json\/wp\/v2\/product_brand?post=685327"},{"taxonomy":"product_cat","embeddable":true,"href":"https:\/\/nbg.eu\/cs\/wp-json\/wp\/v2\/product_cat?post=685327"},{"taxonomy":"product_tag","embeddable":true,"href":"https:\/\/nbg.eu\/cs\/wp-json\/wp\/v2\/product_tag?post=685327"}],"curies":[{"name":"wp","href":"https:\/\/api.w.org\/{rel}","templated":true}]}}