{"id":685628,"date":"2025-12-17T17:47:09","date_gmt":"2025-12-17T14:47:09","guid":{"rendered":"https:\/\/nbg.eu\/product\/termalni-monokular-lumi-h35r-s-laserovym-dalkomerem\/"},"modified":"2026-01-21T11:58:52","modified_gmt":"2026-01-21T08:58:52","slug":"termalni-monokular-lumi-h35r-s-laserovym-dalkomerem","status":"publish","type":"product","link":"https:\/\/nbg.eu\/cs\/produkt\/termalni-monokular-lumi-h35r-s-laserovym-dalkomerem\/","title":{"rendered":"Term\u00e1ln\u00ed monokul\u00e1r LUMI H35R s laserov\u00fdm d\u00e1lkom\u011brem"},"content":{"rendered":"<h2>Term\u00e1ln\u00ed monokl se sn\u00edma\u010dov\u00fdm dosahem a\u017e 1800 m, extr\u00e9mn\u011b kompaktn\u00ed a lehk\u00fd!<\/h2>\n<p>Integrovan\u00fd laserov\u00fd d\u00e1lkom\u011br.<\/p>\n<p>Senzor s vysok\u00fdm rozli\u0161en\u00edm a obzvl\u00e1\u0161t\u011b v\u00fdkonn\u00fd: \u2264 18 mK NETD.<\/p>\n<p>Odn\u00edmateln\u00fd syst\u00e9m baterie s bateriemi 18650<\/p>\n<p>Videoz\u00e1znam, vod\u011bodoln\u00fd a obzvl\u00e1\u0161t\u011b tich\u00fd provoz.<\/p>\n<p>Pln\u00e1 z\u00e1ruka v\u00fdrobce po dobu 3 let!<\/p>\n<h2>Dal\u0161\u00ed funkce:<\/h2>\n<p>-Integrovan\u00fd laserov\u00fd d\u00e1lkom\u011br pro p\u0159esn\u00e9 ur\u010den\u00ed vzd\u00e1lenosti c\u00edle<\/p>\n<p>-Vysok\u00e1 kvalita obrazu: I v extr\u00e9mn\u00edch pov\u011btrnostn\u00edch podm\u00ednk\u00e1ch z\u016fst\u00e1v\u00e1 kvalita obrazu stabiln\u00ed.<\/p>\n<p>-Senzor navr\u017een\u00fd speci\u00e1ln\u011b pro \u00fa\u010dely lovu: Poskytuje stabiln\u00ed provoz s NETD \u2264 18 mK pro vynikaj\u00edc\u00ed kvalitu obrazu.<\/p>\n<p>-Objektiv F0.9: 20% v\u00edce sv\u011bteln\u00e9ho p\u0159enosu ve srovn\u00e1n\u00ed s objektivem F1.0 pro jasn\u011bj\u0161\u00ed a \u010dist\u0161\u00ed obrazy.<\/p>\n<p>-Optimalizace obrazu Reality+: Pokro\u010dil\u00e9 algoritmy zlep\u0161uj\u00ed kvalitu obrazu a eliminuj\u00ed obrazov\u00fd \u0161um.<\/p>\n<p>-Elektronick\u00e1 stabilizace obrazu: Pro plynul\u00e1 a stabiln\u00ed videa.<\/p>\n<p>-Barevn\u00e9 palety \u00falevy pro o\u010di: Speci\u00e1ln\u00ed \u010derven\u00e9 a zelen\u00e9 palety sni\u017euj\u00ed \u00fanavu o\u010d\u00ed p\u0159i dlouhodob\u00e9m pou\u017e\u00edv\u00e1n\u00ed.<\/p>\n<p>-Odn\u00edmateln\u00e1 baterie 18650: S opa\u010dnou polaritou pro snadnou v\u00fdm\u011bnu, ide\u00e1ln\u00ed v noci.<\/p>\n<p>-Ultratich\u00e9 tla\u010d\u00edtka: Tich\u00fd provoz, kter\u00fd divok\u00e1 zv\u011b\u0159 nevru\u0161\u00ed.<\/p>\n<p>-Kompaktn\u00ed design: Za\u0159\u00edzen\u00ed je men\u0161\u00ed ne\u017e mobiln\u00ed telefon a snadno p\u0159enosn\u00e9.<\/p>\n<p>-T\u0159\u00edda ochrany IP67: Odoln\u00e9 proti prachu a vod\u011b pro pou\u017eit\u00ed v extr\u00e9mn\u00edch podm\u00ednk\u00e1ch.<\/p>\n<p>-Ergonomick\u00fd design: Ide\u00e1ln\u00ed pro venkovn\u00ed pou\u017eit\u00ed, vyvinut\u00fd, pohodln\u00fd a u\u017eivatelsky p\u0159\u00edv\u011btiv\u00fd.<\/p>\n<p>-Lehk\u00fd: Za\u0159\u00edzen\u00ed v\u00e1\u017e\u00ed m\u00e9n\u011b ne\u017e 345 g.<\/p>\n<p>-V\u00fdstupn\u00ed pupila 10 mm: Poskytuje optim\u00e1ln\u00ed viditelnost a pohodln\u00fd pozorovac\u00ed \u00fahel.<\/p>\n<p>-Spolehliv\u00fd v noci: D\u00edky tich\u00e9mu a snadn\u00e9mu ovl\u00e1d\u00e1n\u00ed ho lze optim\u00e1ln\u011b pou\u017e\u00edvat i v temn\u00e9m prost\u0159ed\u00ed.<\/p>\n<p>-Odn\u00edmateln\u00e1 baterie: Umo\u017e\u0148uje del\u0161\u00ed provozn\u00ed dobu v\u00fdm\u011bnou bateri\u00ed.<\/p>\n<p>-Velk\u00fd otvor: Zvy\u0161uje zachycen\u00ed sv\u011btla a jas obrazu v obt\u00ed\u017en\u00fdch sv\u011bteln\u00fdch podm\u00ednk\u00e1ch.<\/p>\n<p>-Vestav\u011bn\u00fd mikrofon: Umo\u017e\u0148uje nahr\u00e1v\u00e1n\u00ed zvuku.<\/p>\n<p>-Pam\u011b\u0165 32 GB: Pro fotografie, videa a zvukov\u00e9 nahr\u00e1vky.<\/p>\n<p>-Snadn\u00e9 pou\u017eit\u00ed: Ide\u00e1ln\u00ed pro u\u017eivatele, kte\u0159\u00ed preferuj\u00ed kompaktn\u00ed a lehk\u00e9 za\u0159\u00edzen\u00ed.<\/p>\n<p>-Algoritmy zobrazov\u00e1n\u00ed R+ AI: Zvy\u0161uje detaily obrazu a vyu\u017e\u00edv\u00e1 pln\u00fd potenci\u00e1l senzoru.<\/p>\n","protected":false},"excerpt":{"rendered":"<p>Nejpokro\u010dilej\u0161\u00ed senzor ve sv\u00e9 t\u0159\u00edd\u011b (&lt;18mK NETD). Integrovan\u00fd laserov\u00fd d\u00e1lkom\u011br. Obzvl\u00e1\u0161t\u011b snadn\u00e9 ovl\u00e1d\u00e1n\u00ed: lehk\u00e9 a kompaktn\u00ed pouzdro. Vym\u011bniteln\u00fd syst\u00e9m baterie se standardn\u00edmi bateriemi 18650.<\/p>\n<p>Pokud polo\u017eka nen\u00ed k dispozici, kontaktujte n\u00e1s pros\u00edm: shop@nbg.eu nebo +359896147790<\/p>\n","protected":false},"featured_media":685654,"template":"","meta":{"_acf_changed":false},"product_brand":[14444],"product_cat":[12680],"product_tag":[],"class_list":{"0":"post-685628","1":"product","2":"type-product","3":"status-publish","4":"has-post-thumbnail","6":"product_brand-nocpix","7":"product_cat-termalni","9":"first","10":"instock","11":"taxable","12":"shipping-taxable","13":"purchasable","14":"product-type-simple"},"acf":[],"_links":{"self":[{"href":"https:\/\/nbg.eu\/cs\/wp-json\/wp\/v2\/product\/685628","targetHints":{"allow":["GET"]}}],"collection":[{"href":"https:\/\/nbg.eu\/cs\/wp-json\/wp\/v2\/product"}],"about":[{"href":"https:\/\/nbg.eu\/cs\/wp-json\/wp\/v2\/types\/product"}],"wp:featuredmedia":[{"embeddable":true,"href":"https:\/\/nbg.eu\/cs\/wp-json\/wp\/v2\/media\/685654"}],"wp:attachment":[{"href":"https:\/\/nbg.eu\/cs\/wp-json\/wp\/v2\/media?parent=685628"}],"wp:term":[{"taxonomy":"product_brand","embeddable":true,"href":"https:\/\/nbg.eu\/cs\/wp-json\/wp\/v2\/product_brand?post=685628"},{"taxonomy":"product_cat","embeddable":true,"href":"https:\/\/nbg.eu\/cs\/wp-json\/wp\/v2\/product_cat?post=685628"},{"taxonomy":"product_tag","embeddable":true,"href":"https:\/\/nbg.eu\/cs\/wp-json\/wp\/v2\/product_tag?post=685628"}],"curies":[{"name":"wp","href":"https:\/\/api.w.org\/{rel}","templated":true}]}}