{"id":685797,"date":"2025-12-18T16:23:59","date_gmt":"2025-12-18T13:23:59","guid":{"rendered":"https:\/\/nbg.eu\/product\/termalni-dvojdalekohledy-nocpix-quest-h35r-lrf-640x512-netd-15mk\/"},"modified":"2026-01-21T12:22:39","modified_gmt":"2026-01-21T09:22:39","slug":"termalni-dvojdalekohledy-nocpix-quest-h35r-lrf-640x512-netd-15mk","status":"publish","type":"product","link":"https:\/\/nbg.eu\/cs\/produkt\/termalni-dvojdalekohledy-nocpix-quest-h35r-lrf-640x512-netd-15mk\/","title":{"rendered":"Term\u00e1ln\u00ed dvojdalekohledy Nocpix Quest H35R LRF 640&#215;512 NETD &lt;15mK"},"content":{"rendered":"<h2>Nocpix QUEST H35R LRF 640&#215;512 term\u00e1ln\u00ed dalekohled<\/h2>\n<p>QUEST je lehk\u00fd a p\u0159enosn\u00fd, nab\u00edz\u00ed detek\u010dn\u00ed dosah a\u017e 2600 m a vestav\u011bn\u00fd skryt\u00fd d\u00e1lkom\u011br s dosahem 1000 m pro vy\u0161\u0161\u00ed p\u0159esnost a viditelnost. Jeho tradi\u010dn\u00ed konstrukce dalekohledu m\u00e1 celokrytu z pry\u017ee a hodnocen\u00ed IP67 pro odolnost a pohodl\u00ed v n\u00e1ro\u010dn\u00fdch podm\u00ednk\u00e1ch. Vybaven vysoce v\u00fdkonn\u00fdm 640&#215;512 sn\u00edma\u010dem (NETD \u226415mK, 60Hz), QUEST poskytuje mimo\u0159\u00e1dnou kvalitu obrazu, vynikaj\u00edc\u00ed tepelnou citlivost a bezprobl\u00e9mov\u00fd provoz v n\u00e1ro\u010dn\u00e9m prost\u0159ed\u00ed.<\/p>\n<h2>Vynikaj\u00edc\u00ed vizu\u00e1ln\u00ed z\u00e1\u017eitek<\/h2>\n<p>Nocpix QUEST nab\u00edz\u00ed vylep\u0161en\u00ed obrazu R+ pro vy\u0161\u0161\u00ed jasnost a p\u0159esnost, spole\u010dn\u011b s displejem AMOLED 1920&#215;1200 pro intenzivn\u00ed a \u0161etrn\u00fd z\u00e1\u017eitek z pozorov\u00e1n\u00ed.<\/p>\n<h2>Vynikaj\u00edc\u00ed sn\u00edma\u010d zaji\u0161\u0165uje vynikaj\u00edc\u00ed v\u00fdkon<\/h2>\n<p>Nocpix QUEST je vybaven vysoce v\u00fdkonn\u00fdm sn\u00edma\u010dem (640&#215;512@12\u00b5m), kter\u00fd poskytuje mimo\u0159\u00e1dnou kvalitu obrazu. S NETD \u226415mK a sn\u00edmkovac\u00ed frekvenc\u00ed 60 Hz poskytuje vynikaj\u00edc\u00ed tepelnou citlivost a dod\u00e1v\u00e1 jasn\u00e9 a vizu\u00e1ln\u00ed obrazy i v t\u011bch nejn\u00e1ro\u010dn\u011bj\u0161\u00edch podm\u00ednk\u00e1ch.<\/p>\n<h2>Siln\u00e9 detek\u010dn\u00ed schopnosti<\/h2>\n<p>Nocpix QUEST m\u00e1 detek\u010dn\u00ed dosah a\u017e 2600 m a vestav\u011bn\u00fd skryt\u00fd d\u00e1lkom\u011br s dosahem a\u017e 1000 m, co\u017e v\u00e1m umo\u017en\u00ed vid\u011bt d\u00e1le a p\u0159esn\u011bji ne\u017e kdykoliv p\u0159edt\u00edm. Podporuje tak\u00e9 balistick\u00e9 v\u00fdpo\u010dty a poskytuje datovou podporu pro koordinovan\u00fd lov.<\/p>\n<h2>Jednoduch\u00e1 obsluha jednou rukou<\/h2>\n<p>Nocpix QUEST nab\u00edz\u00ed ergonomick\u00e9, neklouzav\u00e9 ovl\u00e1d\u00e1n\u00ed se zjednodu\u0161en\u00fdm rozvr\u017een\u00edm 4 tla\u010d\u00edtek a centr\u00e1ln\u011b um\u00edst\u011bn\u00fdmi kole\u010dky pro snadn\u00e9 ovl\u00e1d\u00e1n\u00ed jednou rukou a bezpe\u010dn\u00fd \u00fachop za v\u0161ech podm\u00ednek.<\/p>\n<h2>Lehk\u00fd a p\u0159enosn\u00fd<\/h2>\n<p>QUEST v\u00e1\u017e\u00ed pouze 700 g a obsahuje speci\u00e1ln\u00ed p\u0159epravn\u00ed ta\u0161ku, co\u017e umo\u017e\u0148uje snadn\u00fd p\u0159enos a pohodl\u00ed p\u0159i venkovn\u00edch aktivit\u00e1ch, jako je lov nebo pr\u016fzkum.<\/p>\n<h2>Zbavte se starost\u00ed s nap\u00e1jen\u00edm<\/h2>\n<p>\u0158ada QUEST m\u00e1 du\u00e1ln\u00ed syst\u00e9m bateri\u00ed s vestav\u011bnou a vym\u011bnitelnou bateri\u00ed 18650, co\u017e zaji\u0161\u0165uje bezprobl\u00e9movou v\u00fdm\u011bnu a nep\u0159etr\u017eit\u00e9 pou\u017e\u00edv\u00e1n\u00ed b\u011bhem Va\u0161\u00ed cesty.<\/p>\n<h2>Ten nejlep\u0161\u00ed z\u00e1\u017eitek z dalekohledu<\/h2>\n<p>QUEST m\u00e1 tradi\u010dn\u00ed konstrukci dalekohledu s propracovan\u00fdm kompletn\u00edm pry\u017eov\u00fdm povrchem a hodnocen\u00edm IP67 proti vod\u011b a prachu, co\u017e zaji\u0161\u0165uje odolnost i celkov\u00e9 pohodl\u00ed.<\/p>\n","protected":false},"excerpt":{"rendered":"<p>Lehk\u00e9, p\u0159enosn\u00e9 termokamerov\u00e9 dalekohledy s dosahem detekce 2600 m, 1000 m laseru d\u00e1lkom\u011bru a mimo\u0159\u00e1dnou jasnost\u00ed obrazu.<\/p>\n","protected":false},"featured_media":685855,"template":"","meta":{"_acf_changed":false},"product_brand":[14444],"product_cat":[14677,12680],"product_tag":[],"class_list":{"0":"post-685797","1":"product","2":"type-product","3":"status-publish","4":"has-post-thumbnail","6":"product_brand-nocpix","7":"product_cat-dalekohledy","8":"product_cat-termalni","10":"first","11":"instock","12":"taxable","13":"shipping-taxable","14":"purchasable","15":"product-type-simple"},"acf":[],"_links":{"self":[{"href":"https:\/\/nbg.eu\/cs\/wp-json\/wp\/v2\/product\/685797","targetHints":{"allow":["GET"]}}],"collection":[{"href":"https:\/\/nbg.eu\/cs\/wp-json\/wp\/v2\/product"}],"about":[{"href":"https:\/\/nbg.eu\/cs\/wp-json\/wp\/v2\/types\/product"}],"wp:featuredmedia":[{"embeddable":true,"href":"https:\/\/nbg.eu\/cs\/wp-json\/wp\/v2\/media\/685855"}],"wp:attachment":[{"href":"https:\/\/nbg.eu\/cs\/wp-json\/wp\/v2\/media?parent=685797"}],"wp:term":[{"taxonomy":"product_brand","embeddable":true,"href":"https:\/\/nbg.eu\/cs\/wp-json\/wp\/v2\/product_brand?post=685797"},{"taxonomy":"product_cat","embeddable":true,"href":"https:\/\/nbg.eu\/cs\/wp-json\/wp\/v2\/product_cat?post=685797"},{"taxonomy":"product_tag","embeddable":true,"href":"https:\/\/nbg.eu\/cs\/wp-json\/wp\/v2\/product_tag?post=685797"}],"curies":[{"name":"wp","href":"https:\/\/api.w.org\/{rel}","templated":true}]}}