{"id":686430,"date":"2026-01-08T18:14:39","date_gmt":"2026-01-08T15:14:39","guid":{"rendered":"https:\/\/nbg.eu\/product\/termalni-drzak-nocpix-mate-ultra-s60r\/"},"modified":"2026-04-14T15:45:57","modified_gmt":"2026-04-14T12:45:57","slug":"termalni-drzak-nocpix-mate-ultra-s60r","status":"publish","type":"product","link":"https:\/\/nbg.eu\/cs\/produkt\/termalni-drzak-nocpix-mate-ultra-s60r\/","title":{"rendered":"Nocpix Term\u00e1ln\u00ed N\u00e1stavec Mate Ultra S60R"},"content":{"rendered":"<h2>P\u0159eve\u010fte sv\u016fj denn\u00ed dalekohl\u0435\u0434 na modern\u00ed termoopticm\u00fd zam\u011b\u0159ova\u010d s jedine\u010dn\u00fdm term\u00e1ln\u00edm n\u00e1stavcem Nocpix MATE Ultra S60R 1280&#215;1024 &#8211; nejlep\u0161\u00ed p\u0159edn\u00edunut\u00fd term\u00e1ln\u00ed n\u00e1stavec navr\u017een\u00fd pro profesion\u00e1ln\u00ed lovce, pozorovatele p\u0159\u00edrody a st\u0159elce, kte\u0159\u00ed po\u017eaduj\u00ed p\u0159esnost.<\/h2>\n<p>Vyrobeno s technologi\u00ed zobrazov\u00e1n\u00ed dal\u0161\u00ed generace, Nocpix MATE Ultra S60R poskytuje nevyrovnatelnou ostrost, dlouh\u00fd dosah detekce a \u0161pi\u010dkov\u00e9 funkce pro vynikaj\u00edc\u00ed v\u00fdkon v jak\u00e9mkoli prost\u0159ed\u00ed.<\/p>\n<h2>Mimo\u0159\u00e1dn\u00e1 kvalita obrazu a dosah detekce<\/h2>\n<p>V srdci Nocpix MATE Ultra S60R je term\u00e1ln\u00ed senzor HD 1280\u00d71024 druh\u00e9 generace s ultra jemnou velikost\u00ed pixelu 12 \u03bcm a citlivost\u00ed NETD \u226415mK, zaji\u0161\u0165uj\u00edc\u00ed detekci i nejslab\u0161\u00edch tepeln\u00fdch rozd\u00edl\u016f. Velk\u00fd objektiv 60mm F1.0 zachycuje v\u00edce tepeln\u00e9 energie pro krystalicky \u010dist\u00e9 obrazy a prodlou\u017een\u00fd dosah, nab\u00edzej\u00edc\u00ed vzd\u00e1lenosti detekce a\u017e 3100 m. A\u0165 u\u017e sledujete jeleny za sv\u00edt\u00e1n\u00ed nebo prohled\u00e1v\u00e1te \u0161irok\u00e1 pole v noci, S60R zajist\u00ed, \u017ee \u017e\u00e1dn\u00fd detail neunikne va\u0161\u00ed pozornosti.<\/p>\n<h2>Pokro\u010dil\u00e9 zpracov\u00e1n\u00ed obrazu s Reality+ AI<\/h2>\n<p>Vybaven\u00e9 dvojit\u00fdmi zobrazovac\u00edmi algoritmy &#8211; v\u00fdkonn\u00fdm obrazov\u00fdm procesorem v kombinaci s inteligentn\u00ed technologi\u00ed Reality+ &#8211; MATE Ultra S60R automaticky p\u0159izp\u016fsobuje zv\u011bt\u0161en\u00ed va\u0161eho zam\u011b\u0159ova\u010de. To zaji\u0161\u0165uje ostr\u00e9 vizu\u00e1ly, p\u0159esn\u00e9 p\u0159ibl\u00ed\u017een\u00ed a konzistentn\u00ed stabilitu obrazu, a to i v mlze, mrholen\u00ed nebo n\u00e1ro\u010dn\u00fdch podm\u00ednk\u00e1ch s n\u00edzk\u00fdm sv\u011btlem.<\/p>\n<p>Magic Zoom (bez LITE) &#8211; Automatick\u00e9 p\u0159izp\u016fsoben\u00ed obrazu a rozhran\u00ed v re\u00e1ln\u00e9m \u010dase pro plynul\u00e9 p\u0159ibli\u017eov\u00e1n\u00ed.<\/p>\n<p>7 r\u016fzn\u00fdch barevn\u00fdch palet &#8211; Vyberte si nejlep\u0161\u00ed term\u00e1ln\u00ed zobrazen\u00ed pro jak\u00fdkoli sc\u00e9n\u00e1\u0159.<\/p>\n<p>AMOLED displej 1920\u00d71080 &#8211; Extr\u00e9mn\u011b ostr\u00e9 obrazy s \u017eiv\u00fdm kontrastem.<\/p>\n<h2>Navr\u017eeno pro p\u0159esnost a etick\u00e9 loven\u00ed<\/h2>\n<p>S vestav\u011bn\u00fdm laserov\u00fdm d\u00e1lkom\u011brem (a\u017e 1200 m) a integrovan\u00fdm balistick\u00fdm kalkul\u00e1torem v\u00e1m S60R pom\u016f\u017ee u\u010dinit informovan\u00e1 a etick\u00e1 rozhodnut\u00ed o st\u0159elb\u011b. Re\u017eim obrazu v obraze (PIP) zlep\u0161uje p\u0159esnost zam\u00ed\u0159en\u00ed a funkce Recoil-Activated Video (RAV) zaji\u0161\u0165uje zaznamen\u00e1n\u00ed ka\u017ed\u00e9ho rozhoduj\u00edc\u00edho okam\u017eiku.<\/p>\n<p>Po\u0159izujte fotografie, videa a zvuky s pam\u011bt\u00ed 64 GB<\/p>\n<p>Wi-Fi a d\u00e1lkov\u00e1 konektivita s N-Link<\/p>\n<p>Bezd\u011brov\u00e1 technologie pro tich\u00fd a spolehliv\u00fd provoz<\/p>\n<h2>Odoln\u00fd, praktick\u00fd a spolehliv\u00fd<\/h2>\n<p>Navr\u017een\u00fd pro ter\u00e9n, MATE Ultra S60R je jak odoln\u00fd, tak snadno ovladateln\u00fd. M\u00e1 velk\u00fd 60mm okul\u00e1r s &lt;1% zkreslen\u00edm, udr\u017euj\u00edc\u00ed stabiln\u00ed bod dopadu a konzistentn\u00ed zarovn\u00e1n\u00ed a\u017e do 16n\u00e1sobn\u00e9ho zv\u011bt\u0161en\u00ed. Nap\u00e1jen\u00fd vym\u011bniteln\u00fdmi bateriemi 18650 (4x sou\u010d\u00e1st\u00ed balen\u00ed ULTRA) nab\u00edz\u00ed dlouhotrvaj\u00edc\u00ed spolehlivost pro prodlou\u017een\u00e9 venkovn\u00ed sezen\u00ed.<\/p>\n<h2>Kl\u00ed\u010dov\u00e9 specifikace<\/h2>\n<p>-Senzor Sub 15mk 1280\u00d71024 60Hz druh\u00e9 generace (Ultra)<\/p>\n<p>-Objektiv F1.0 &#8211; vynikaj\u00edc\u00ed sv\u011bteln\u00e9 zachycen\u00ed<\/p>\n<p>-Dosah detekce a\u017e 3100 m<\/p>\n<p>-Integrovan\u00fd laserov\u00fd d\u00e1lkom\u011br 1200 m (bez LITE)<\/p>\n<p>-Zpracov\u00e1n\u00ed obrazu Reality+ s um\u011blou inteligenc\u00ed<\/p>\n<p>-Podpora balistick\u00fdch v\u00fdpo\u010dt\u016f<\/p>\n<p>-Fotografov\u00e1n\u00ed\/nat\u00e1\u010den\u00ed vide\u00ed\/nahr\u00e1v\u00e1n\u00ed zvuku, pam\u011b\u0165 64 GB<\/p>\n<p>-Recoil-Activated Video (RAV)<\/p>\n<p>-AMOLED displej s rozli\u0161en\u00edm 1920\u00d71080<\/p>\n<p>-7 barevn\u00fdch palet<\/p>\n<p>-Kompatibilita s Wi-Fi\/N-Link d\u00e1lkov\u00fdm ovl\u00e1d\u00e1n\u00edm<\/p>\n<p>-Vym\u011bniteln\u00e9 baterie 18650<\/p>\n<h2>Pro\u010d zvolit Nocpix MATE Ultra S60R?<\/h2>\n<p>Pokud hled\u00e1te nejlep\u0161\u00ed term\u00e1ln\u00ed zam\u011b\u0159ovac\u00ed n\u00e1stavec pro v\u00e1\u0161 pu\u0161kohled, MATE Ultra S60R nab\u00edz\u00ed ide\u00e1ln\u00ed kombinaci dlouh\u00e9ho dosahu detekce, \u0161pi\u010dkov\u00e9 AI technologie obrazu a spolehlivosti v ter\u00e9nu. A\u0165 u\u017e jej pou\u017eijete pro lov, pozorov\u00e1n\u00ed divok\u00e9 zv\u011b\u0159e nebo taktick\u00e9 aplikace, redefinuje, \u010deho lze term\u00e1ln\u00edm zam\u011b\u0159ovac\u00edm n\u00e1stavcem dos\u00e1hnout.<\/p>\n","protected":false},"excerpt":{"rendered":"<p>P\u0159em\u011b\u0148te sv\u016fj denn\u00ed zam\u011b\u0159ova\u010d na modern\u00ed term\u00e1ln\u00ed pu\u0161kohled s jedine\u010dnou term\u00e1ln\u00ed mont\u00e1\u017e\u00ed Nocpix MATE Ultra S60R 1280&#215;1024 &#8211; nejlep\u0161\u00ed p\u0159edn\u00ed term\u00e1ln\u00ed mont\u00e1\u017e navr\u017een\u00e1 pro profesion\u00e1ln\u00ed lovce, pozorovatele divok\u00e9 zv\u011b\u0159e a st\u0159elce, kte\u0159\u00ed po\u017eaduj\u00ed p\u0159esnost.<\/p>\n<p>Pokud nen\u00ed polo\u017eka k dispozici, obra\u0165te se pros\u00edm na n\u00e1s: shop@nbg.eu nebo +359896147790<\/p>\n","protected":false},"featured_media":686448,"template":"","meta":{"_acf_changed":false},"product_brand":[14444],"product_cat":[12680,16064],"product_tag":[],"class_list":{"0":"post-686430","1":"product","2":"type-product","3":"status-publish","4":"has-post-thumbnail","6":"product_brand-nocpix","7":"product_cat-termalni","8":"product_cat-thermal-cameras-cs","10":"first","11":"instock","12":"taxable","13":"shipping-taxable","14":"purchasable","15":"product-type-simple"},"acf":[],"_links":{"self":[{"href":"https:\/\/nbg.eu\/cs\/wp-json\/wp\/v2\/product\/686430","targetHints":{"allow":["GET"]}}],"collection":[{"href":"https:\/\/nbg.eu\/cs\/wp-json\/wp\/v2\/product"}],"about":[{"href":"https:\/\/nbg.eu\/cs\/wp-json\/wp\/v2\/types\/product"}],"wp:featuredmedia":[{"embeddable":true,"href":"https:\/\/nbg.eu\/cs\/wp-json\/wp\/v2\/media\/686448"}],"wp:attachment":[{"href":"https:\/\/nbg.eu\/cs\/wp-json\/wp\/v2\/media?parent=686430"}],"wp:term":[{"taxonomy":"product_brand","embeddable":true,"href":"https:\/\/nbg.eu\/cs\/wp-json\/wp\/v2\/product_brand?post=686430"},{"taxonomy":"product_cat","embeddable":true,"href":"https:\/\/nbg.eu\/cs\/wp-json\/wp\/v2\/product_cat?post=686430"},{"taxonomy":"product_tag","embeddable":true,"href":"https:\/\/nbg.eu\/cs\/wp-json\/wp\/v2\/product_tag?post=686430"}],"curies":[{"name":"wp","href":"https:\/\/api.w.org\/{rel}","templated":true}]}}