{"id":686561,"date":"2026-01-08T18:15:06","date_gmt":"2026-01-08T15:15:06","guid":{"rendered":"https:\/\/nbg.eu\/product\/termalni-zamerovac-nocpix-mate-h50r\/"},"modified":"2026-04-14T15:45:53","modified_gmt":"2026-04-14T12:45:53","slug":"termalni-zamerovac-nocpix-mate-h50r","status":"publish","type":"product","link":"https:\/\/nbg.eu\/cs\/produkt\/termalni-zamerovac-nocpix-mate-h50r\/","title":{"rendered":"Nocpix Term\u00e1ln\u00ed Zam\u011b\u0159ova\u010d Mate H50R"},"content":{"rendered":"<h2>P\u0159eve\u010fte v\u00e1\u0161 denn\u00ed dalekohled na modern\u00ed term\u00e1ln\u00ed pu\u0161kohled s Nocpix MATE H50R<\/h2>\n<p>P\u0159eve\u010fte v\u00e1\u0161 denn\u00ed dalekohled na modern\u00ed term\u00e1ln\u00ed pu\u0161kohled s jedine\u010dn\u00fdm term\u00e1ln\u00edm Nocpix MATE H50R s rozli\u0161en\u00edm 640&#215;512 &#8211; nejlep\u0161\u00edm term\u00e1ln\u00edm p\u0159edn\u00edm n\u00e1stavcem navr\u017een\u00fdm pro profesion\u00e1ln\u00ed lovce, pozorovatele divok\u00e9 zv\u011b\u0159e a st\u0159elce, kte\u0159\u00ed vy\u017eaduj\u00ed p\u0159esnost.<\/p>\n<p>Vyroben\u00fd s technologi\u00ed zobrazov\u00e1n\u00ed nov\u00e9 generace, Nocpix MATE H50R poskytuje nevyrovnanou jasnost, dlouh\u00fd dosah detekce a nejmodern\u011bj\u0161\u00ed funkce pro vynikaj\u00edc\u00ed v\u00fdkon v jak\u00e9mkoli prost\u0159ed\u00ed.<\/p>\n<h2>V\u00fdjime\u010dn\u00e1 kvalita obrazu a dosah detekce<\/h2>\n<p>V srdci Nocpix MATE Ultra H50R je term\u00e1ln\u00ed senzor HD 640&#215;512 druh\u00e9 generace s ultra jemnou velikost\u00ed pixelu 12 \u03bcm a citlivost\u00ed NETD \u226415 mK, co\u017e zajist\u00ed, \u017ee budou detekov\u00e1ny i ty nejslab\u0161\u00ed tepeln\u00e9 rozd\u00edly. Velk\u00fd objektiv 50 mm F1.0 zachyt\u00e1v\u00e1 v\u00edce tepeln\u00e9 energie pro krystalicky \u010dist\u00e9 obrazy a prodlou\u017een\u00fd dosah, nab\u00edzej\u00edc\u00ed detek\u010dn\u00ed vzd\u00e1lenosti a\u017e 2600 m. A\u0165 u\u017e sledujete jeleny za sv\u00edt\u00e1n\u00ed nebo skenujete \u0161irok\u00e1 pole v noci, H50R zajist\u00ed, \u017ee \u017e\u00e1dn\u00fd detail neunikne va\u0161\u00ed pozornosti.<\/p>\n<h2>Pokro\u010dil\u00e9 zpracov\u00e1n\u00ed obrazu s Reality+ AI<\/h2>\n<p>Vybaven\u00fd dvojit\u00fdmi zobrazovac\u00edmi algoritmy &#8211; v\u00fdkonn\u00fdm obrazov\u00fdm procesorem v kombinaci s inteligentn\u00ed technologi\u00ed Reality+ &#8211; MATE Ultra H50R automaticky p\u0159izp\u016fsobuje zv\u011bt\u0161en\u00ed va\u0161eho dalekohledu. To zaji\u0161\u0165uje ostr\u00e9 vizu\u00e1ly, p\u0159esn\u00e9 p\u0159ibl\u00ed\u017een\u00ed a konzistentn\u00ed stabilitu obrazu, a to i v mlze, mrholen\u00ed nebo n\u00e1ro\u010dn\u00fdch podm\u00ednk\u00e1ch s n\u00edzk\u00fdm osv\u011btlen\u00edm.<\/p>\n<h2>Navr\u017eeno pro p\u0159esnost a etick\u00fd lov<\/h2>\n<p>S vestav\u011bn\u00fdm laserov\u00fdm d\u00e1lkom\u011brem (a\u017e 1200 m) a integrovan\u00fdm balistick\u00fdm kalkul\u00e1torem v\u00e1m H50R pom\u016f\u017ee u\u010dinit informovan\u00e1 a etick\u00e1 rozhodnut\u00ed o st\u0159elb\u011b. Re\u017eim obrazu v obraze (PIP) zlep\u0161uje p\u0159esnost m\u00ed\u0159en\u00ed a video aktivovan\u00e9 zp\u011btn\u00fdm odrazem (RAV) zaji\u0161\u0165uje, \u017ee ka\u017ed\u00fd kritick\u00fd okam\u017eik je zachycen.<\/p>\n<h2>Odoln\u00fd, praktick\u00fd a spolehliv\u00fd<\/h2>\n<p>Navr\u017een\u00fd pro ter\u00e9nn\u00ed pou\u017eit\u00ed, MATE Ultra H50R je jak odoln\u00fd, tak snadn\u00fd na pou\u017eit\u00ed. M\u00e1 velk\u00fd 60mm okul\u00e1r s &lt;1% deformace, co\u017e udr\u017euje stabiln\u00ed dopad a konzistentn\u00ed zarovn\u00e1n\u00ed a\u017e do 16n\u00e1sobn\u00e9ho zv\u011bt\u0161en\u00ed. Nap\u00e1jen\u00fd vym\u011bniteln\u00fdmi bateriemi 18650 (4x zahrnuty pro ULTRA) nab\u00edz\u00ed dlouhodobou spolehlivost pro prodlou\u017een\u00e9 venkovn\u00ed sezen\u00ed.<\/p>\n","protected":false},"excerpt":{"rendered":"<p>P\u0159em\u011b\u0148te sv\u016fj denn\u00ed zam\u011b\u0159ovac\u00ed dalekohled na modern\u00ed term\u00e1ln\u00ed pu\u0161kov\u00fd zam\u011b\u0159ova\u010d s jedine\u010dnou 640X512 Nocpix MATE H50R term\u00e1ln\u00ed mont\u00e1\u017e\u00ed &#8211; nejlep\u0161\u00ed p\u0159edn\u00ed term\u00e1ln\u00ed mont\u00e1\u017e\u00ed ur\u010denou pro profesion\u00e1ln\u00ed lovce, pozorovatele divok\u00e9 zv\u011b\u0159e a st\u0159elce, kte\u0159\u00ed vy\u017eaduj\u00ed p\u0159esnost.<\/p>\n<p>Pokud polo\u017eka nen\u00ed k dispozici, kontaktujte n\u00e1s pros\u00edm: shop@nbg.eu nebo +359896147790<\/p>\n","protected":false},"featured_media":686587,"template":"","meta":{"_acf_changed":false},"product_brand":[14444],"product_cat":[12680],"product_tag":[],"class_list":{"0":"post-686561","1":"product","2":"type-product","3":"status-publish","4":"has-post-thumbnail","6":"product_brand-nocpix","7":"product_cat-termalni","9":"first","10":"instock","11":"taxable","12":"shipping-taxable","13":"purchasable","14":"product-type-simple"},"acf":[],"_links":{"self":[{"href":"https:\/\/nbg.eu\/cs\/wp-json\/wp\/v2\/product\/686561","targetHints":{"allow":["GET"]}}],"collection":[{"href":"https:\/\/nbg.eu\/cs\/wp-json\/wp\/v2\/product"}],"about":[{"href":"https:\/\/nbg.eu\/cs\/wp-json\/wp\/v2\/types\/product"}],"wp:featuredmedia":[{"embeddable":true,"href":"https:\/\/nbg.eu\/cs\/wp-json\/wp\/v2\/media\/686587"}],"wp:attachment":[{"href":"https:\/\/nbg.eu\/cs\/wp-json\/wp\/v2\/media?parent=686561"}],"wp:term":[{"taxonomy":"product_brand","embeddable":true,"href":"https:\/\/nbg.eu\/cs\/wp-json\/wp\/v2\/product_brand?post=686561"},{"taxonomy":"product_cat","embeddable":true,"href":"https:\/\/nbg.eu\/cs\/wp-json\/wp\/v2\/product_cat?post=686561"},{"taxonomy":"product_tag","embeddable":true,"href":"https:\/\/nbg.eu\/cs\/wp-json\/wp\/v2\/product_tag?post=686561"}],"curies":[{"name":"wp","href":"https:\/\/api.w.org\/{rel}","templated":true}]}}