{"id":686683,"date":"2026-01-08T18:14:07","date_gmt":"2026-01-08T15:14:07","guid":{"rendered":"https:\/\/nbg.eu\/product\/termokamera-nocpix-ace-l35-senzor-384x288-objektiv-35mm\/"},"modified":"2026-04-14T15:46:15","modified_gmt":"2026-04-14T12:46:15","slug":"termokamera-nocpix-ace-l35-senzor-384x288-objektiv-35mm","status":"publish","type":"product","link":"https:\/\/nbg.eu\/cs\/produkt\/termokamera-nocpix-ace-l35-senzor-384x288-objektiv-35mm\/","title":{"rendered":"Nocpix Termokamera ACE L35"},"content":{"rendered":"<h2>Nocpix ACE L35 Termokamera<\/h2>\n<p>Nocpix ACE L35 je postavena na my\u0161lence kombinace pokro\u010dil\u00fdch funkc\u00ed vy\u017eadovan\u00fdch u\u017eivateli do zjednodu\u0161en\u00e9 optiky, kter\u00e1 vyva\u017euje pokro\u010dil\u00e9 schopnosti s jednoduchou obsluhou v ter\u00e9nu. Navr\u017eeno tak, aby se c\u00edtilo jako tradi\u010dn\u00ed denn\u00ed optika, ACE je kompatibiln\u00ed s opakovac\u00edmi nebo poloautomatick\u00fdmi pu\u0161kami pomoc\u00ed standardn\u00edch 30mm mont\u00e1\u017e\u00ed a krou\u017ek\u016f. Kombinace vnit\u0159n\u00ed nab\u00edjec\u00ed baterie USB-C a vyj\u00edmateln\u00e9 nab\u00edjec\u00ed baterie 18650 umo\u017e\u0148uje u\u017eivatel\u016fm na cest\u011b vym\u011b\u0148ovat baterie pro neomezen\u00fd provozn\u00ed \u010das. Zv\u011bt\u0161ovac\u00ed okul\u00e1r 1x a\u017e 3x poskytuje optick\u00e9 zv\u011bt\u0161en\u00ed 2560\u00d72560 kruhov\u00e9ho AMOLED displeje uvnit\u0159 okul\u00e1ru. Syst\u00e9m Vision+ kombinuje tento displej s vysok\u00fdm rozli\u0161en\u00edm se senzorem 18 mK NETD pro neuv\u011b\u0159iteln\u011b detailn\u00ed a p\u0159esn\u00e9 zobrazen\u00ed.<\/p>\n<p>Nocpix ACE L35 nab\u00edz\u00ed cenov\u011b dostupn\u011bj\u0161\u00ed mo\u017enost v \u0159ad\u011b ACE pro lovce pred\u00e1tor\u016f a divok\u00e9 zv\u011b\u0159e, kte\u0159\u00ed nepot\u0159ebuj\u00ed laserov\u00fd d\u00e1lkom\u011br nebo senzor s vy\u0161\u0161\u00edm rozli\u0161en\u00edm. S mimo\u0159\u00e1dn\u011b hodnotnou cenou si ACE L35 zachov\u00e1v\u00e1 v\u0161echny ostatn\u00ed funkce \u0159ady term\u00e1ln\u00edch pu\u0161kohled\u016f ACE.<\/p>\n<p>Optick\u00fd zv\u011bt\u0161ovac\u00ed okul\u00e1r s 1-3x zv\u011bt\u0161en\u00edm poskytuje dal\u0161\u00ed zv\u011bt\u0161en\u00ed displeje bez zm\u011bny m\u011b\u0159\u00edtka nebo digit\u00e1ln\u00edho p\u0159ibl\u00ed\u017een\u00ed. Vysokokonkrastn\u00ed kruhov\u00fd AMOLED displej s rozli\u0161en\u00edm 2560\u00d72560 poskytuje zv\u00fd\u0161enou jasnost a detail. Zjednodu\u0161en\u00e9 ovl\u00e1d\u00e1n\u00ed nab\u00edz\u00ed vylep\u0161enou ergonomii a lep\u0161\u00ed u\u017eivatelsk\u00fd z\u00e1\u017eitek v ter\u00e9nu. Pou\u017e\u00edv\u00e1 b\u011b\u017en\u00e9 nab\u00edjec\u00ed baterie 18650. Funkce balistick\u00e9 kalkula\u010dky zobrazuje hodnoty \u00fabytku st\u0159ely na z\u00e1klad\u011b vstupu z laserov\u00e9ho d\u00e1lkom\u011bru a u\u017eivatelsky p\u0159izp\u016fsoben\u00e9ho profilu n\u00e1boje. Nab\u00edjejte za\u0159\u00edzen\u00ed prost\u0159ednictv\u00edm speci\u00e1ln\u011b navr\u017een\u00e9ho uzamykac\u00edho portu USB-C.<\/p>\n","protected":false},"excerpt":{"rendered":"<p>Termokamera Nocpix ACE L35 m\u00e1 senzor 384&#215;288, objektiv 35 mm, 4x digit\u00e1ln\u00ed zoom a sn\u00edmkovac\u00ed frekvenci 60 Hz s dosahem detekce 1 800 metr\u016f.<\/p>\n<p>Pokud polo\u017eka nen\u00ed k dispozici, kontaktujte n\u00e1s: shop@nbg.eu nebo +359896147790<\/p>\n","protected":false},"featured_media":686705,"template":"","meta":{"_acf_changed":false},"product_brand":[14444],"product_cat":[16064],"product_tag":[],"class_list":{"0":"post-686683","1":"product","2":"type-product","3":"status-publish","4":"has-post-thumbnail","6":"product_brand-nocpix","7":"product_cat-thermal-cameras-cs","9":"first","10":"instock","11":"taxable","12":"shipping-taxable","13":"purchasable","14":"product-type-simple"},"acf":[],"_links":{"self":[{"href":"https:\/\/nbg.eu\/cs\/wp-json\/wp\/v2\/product\/686683","targetHints":{"allow":["GET"]}}],"collection":[{"href":"https:\/\/nbg.eu\/cs\/wp-json\/wp\/v2\/product"}],"about":[{"href":"https:\/\/nbg.eu\/cs\/wp-json\/wp\/v2\/types\/product"}],"wp:featuredmedia":[{"embeddable":true,"href":"https:\/\/nbg.eu\/cs\/wp-json\/wp\/v2\/media\/686705"}],"wp:attachment":[{"href":"https:\/\/nbg.eu\/cs\/wp-json\/wp\/v2\/media?parent=686683"}],"wp:term":[{"taxonomy":"product_brand","embeddable":true,"href":"https:\/\/nbg.eu\/cs\/wp-json\/wp\/v2\/product_brand?post=686683"},{"taxonomy":"product_cat","embeddable":true,"href":"https:\/\/nbg.eu\/cs\/wp-json\/wp\/v2\/product_cat?post=686683"},{"taxonomy":"product_tag","embeddable":true,"href":"https:\/\/nbg.eu\/cs\/wp-json\/wp\/v2\/product_tag?post=686683"}],"curies":[{"name":"wp","href":"https:\/\/api.w.org\/{rel}","templated":true}]}}