{"id":686824,"date":"2026-01-08T18:13:27","date_gmt":"2026-01-08T15:13:27","guid":{"rendered":"https:\/\/nbg.eu\/product\/termokamera-nocpix-ace-h50r-12um-640x512-zeiss-rail\/"},"modified":"2026-04-14T17:18:45","modified_gmt":"2026-04-14T14:18:45","slug":"termokamera-nocpix-ace-h50r-12um-640x512-zeiss-rail","status":"publish","type":"product","link":"https:\/\/nbg.eu\/cs\/produkt\/termokamera-nocpix-ace-h50r-12um-640x512-zeiss-rail\/","title":{"rendered":"Nocpix Termokamera ACE H50R ZEISS RAIL"},"content":{"rendered":"<h2>Nocpix ACE H50R term\u00e1ln\u00ed pu\u0161kohled: Nevyrovnan\u00e1 p\u0159esnost a jasnost lovu<\/h2>\n<p>Term\u00e1ln\u00ed pu\u0161kohled Nocpix ACE H50R kombinuje pokro\u010dilou technologii s odolnou trvanlivost\u00ed pro nevyrovnan\u00fd loveck\u00fd z\u00e1\u017eitek. Disponuje term\u00e1ln\u00edm senzorem s rozli\u0161en\u00edm 640&#215;512 a NETD \u226412 mK pro mimo\u0159\u00e1dnou jasnost obrazu, dete\u010dn\u00ed dosah 3100 metr\u016f a integrovan\u00fd laserov\u00fd d\u00e1lkom\u011br pro p\u0159esn\u00e1 m\u011b\u0159en\u00ed a\u017e do 1200 metr\u016f. Inovativn\u00ed syst\u00e9m Vision+ nab\u00edz\u00ed okul\u00e1rn\u00ed zv\u011bt\u0161en\u00ed pro jasn\u00e9 detaily z bl\u00edzka a dvojit\u00fd syst\u00e9m bateri\u00ed zaji\u0161\u0165uje dlouhodob\u00e9 pou\u017eit\u00ed. Vyroben\u00fd z vysoce pevn\u00e9 hlin\u00edkov\u00e9 slitiny a se stupn\u011bm kryt\u00ed IP67 je tento pu\u0161kohled navr\u017een tak, aby v ka\u017ed\u00e9m venkovn\u00edm prost\u0159ed\u00ed a v ka\u017ed\u00e9 situaci vynikal.<\/p>\n<p>Term\u00e1ln\u00ed pu\u0161kohled Nocpix ACE H50 je \u0161pi\u010dkov\u00fd n\u00e1stroj navr\u017een\u00fd tak, aby redefinoval loveck\u00fd z\u00e1\u017eitek, a\u0165 u\u017e se pohybujete v temn\u00e9 noci nebo pron\u00e1sledujete ko\u0159ist n\u00e1ro\u010dn\u00fdm ter\u00e9nem. Jako sou\u010d\u00e1st vlajkov\u00e9 \u0159ady ACE spole\u010dnosti Nocpix se tento term\u00e1ln\u00ed optick\u00fd pu\u0161kohled vyzna\u010duje svou nad\u0159adnou kvalitou obrazu a p\u0159esnost\u00ed d\u00edky vlastn\u00edmu vysokorozli\u0161en\u00e9mu term\u00e1ln\u00edmu senzoru a pokro\u010dil\u00fdm syst\u00e9m\u016fm Reality+ a Vision+.<\/p>\n<p>Srdcem Nocpix ACE H50R je jeho term\u00e1ln\u00ed senzor Gen-2 HD, kter\u00fd se py\u0161n\u00ed rozli\u0161en\u00edm 640&#215;512 a sn\u00edmkovac\u00ed frekvenc\u00ed 60 Hz, \u010d\u00edm\u017e nab\u00edz\u00ed mimo\u0159\u00e1dn\u011b stabiln\u00ed v\u00fdkon. S NETD \u226412 mK tento pu\u0161kohled detekuje i ty nejmen\u0161\u00ed teplotn\u00ed rozd\u00edly, poskytuje detailn\u00ed a plynul\u00e9 term\u00e1ln\u00ed obrazy ide\u00e1ln\u00ed pro sledov\u00e1n\u00ed rychle se pohybuj\u00edc\u00edch c\u00edl\u016f v re\u00e1ln\u00e9m \u010dase. Pokro\u010dil\u00fd zobrazovac\u00ed algoritmus Reality+ d\u00e1le tento obraz vylep\u0161uje odstran\u011bn\u00edm \u0161umu okoln\u00ed teploty, co\u017e poskytuje vynikaj\u00edc\u00ed kontrast a jasnost i v n\u00e1ro\u010dn\u00fdch loveck\u00fdch podm\u00ednk\u00e1ch.<\/p>\n<p>ACE H50R je vybaven objektivem 50 mm\/F0,9, kter\u00fd umo\u017e\u0148uje 20% v\u011bt\u0161\u00ed pr\u016fnik sv\u011btla do senzoru, a t\u00edm vytv\u00e1\u0159\u00ed jasn\u011bj\u0161\u00ed a \u010dist\u0161\u00ed obrazy. To je z\u00e1sadn\u00ed pro lovce usiluj\u00edc\u00ed o p\u0159esnost, proto\u017ee zlep\u0161en\u00e1 sv\u011btelnost poskytuje lep\u0161\u00ed viditelnost v prost\u0159ed\u00ed s n\u00edzkou osv\u011btlenost\u00ed. Nav\u00edc 3100 metrov\u00fd detek\u010dn\u00ed dosah \u0159ad\u00ed ACE mezi nejlep\u0161\u00ed, co\u017e usnad\u0148uje dlouhodobou identifikaci a sledov\u00e1n\u00ed vzd\u00e1len\u00fdch c\u00edl\u016f.<\/p>\n<p>Integrovan\u00fd syst\u00e9m Vision+ vylep\u0161uje vizu\u00e1ln\u00ed z\u00e1\u017eitek s 1,03palcov\u00fdm kruhov\u00fd AMOLED displejem s rozli\u0161en\u00edm 2560&#215;2560. Jeho optick\u00fd syst\u00e9m zv\u011bt\u0161en\u00ed, navr\u017een\u00fd tak, aby se vyhnul rozmaz\u00e1n\u00ed a zkreslen\u00ed typick\u00e9mu pro tradi\u010dn\u00ed elektronick\u00e9 zv\u011bt\u0161en\u00ed, zaji\u0161\u0165uje lovc\u016fm jasn\u00e9, vysoce rozli\u0161en\u00e9 detailn\u00ed pohledy bez ztr\u00e1ty detail\u016f. To poskytuje pohlcuj\u00edc\u00ed a pohodln\u00fd z\u00e1\u017eitek z pozorov\u00e1n\u00ed, a\u0165 u\u017e jde o vyhl\u00ed\u017een\u00ed ko\u0159isti z d\u00e1lky nebo p\u0159esn\u00e9 zam\u011b\u0159ov\u00e1n\u00ed p\u0159ibl\u00ed\u017een\u00edm.<\/p>\n<p>Vyroben\u00fd pro prodlou\u017een\u00e9 pou\u017eit\u00ed v ter\u00e9nu, ACE disponuje dvojit\u00fdm syst\u00e9mem bateri\u00ed se zabudovanou bateri\u00ed 4000 mAh a dodate\u010dnou vyj\u00edmatelnou bateri\u00ed 18650, co\u017e umo\u017e\u0148uje nep\u0159etr\u017eit\u00fd provoz b\u011bhem dlouh\u00fdch loveck\u00fdch v\u00fdprav. Odoln\u00fd design z vysoce pevn\u00e9 hlin\u00edkov\u00e9 slitiny zaji\u0161\u0165uje, \u017ee ACE dok\u00e1\u017ee odolat drsn\u00fdm venkovn\u00edm podm\u00ednk\u00e1m a intenzivn\u00edmu pou\u017e\u00edv\u00e1n\u00ed, kdy\u017e pro\u0161el p\u0159\u00edsn\u00fdm testov\u00e1n\u00edm odolnosti v\u016f\u010di n\u00e1raz\u016fm. S odolnost\u00ed proti vniknut\u00ed vody podle IP67 z\u016fst\u00e1v\u00e1 pu\u0161kohled spolehliv\u00fd i v nep\u0159\u00edzniv\u00fdch pov\u011btrnostn\u00edch podm\u00ednk\u00e1ch, co\u017e lovc\u016fm poskytuje klid na du\u0161i bez ohledu na prost\u0159ed\u00ed.<\/p>\n<p>Navr\u017een\u00fd s myslivci na mysli, Nocpix ACE H50R zahrnuje nezbytn\u00e9 funkce, jako je video nahr\u00e1v\u00e1n\u00ed aktivovan\u00e9 zp\u011btn\u00fdm r\u00e1zem a bezklapkov\u00fd design pro snadn\u00e9 ovl\u00e1d\u00e1n\u00ed v ter\u00e9nu. D\u00edky u\u017eivatelsky p\u0159\u00edv\u011btiv\u00fdm dopl\u0148k\u016fm, jako je zaost\u0159ovac\u00ed ovlada\u010d, kryt nab\u00edjen\u00ed a mo\u017enost p\u0159ehr\u00e1v\u00e1n\u00ed vide\u00ed p\u0159\u00edmo prost\u0159ednictv\u00edm funkce Galerie, kombinuje tento pu\u0161kohled vysok\u00fd v\u00fdkon s pohodl\u00edm pro optim\u00e1ln\u00ed loveck\u00fd z\u00e1\u017eitek.<\/p>\n","protected":false},"excerpt":{"rendered":"<p>Term\u00e1ln\u00ed pu\u0161kohled Nocpix ACE H50R kombinuje pokro\u010dil\u00fd 640&#215;512 12um senzor, detekci do 3100m a integrovan\u00fd d\u00e1lkom\u011br pro bezkonkuren\u010dn\u00ed lov.<\/p>\n<p>Pokud polo\u017eka nen\u00ed k dispozici, kontaktujte n\u00e1s pros\u00edm: shop@nbg.eu nebo +359896147790<\/p>\n<p>\n","protected":false},"featured_media":686864,"template":"","meta":{"_acf_changed":false},"product_brand":[14444],"product_cat":[16064],"product_tag":[],"class_list":{"0":"post-686824","1":"product","2":"type-product","3":"status-publish","4":"has-post-thumbnail","6":"product_brand-nocpix","7":"product_cat-thermal-cameras-cs","9":"first","10":"instock","11":"taxable","12":"shipping-taxable","13":"purchasable","14":"product-type-simple"},"acf":[],"_links":{"self":[{"href":"https:\/\/nbg.eu\/cs\/wp-json\/wp\/v2\/product\/686824","targetHints":{"allow":["GET"]}}],"collection":[{"href":"https:\/\/nbg.eu\/cs\/wp-json\/wp\/v2\/product"}],"about":[{"href":"https:\/\/nbg.eu\/cs\/wp-json\/wp\/v2\/types\/product"}],"wp:featuredmedia":[{"embeddable":true,"href":"https:\/\/nbg.eu\/cs\/wp-json\/wp\/v2\/media\/686864"}],"wp:attachment":[{"href":"https:\/\/nbg.eu\/cs\/wp-json\/wp\/v2\/media?parent=686824"}],"wp:term":[{"taxonomy":"product_brand","embeddable":true,"href":"https:\/\/nbg.eu\/cs\/wp-json\/wp\/v2\/product_brand?post=686824"},{"taxonomy":"product_cat","embeddable":true,"href":"https:\/\/nbg.eu\/cs\/wp-json\/wp\/v2\/product_cat?post=686824"},{"taxonomy":"product_tag","embeddable":true,"href":"https:\/\/nbg.eu\/cs\/wp-json\/wp\/v2\/product_tag?post=686824"}],"curies":[{"name":"wp","href":"https:\/\/api.w.org\/{rel}","templated":true}]}}