{"id":686987,"date":"2025-12-18T18:25:22","date_gmt":"2025-12-18T15:25:22","guid":{"rendered":"https:\/\/nbg.eu\/product\/termokamera-nocpix-bolt-l35r\/"},"modified":"2026-02-27T15:50:53","modified_gmt":"2026-02-27T12:50:53","slug":"termokamera-nocpix-bolt-l35r","status":"publish","type":"product","link":"https:\/\/nbg.eu\/cs\/produkt\/termokamera-nocpix-bolt-l35r\/","title":{"rendered":"Termokamera Nocpix Bolt L35R"},"content":{"rendered":"<h2>Dokonal\u00fd za\u010d\u00e1tek va\u0161\u00ed no\u010dn\u00ed honby: Nocpix Bolt L35R Termokamera<\/h2>\n<p>Navr\u017eeno pro za\u010d\u00e1te\u010dn\u00edky, kte\u0159\u00ed cht\u011bj\u00ed jasnost, v\u0161e v jednom a sebev\u011bdom\u00ed od prvn\u00edho dne, Nocpix BOLT kombinuje ostr\u00fd term\u00e1ln\u00ed zobrazen\u00ed, vestav\u011bn\u00fd d\u00e1lkom\u011br a chytr\u00e9 balistick\u00e9 n\u00e1stroje v kompaktn\u00edm a snadno pou\u017eiteln\u00e9m designu &#8211; poskytuje nov\u00e1\u010dk\u016fm p\u0159esn\u011b to, co pot\u0159ebuj\u00ed k chytr\u00e9 honb\u011b a sebev\u011bdom\u00e9 st\u0159elb\u011b.<\/p>\n<h2>Jasn\u011b vid\u011bt, p\u0159esn\u011b identifikovat<\/h2>\n<p>Rozmazan\u00e9 obr\u00e1zky a t\u011b\u017eko viditeln\u00e9 c\u00edle jsou b\u011b\u017en\u00fdm probl\u00e9mem nov\u00fdch u\u017eivatel\u016f term\u00e1ln\u00edch dalekohled\u016f, zvl\u00e1\u0161t\u011b ve tm\u011b. Proto je BOLT vybaven vlastn\u011b vyvinut\u00fdm term\u00e1ln\u00edm senzorem s \u226420mK NETD a vysokou sn\u00edmkovou frekvenc\u00ed 50 Hz, co\u017e v\u00e1m poskytne hladk\u00e9 a vysoce rozli\u0161en\u00e9 obr\u00e1zky i v n\u00e1ro\u010dn\u00fdch podm\u00ednk\u00e1ch. D\u00edky na\u0161emu algoritmu Reality+ zobrazen\u00ed BOLT pror\u00e1\u017e\u00ed mlhu, k\u0159oviny a tmu a poskytuje ostr\u00e9 vizu\u00e1ly a spolehlivou identifikaci c\u00edle.<\/p>\n<h2>Bu\u010fte lehc\u00ed, bu\u010fte soust\u0159ed\u011bn\u00ed<\/h2>\n<p>Jako nov\u00fd lovec, zejm\u00e9na kdy\u017e si teprve zvyk\u00e1te na tich\u00fd pohyb a udr\u017een\u00ed soust\u0159ed\u011bn\u00ed. Proto Nocpix BOLT z\u016fst\u00e1v\u00e1 jednodu\u0161e. V\u00e1\u017e\u00ed pouze 880 gram\u016f a m\u00e1 kompaktn\u00ed, proudnicov\u00fd design, tak\u017ee je snadn\u00e9 ho n\u00e9st, upevnit a ovl\u00e1dat, i na dlouh\u00fdch lovech.<\/p>\n<h2>Zn\u00e1t dosah, lovit s d\u016fv\u011brou<\/h2>\n<p>Pro nov\u00e9 lovce m\u016f\u017ee b\u00fdt odhad vzd\u00e1lenosti obt\u00ed\u017en\u00fd a vynechan\u00e9 r\u00e1ny mohou podlomit jejich sebed\u016fv\u011bru. BOLT odstra\u0148uje stres ze st\u0159elby d\u00edky vestav\u011bn\u00e9mu 1 200 metr\u016f laserov\u00e9mu d\u00e1lkom\u011bru a inteligentn\u00edmu balistick\u00e9mu kalkul\u00e1toru. Z\u00edsk\u00e1te p\u0159esn\u00e9 \u00fadaje o vzd\u00e1lenosti a okam\u017eitou podporu zam\u011b\u0159en\u00ed, kter\u00e1 v\u00e1m pom\u016f\u017ee trefit ka\u017ed\u00fd v\u00fdst\u0159el p\u0159esn\u011b tam, kde je t\u0159eba. Od va\u0161eho prvn\u00edho lovu d\u00e1v\u00e1 BOLT za\u010d\u00e1te\u010dn\u00edk\u016fm v\u00fdhodu, kterou pot\u0159ebuj\u00ed ke chyt\u0159ej\u0161\u00ed a konzistentn\u011bj\u0161\u00ed st\u0159elb\u011b.<\/p>\n<h2>Lovte cel\u00fd den bez obav o nap\u00e1jen\u00ed<\/h2>\n<p>Vybit\u00ed baterie b\u011bhem lovu je no\u010dn\u00ed m\u016frou ka\u017ed\u00e9ho nov\u00e9ho lovce. Proto je BOLT navr\u017een s du\u00e1ln\u00edm syst\u00e9mem bateri\u00ed &#8211; dlouhodobou integrovanou bateri\u00ed 5000 mAh a vym\u011bnitelnou z\u00e1lo\u017en\u00ed bateri\u00ed 18650. S celkovou kapacitou 9000 mAh m\u00e1te a\u017e 12 hodin nep\u0159etr\u017eit\u00e9ho pou\u017eit\u00ed. \u017d\u00e1dn\u00fd stres, \u017e\u00e1dn\u00e9 p\u0159eru\u0161en\u00ed &#8211; jen nap\u00e1jen\u00ed, kter\u00e9 je s v\u00e1mi od v\u00fdchodu do z\u00e1padu slunce.<\/p>\n<h2>Chytr\u00e9 vybaven\u00ed, zapojen\u00fd lov<\/h2>\n<p>Pro za\u010d\u00e1te\u010dn\u00edky m\u016f\u017ee b\u00fdt zvyk\u00e1n\u00ed si na nov\u00e9 vybaven\u00ed obt\u00ed\u017en\u00e9. BOLT tento proces usnad\u0148uje s p\u0159izp\u016fsobiteln\u00fdmi k\u0159\u00ed\u017eov\u00fdmi vl\u00e1kny, nastaviteln\u00fdmi nast\u0159elovac\u00edmi nastaven\u00edmi a sedmi barevn\u00fdmi paletami pro r\u016fzn\u00e1 prost\u0159ed\u00ed. Nav\u00edc bezprobl\u00e9mov\u00e1 p\u0159ipojitelnost k aplikaci v\u00e1m umo\u017e\u0148uje p\u0159izp\u016fsobit si nastaven\u00ed a sd\u00edlet va\u0161e dobrodru\u017estv\u00ed, co\u017e ka\u017ed\u00fd hon d\u011bl\u00e1 nejen chyt\u0159ej\u0161\u00edm, ale tak\u00e9 z\u00e1bavn\u011bj\u0161\u00edm a uspokojiv\u011bj\u0161\u00edm.<\/p>\n<h2>Robustn\u00ed design, spolehliv\u00fd v\u00fdkon<\/h2>\n<p>Kdy\u017e teprve za\u010d\u00edn\u00e1te, to posledn\u00ed, o co chcete m\u00edt starost, je porouch\u00e1n\u00ed va\u0161eho vybaven\u00ed v ter\u00e9nu. BOLT je vyroben odoln\u011b s pevn\u00fdm celistv\u00fdm hlin\u00edkov\u00fdm t\u011blem a odolnost\u00ed IP67 v\u016f\u010di prachu a vod\u011b. Je testov\u00e1n, aby odolal p\u00e1d\u016fm a vysok\u00e9mu zp\u011btn\u00e9mu r\u00e1zu, tak\u017ee z\u016fst\u00e1v\u00e1 spolehliv\u00fd a p\u0159esn\u00fd bez ohledu na to, jak jsou podm\u00ednky n\u00e1ro\u010dn\u00e9.<\/p>\n","protected":false},"excerpt":{"rendered":"<p>Termokamera Nocpix Bolt L35R nab\u00edz\u00ed ostr\u00fd term\u00e1ln\u00ed obraz, zabudovan\u00fd d\u00e1lkom\u011br a chytr\u00e9 balistick\u00e9 n\u00e1stroje v kompaktn\u00edm a snadno ovladateln\u00e9m designu pro nov\u00e9 no\u010dn\u00ed lovce.<\/p>\n<p>Pokud polo\u017eka nen\u00ed k dispozici, kontaktujte n\u00e1s pros\u00edm: shop@nbg.eu nebo +359896147790<\/p>\n","protected":false},"featured_media":687021,"template":"","meta":{"_acf_changed":false},"product_brand":[14444],"product_cat":[2876],"product_tag":[],"class_list":{"0":"post-686987","1":"product","2":"type-product","3":"status-publish","4":"has-post-thumbnail","6":"product_brand-nocpix","7":"product_cat-rahohvatki","9":"first","10":"instock","11":"taxable","12":"shipping-taxable","13":"purchasable","14":"product-type-simple"},"acf":[],"_links":{"self":[{"href":"https:\/\/nbg.eu\/cs\/wp-json\/wp\/v2\/product\/686987","targetHints":{"allow":["GET"]}}],"collection":[{"href":"https:\/\/nbg.eu\/cs\/wp-json\/wp\/v2\/product"}],"about":[{"href":"https:\/\/nbg.eu\/cs\/wp-json\/wp\/v2\/types\/product"}],"wp:featuredmedia":[{"embeddable":true,"href":"https:\/\/nbg.eu\/cs\/wp-json\/wp\/v2\/media\/687021"}],"wp:attachment":[{"href":"https:\/\/nbg.eu\/cs\/wp-json\/wp\/v2\/media?parent=686987"}],"wp:term":[{"taxonomy":"product_brand","embeddable":true,"href":"https:\/\/nbg.eu\/cs\/wp-json\/wp\/v2\/product_brand?post=686987"},{"taxonomy":"product_cat","embeddable":true,"href":"https:\/\/nbg.eu\/cs\/wp-json\/wp\/v2\/product_cat?post=686987"},{"taxonomy":"product_tag","embeddable":true,"href":"https:\/\/nbg.eu\/cs\/wp-json\/wp\/v2\/product_tag?post=686987"}],"curies":[{"name":"wp","href":"https:\/\/api.w.org\/{rel}","templated":true}]}}