{"id":687707,"date":"2026-01-08T18:14:10","date_gmt":"2026-01-08T15:14:10","guid":{"rendered":"https:\/\/nbg.eu\/product\/tepelny-monokularni-lumi-h35\/"},"modified":"2026-04-14T15:46:10","modified_gmt":"2026-04-14T12:46:10","slug":"tepelny-monokularni-lumi-h35","status":"publish","type":"product","link":"https:\/\/nbg.eu\/cs\/produkt\/tepelny-monokularni-lumi-h35\/","title":{"rendered":"Nocpix Term\u00e1ln\u00ed Monokul\u00e1r LUMI H35"},"content":{"rendered":"<h2>Nocpix LUMI H35: V\u00e1\u0161 nepostradateln\u00fd spole\u010dn\u00edk pro v\u0161echny aplikace<\/h2>\n<p>\u0158ada termovizn\u00edch monokul\u00e1r\u016f LUMI je navr\u017eena pro pou\u017eit\u00ed ve dne i v noci a nab\u00edz\u00ed v\u00e1m mimo\u0159\u00e1dnou kvalitu obrazu, a to i v obt\u00ed\u017en\u00fdch pov\u011btrnostn\u00edch podm\u00ednk\u00e1ch, jako je mlha, smog nebo d\u00e9\u0161\u0165. I kdy\u017e p\u0159ek\u00e1\u017eky, jako jsou v\u011btve, vysok\u00e1 tr\u00e1va nebo hust\u00e1 vegetace, zt\u011b\u017euj\u00ed v\u00fdhled, tato technologie v\u00e1m v\u017edy umo\u017en\u00ed jasn\u011b vid\u011bt, co je p\u0159ed v\u00e1mi. Jsou tak\u00e9 tak kompaktn\u00ed a lehk\u00e9, \u017ee je m\u016f\u017eete snadno nosit kamkoli.<\/p>\n<p>Termokamery LUMI jsou ide\u00e1ln\u00ed pro \u0161irokou \u0161k\u00e1lu aplikac\u00ed, jako je lov, dohled, bezpe\u010dnost, orientace v ter\u00e9nu nebo z\u00e1chrann\u00e9 operace.<\/p>\n<h2>Nevyrovnan\u00fd v\u00fdkon zobrazov\u00e1n\u00ed pro ostr\u00e9 obrazy<\/h2>\n<p>\u0158ada LUMI nastavuje nov\u00e9 standardy v oblasti kvality obrazu. Vybavena nejpokro\u010dilej\u0161\u00edmi zobrazovac\u00edmi algoritmy a v\u00fdkonn\u00fdm term\u00e1ln\u00edm senzorem s NETD &lt; 18 mK, kamera poskytuje ostr\u00e9 a realistick\u00e9 obrazy. AMOLED displej s rozli\u0161en\u00edm 1024 x 768 pixel\u016f zaji\u0161\u0165uje mimo\u0159\u00e1dnou prezentaci obrazu, zat\u00edmco re\u017eim Ultra Clear d\u00e1le optimalizuje ostrost obrazu, zejm\u00e9na v obt\u00ed\u017en\u00fdch pov\u011btrnostn\u00edch podm\u00ednk\u00e1ch.<\/p>\n<h2>Personalizovan\u00fd z\u00e1\u017eitek z prohl\u00ed\u017een\u00ed \u2013 dokonale p\u0159izp\u016fsobte sv\u00e9 za\u0159\u00edzen\u00ed<\/h2>\n<p>D\u00edky velk\u00e9mu senzoru 640 x 512 px a r\u016fzn\u00fdm mo\u017enostem nastaven\u00ed si m\u016f\u017eete za\u0159\u00edzen\u00ed p\u0159izp\u016fsobit p\u0159esn\u011b podle sv\u00fdch pot\u0159eb. Vyberte si z 5 barevn\u00fdch re\u017eim\u016f a optimalizujte sv\u016fj pohled pomoc\u00ed 10 \u00farovn\u00ed jasu, ostrost a kontrast &#8211; aby neunikl \u017e\u00e1dn\u00fd detail.<\/p>\n<h2>Sd\u00edlen\u00ed z\u00e1\u017eitk\u016f je s LUMI snadn\u00e9<\/h2>\n<p>Pro modern\u00edho lovce je zachycen\u00ed zvl\u00e1\u0161tn\u00edch okam\u017eik\u016f d\u016fle\u017eit\u00e9. S Nocpix LUMI H35 m\u016f\u017eete nejen pohodln\u011b sd\u00edlet sv\u00e9 z\u00e1znamy prost\u0159ednictv\u00edm aplikace, ale tak\u00e9 je p\u0159ehr\u00e1vat p\u0159\u00edmo na za\u0159\u00edzen\u00ed &#8211; ide\u00e1ln\u00ed pro okam\u017eit\u00e9 sd\u00edlen\u00ed va\u0161ich z\u00e1\u017eitk\u016f s ostatn\u00edmi.<\/p>\n<h2>Flexibiln\u00ed pou\u017eit\u00ed d\u00edky vym\u011bniteln\u00e9mu syst\u00e9mu bateri\u00ed<\/h2>\n<p>\u0158ada LUMI je vybavena standardn\u00edmi bateriemi 18650, co\u017e v\u00e1m nab\u00edz\u00ed maxim\u00e1ln\u00ed flexibilitu. A\u0165 jste kdekoli, s p\u0159ilo\u017eenou nab\u00edje\u010dkou bateri\u00ed budete p\u0159ipraveni k akci za chv\u00edli &#8211; a m\u016f\u017eete pokra\u010dovat ve sv\u00e9 misi.<\/p>\n","protected":false},"excerpt":{"rendered":"<p>Nocpix LUMI H35: V\u00e1\u0161 nepostradateln\u00fd spole\u010dn\u00edk pro v\u0161echny aplikace. 640 sn\u00edma\u010d s 18 mK, AMOLED displej s 1024 \u00d7 768 pixely, sn\u00edmateln\u00e1 baterie 18650, detek\u010dn\u00ed rozsah p\u0159ibli\u017en\u011b 1800 metr\u016f, kompaktn\u00ed design.<\/p>\n<p>Pokud polo\u017eka nen\u00ed k dispozici, kontaktujte n\u00e1s: shop@nbg.eu nebo +359896147790<\/p>\n<p>\n","protected":false},"featured_media":687761,"template":"","meta":{"_acf_changed":false},"product_brand":[14444],"product_cat":[16063,12680],"product_tag":[],"class_list":{"0":"post-687707","1":"product","2":"type-product","3":"status-publish","4":"has-post-thumbnail","6":"product_brand-nocpix","7":"product_cat-monoculars-cs","8":"product_cat-termalni","10":"first","11":"instock","12":"taxable","13":"shipping-taxable","14":"purchasable","15":"product-type-simple"},"acf":[],"_links":{"self":[{"href":"https:\/\/nbg.eu\/cs\/wp-json\/wp\/v2\/product\/687707","targetHints":{"allow":["GET"]}}],"collection":[{"href":"https:\/\/nbg.eu\/cs\/wp-json\/wp\/v2\/product"}],"about":[{"href":"https:\/\/nbg.eu\/cs\/wp-json\/wp\/v2\/types\/product"}],"wp:featuredmedia":[{"embeddable":true,"href":"https:\/\/nbg.eu\/cs\/wp-json\/wp\/v2\/media\/687761"}],"wp:attachment":[{"href":"https:\/\/nbg.eu\/cs\/wp-json\/wp\/v2\/media?parent=687707"}],"wp:term":[{"taxonomy":"product_brand","embeddable":true,"href":"https:\/\/nbg.eu\/cs\/wp-json\/wp\/v2\/product_brand?post=687707"},{"taxonomy":"product_cat","embeddable":true,"href":"https:\/\/nbg.eu\/cs\/wp-json\/wp\/v2\/product_cat?post=687707"},{"taxonomy":"product_tag","embeddable":true,"href":"https:\/\/nbg.eu\/cs\/wp-json\/wp\/v2\/product_tag?post=687707"}],"curies":[{"name":"wp","href":"https:\/\/api.w.org\/{rel}","templated":true}]}}