{"id":687818,"date":"2026-01-08T18:13:58","date_gmt":"2026-01-08T15:13:58","guid":{"rendered":"https:\/\/nbg.eu\/product\/termokamera-ace-s60r\/"},"modified":"2026-04-14T15:46:19","modified_gmt":"2026-04-14T12:46:19","slug":"termokamera-ace-s60r","status":"publish","type":"product","link":"https:\/\/nbg.eu\/cs\/produkt\/termokamera-ace-s60r\/","title":{"rendered":"Nocpix Termokamera ACE S60R"},"content":{"rendered":"<h2>Popis produktu<\/h2>\n<p>Term\u00e1ln\u00ed zam\u011b\u0159ova\u010d Nocpix ACE S60R je zcela nov\u00fd, \u0161pi\u010dkov\u00fd n\u00e1stroj navr\u017een\u00fd pro elitn\u00ed lovce, kte\u0159\u00ed vy\u017eaduj\u00ed nejvy\u0161\u0161\u00ed v\u00fdkon v t\u011bch nejn\u00e1ro\u010dn\u011bj\u0161\u00edch podm\u00ednk\u00e1ch. S jeho \u0161pi\u010dkovou technologi\u00ed a robustn\u00ed konstrukc\u00ed je tento vedouc\u00ed term\u00e1ln\u00ed zam\u011b\u0159ova\u010d navr\u017een tak, aby v\u00e1m pomohl ovl\u00e1dnout noc a zkrotit divokou zv\u011b\u0159. A\u0165 u\u017e skenujete ko\u0159ist na dlouh\u00e9 vzd\u00e1lenosti nebo sledujete rychle se pohybuj\u00edc\u00ed c\u00edle, zam\u011b\u0159ova\u010d ACE S60R nab\u00edz\u00ed nevyrovnatelnou jasnost, p\u0159esnost a spolehlivost.<\/p>\n<p>Srdcem tohoto mimo\u0159\u00e1dn\u00e9ho zam\u011b\u0159ova\u010de je term\u00e1ln\u00ed senzor Gen-2 HD s rozli\u0161en\u00edm 1280\u00d71024 a ultra-citliv\u00fdm NETD \u226415mK. Tento senzor dal\u0161\u00ed generace umo\u017e\u0148uje zam\u011b\u0159ova\u010du ACE S60R detekovat i nejmen\u0161\u00ed zm\u011bny v teplot\u011b a poskytovat jasn\u00e9, podrobn\u00e9 term\u00e1ln\u00ed sn\u00edmky v re\u00e1ln\u00e9m \u010dase. S sn\u00edmkovou frekvenc\u00ed 50 Hz zaji\u0161\u0165uje zam\u011b\u0159ova\u010d plynul\u00e9 vizu\u00e1ln\u00ed vjemy, kter\u00e9 udr\u017euj\u00ed krok s rychlost\u00ed va\u0161eho c\u00edle, a umo\u017e\u0148uj\u00ed v\u00e1m tak zam\u011b\u0159it se s nevyrovnanou p\u0159esnost\u00ed.<\/p>\n<p>Zam\u011b\u0159ova\u010d Nocpix ACE S60R je tak\u00e9 vybaven objektivem 60mm\/F1.0, kter\u00fd shroma\u017e\u010fuje o 20% v\u00edce sv\u011btla ne\u017e standardn\u00ed zam\u011b\u0159ova\u010de, co\u017e v\u00e1m poskytuje jasn\u011bj\u0161\u00ed a \u010dist\u0161\u00ed obrazy i v nejtemn\u011bj\u0161\u00edch podm\u00ednk\u00e1ch. Jeho vynikaj\u00edc\u00ed dlouhodob\u00e1 detekce a\u017e do vzd\u00e1lenosti 3100 metr\u016f v\u00e1m umo\u017e\u0148uje snadno identifikovat a sledovat vzd\u00e1len\u00e9 c\u00edle, co\u017e je kritick\u00e1 v\u00fdhoda pro dlouhodob\u00fd lov a st\u0159eleck\u00e9 sc\u00e9n\u00e1\u0159e. V kombinaci s patentovan\u00fdm algoritmem zpracov\u00e1n\u00ed obrazu Reality+ zam\u011b\u0159ova\u010de ACE S60R dramaticky sni\u017euje okoln\u00ed \u0161um a poskytuje v\u017edy ostr\u00e9, vysoce kontrastn\u00ed obrazy.<\/p>\n<p>Pro ty, kte\u0159\u00ed cht\u011bj\u00ed je\u0161t\u011b v\u011bt\u0161\u00ed vizu\u00e1ln\u00ed jasnost, je zam\u011b\u0159ova\u010d ACE S60R vybaven inovativn\u00edm syst\u00e9mem Vision+. Kruhov\u00fd 1,03palcov\u00fd AMOLED displej s rozli\u0161en\u00edm 2560\u00d72560, v kombinaci s vedouc\u00edm v oboru okul\u00e1rov\u00fdm zv\u011bt\u0161en\u00edm, poskytuje nevyrovnateln\u00e9 optick\u00e9 zv\u011bt\u0161en\u00ed bez rozost\u0159en\u00ed nebo zkreslen\u00ed typick\u00e9ho pro elektronick\u00e9 zv\u011bt\u0161en\u00ed. Tato pr\u016flomov\u00e1 technologie zaji\u0161\u0165uje, \u017ee si vychutn\u00e1te k\u0159i\u0161\u0165\u00e1lov\u011b \u010dist\u00fd pohled a \u0161irok\u00e9 zorn\u00e9 pole, a\u0165 u\u017e se p\u0159ibli\u017eujete k c\u00edli nebo zkoum\u00e1te sv\u00e9 okol\u00ed.<\/p>\n<p>P\u0159esnost je kl\u00ed\u010dov\u00e1 p\u0159i lovu a zam\u011b\u0159ova\u010d ACE S60R v tomto ohledu nezklame. Jeho vestav\u011bn\u00fd laserov\u00fd d\u00e1lkom\u011br (LRF) poskytuje p\u0159esn\u00e1 m\u011b\u0159en\u00ed a\u017e do vzd\u00e1lenosti 1200 metr\u016f. LRF je elegantn\u011b integrov\u00e1n do kompaktn\u00edho designu, udr\u017euje skute\u010dn\u00e9 optick\u00e9 osov\u00e9 zarovn\u00e1n\u00ed a umo\u017e\u0148uje v\u00e1m vypo\u010d\u00edtat p\u0159esn\u00e9 rozsahy bez naru\u0161en\u00ed zaost\u0159en\u00ed. A s vestav\u011bnou balistickou v\u00fdpo\u010detn\u00ed funkcionalitou zaji\u0161\u0165uje zam\u011b\u0159ova\u010d ACE S60R, \u017ee va\u0161e z\u00e1sahy budou p\u0159esn\u00e9, a to s ohledem na ka\u017ed\u00fd faktor pro dokonalou p\u0159esnost.<\/p>\n<p>Navr\u017eeno s my\u0161lenkou na lovce, zam\u011b\u0159ova\u010d Nocpix ACE S60R se tak\u00e9 chlub\u00ed dvojit\u00fdm akumul\u00e1torov\u00fdm syst\u00e9mem s vestav\u011bnou 4000mAh bateri\u00ed a odn\u00edmatelnou 18650 bateri\u00ed pro prodlou\u017eenou pou\u017eitelnost v ter\u00e9nu. Nemus\u00edte se u\u017e starat o to, \u017ee v\u00e1m dojde nap\u00e1jen\u00ed uprost\u0159ed lovu &#8211; tento syst\u00e9m je navr\u017een tak, aby vydr\u017eel tak dlouho, jako va\u0161e dobrodru\u017estv\u00ed. Funkce, jako je automatick\u00e9 vypnut\u00ed obrazovky, z\u00e1znam videa aktivovan\u00fd zp\u011btn\u00fdm r\u00e1zem a bezp\u0159evodov\u00fd design, z tohoto term\u00e1ln\u00edho zam\u011b\u0159ova\u010de d\u011blaj\u00ed opravdov\u00e9ho hr\u00e1\u010de na poli.<\/p>\n<p>Vyrobeno pro ty nejn\u00e1ro\u010dn\u011bj\u0161\u00ed venkovn\u00ed podm\u00ednky, ACE S60R je vyroben z vysoce pevn\u00e9 hlin\u00edkov\u00e9 slitiny, d\u016fkladn\u011b testovan\u00e9, aby odolal extr\u00e9mn\u00edm n\u00e1raz\u016fm a hrub\u00e9mu pou\u017e\u00edv\u00e1n\u00ed. S hodnocen\u00edm IP67 pro odolnost proti vod\u011b funguje skv\u011ble v de\u0161ti, prachu a n\u00e1ro\u010dn\u00e9m prost\u0159ed\u00ed, tak\u017ee v\u00e1\u0161 zam\u011b\u0159ova\u010d je stejn\u011b odoln\u00fd jako v\u00e1\u0161 loveck\u00fd instinkt.<\/p>\n<p>Nocpix ACE S60R je v\u00edc ne\u017e jen term\u00e1ln\u00ed zam\u011b\u0159ova\u010d &#8211; je to ultim\u00e1tn\u00ed spole\u010dn\u00edk pro lov. S \u0161pi\u010dkovou technologi\u00ed, mimo\u0159\u00e1dnou odolnost\u00ed a \u0159adou pokro\u010dil\u00fdch funkc\u00ed navr\u017een\u00fdch tak, aby vylep\u0161ily v\u00e1\u0161 loveck\u00fd z\u00e1\u017eitek, tento zam\u011b\u0159ova\u010d p\u0159edefinuje, co od va\u0161\u00ed v\u00fdbavy o\u010dek\u00e1v\u00e1te. P\u0159ipravte se na ovl\u00e1dnut\u00ed noci.<\/p>\n","protected":false},"excerpt":{"rendered":"<p>Termovizn\u00ed zam\u011b\u0159ova\u010d Nocpix ACE S60R je \u0161pi\u010dkov\u00fd n\u00e1stroj pro elitn\u00ed lovce, nab\u00edzej\u00edc\u00ed mimo\u0159\u00e1dnou \u010distotu, p\u0159esnost a spolehlivost v nejn\u00e1ro\u010dn\u011bj\u0161\u00edch prost\u0159ed\u00edch. Jeho tepeln\u00fd senzor HD Gen-2, objektiv 60mm\/F1.0 a pokro\u010dil\u00fd syst\u00e9m Vision+ poskytuj\u00ed vynikaj\u00edc\u00ed kvalitu obrazu, zat\u00edmco integrovan\u00fd laserov\u00fd d\u00e1lkom\u011br, balistick\u00e9 v\u00fdpo\u010dty a du\u00e1ln\u00ed syst\u00e9m bateri\u00ed zaji\u0161\u0165uj\u00ed p\u0159esnost a prodlou\u017eenou \u017eivotnost. Vyroben\u00fd z odoln\u00e9 slitiny hlin\u00edku a s hodnocen\u00edm IP67, ACE S60R je navr\u017een tak, aby odolal i t\u011bm nejn\u00e1ro\u010dn\u011bj\u0161\u00edm podm\u00ednk\u00e1m.<\/p>\n","protected":false},"featured_media":687903,"template":"","meta":{"_acf_changed":false},"product_brand":[14444],"product_cat":[16064],"product_tag":[],"class_list":{"0":"post-687818","1":"product","2":"type-product","3":"status-publish","4":"has-post-thumbnail","6":"product_brand-nocpix","7":"product_cat-thermal-cameras-cs","9":"first","10":"instock","11":"taxable","12":"shipping-taxable","13":"purchasable","14":"product-type-simple"},"acf":[],"_links":{"self":[{"href":"https:\/\/nbg.eu\/cs\/wp-json\/wp\/v2\/product\/687818","targetHints":{"allow":["GET"]}}],"collection":[{"href":"https:\/\/nbg.eu\/cs\/wp-json\/wp\/v2\/product"}],"about":[{"href":"https:\/\/nbg.eu\/cs\/wp-json\/wp\/v2\/types\/product"}],"wp:featuredmedia":[{"embeddable":true,"href":"https:\/\/nbg.eu\/cs\/wp-json\/wp\/v2\/media\/687903"}],"wp:attachment":[{"href":"https:\/\/nbg.eu\/cs\/wp-json\/wp\/v2\/media?parent=687818"}],"wp:term":[{"taxonomy":"product_brand","embeddable":true,"href":"https:\/\/nbg.eu\/cs\/wp-json\/wp\/v2\/product_brand?post=687818"},{"taxonomy":"product_cat","embeddable":true,"href":"https:\/\/nbg.eu\/cs\/wp-json\/wp\/v2\/product_cat?post=687818"},{"taxonomy":"product_tag","embeddable":true,"href":"https:\/\/nbg.eu\/cs\/wp-json\/wp\/v2\/product_tag?post=687818"}],"curies":[{"name":"wp","href":"https:\/\/api.w.org\/{rel}","templated":true}]}}