{"id":688043,"date":"2025-10-17T23:10:38","date_gmt":"2025-10-17T20:10:38","guid":{"rendered":"https:\/\/nbg.eu\/product\/poloautomaticka-pistole-kmr-w-02-spectra-s-raze-9x19\/"},"modified":"2026-04-16T16:09:41","modified_gmt":"2026-04-16T13:09:41","slug":"poloautomaticka-pistole-kmr-w-02-spectra-s-raze-9x19","status":"publish","type":"product","link":"https:\/\/nbg.eu\/cs\/produkt\/poloautomaticka-pistole-kmr-w-02-spectra-s-raze-9x19\/","title":{"rendered":"KMR Poloautomatick\u00e1 Pistole W-02 SPECTRA S"},"content":{"rendered":"<h2>Pistole KMR W-02 SPECTRA S OR Poloautomatick\u00e1 &#8211; R\u00e1\u017ee 9&#215;19<\/h2>\n<p>Rychlost v kombinaci s kompaktnost\u00ed. Pistole KMR W-02 SPECTRA S OR m\u00e1 kompaktn\u011bj\u0161\u00ed design s men\u0161\u00edm \u00fachopem. Jako u na\u0161ich jin\u00fdch model\u016f, m\u016f\u017eete o\u010dek\u00e1vat vysokou p\u0159esnost a hladk\u00fd, plynul\u00fd provoz s touto pistol\u00ed. Pistole je vybavena stabiliza\u010dn\u00edm syst\u00e9mem hlavn\u011b BRS, p\u0159\u00edslu\u0161enstv\u00edm KMR, pln\u011b nastaviteln\u00fdm zadn\u00edm m\u00ed\u0159idlem, sout\u011b\u017en\u00ed spou\u0161\u0165ovou p\u00e1kou a rozhran\u00edm pro optiku.<\/p>\n<p>Vlastnosti:<\/p>\n<ul>\n<li>5&#8243; T\u011b\u017ek\u00e1, r\u00fdhovan\u00e1, nitridovan\u00e1 hlave\u0148<\/li>\n<li>BRS \u2013 Syst\u00e9m prstence hlavn\u011b \u2013 Stabiliza\u010dn\u00ed syst\u00e9m hlavn\u011b v z\u00e1v\u011bru<\/li>\n<li>R\u00e1m a z\u00e1v\u011br z oceli, CNC obroben\u00fd z pln\u00e9ho polotovaru<\/li>\n<li>Nitridovan\u00fd r\u00e1m a z\u00e1v\u011br \u2013 \u010dern\u00fd<\/li>\n<li>R\u00e1m zmen\u0161en\u00fd v prostoru rukojeti<\/li>\n<li>Rozhran\u00ed p\u0159ipraven\u00e9 pro optiku (OR)<\/li>\n<li>P\u0159edn\u00ed m\u00ed\u0159idlo s optick\u00fdm vl\u00e1knem (1 mm)<\/li>\n<li>Pln\u011b nastaviteln\u00e9 zadn\u00ed m\u00ed\u0159idlo OR<\/li>\n<li>Spou\u0161\u0165ov\u00fd mechanismus SA\/DA<\/li>\n<li>Ocelov\u00e1 vroubkovan\u00e1 spou\u0161\u0165 SA\/DA s nastaviteln\u00fdm p\u0159etahem \u2013 \u010dern\u00e1<\/li>\n<li>Kr\u00e1tk\u00fd zdvih spou\u0161t\u011b<\/li>\n<li>Sout\u011b\u017en\u00ed SA\/DA bic\u00ed kohout<\/li>\n<li>Prodlou\u017een\u00e1 ru\u010dn\u00ed pojistka vlevo<\/li>\n<li>Ploch\u00e1 ru\u010dn\u00ed pojistka vpravo<\/li>\n<li>\u00dachopy Duralumin WAVES \u2013 tmav\u011b \u010derven\u00e9<\/li>\n<li>Nastaviteln\u00e9 uvoln\u011bn\u00ed z\u00e1sobn\u00edku Duralumin \u2013 \u010dern\u00e9<\/li>\n<li>Z\u00e1sobn\u00edk 9\u00d719, 9\u00d721 s kapacitou 17 n\u00e1boj\u016f<\/li>\n<li>Z\u00e1sobn\u00edky \u2013 3x<\/li>\n<li>Pouzdro na pistoli KMR, \u010dist\u00edc\u00ed sada, olej KMR, n\u00e1stroj pro mont\u00e1\u017e hlavn\u011b, hlavn\u00ed pru\u017eina 14 liber, zp\u011btn\u00e9 pru\u017einy 11 liber, 13 liber, sada tlumi\u010d\u016f, imbusov\u00e9 kl\u00ed\u010de, zaji\u0161\u0165ovac\u00ed lepidlo, z\u00e1ru\u010dn\u00ed list, u\u017eivatelsk\u00e1 p\u0159\u00edru\u010dka<\/li>\n<\/ul>\n<p>Technick\u00e9 specifikace:<\/p>\n<ul>\n<li>R\u00e1\u017ee: 9\u00d719, 9\u00d721<\/li>\n<li>Celkov\u00e1 d\u00e9lka: 220 mm \/ 8,7 in<\/li>\n<li>D\u00e9lka z\u00e1v\u011bru: 194 mm \/ 7,6 in<\/li>\n<li>Celkov\u00e1 \u0161\u00ed\u0159ka: 39 mm \/ 1,5 in<\/li>\n<li>\u0160\u00ed\u0159ka z\u00e1v\u011bru: 26 mm \/ 1 in<\/li>\n<li>Celkov\u00e1 v\u00fd\u0161ka: 146 mm \/ 5,7 in<\/li>\n<li>D\u00e9lka m\u00ed\u0159idel: 177 mm \/ 7 in<\/li>\n<li>D\u00e9lka hlavn\u011b: 127 mm \/ 5 in<\/li>\n<li>Kapacita z\u00e1sobn\u00edku: 17<\/li>\n<li>Spou\u0161\u0165ov\u00fd mechanismus: SA \/ DA<\/li>\n<li>S\u00edla spou\u0161t\u011b: 17,5 N \/ 45 N<\/li>\n<li>Zp\u011btn\u00e1 pru\u017eina: 12 liber<\/li>\n<li>Hlavn\u00ed pru\u017eina: 17 liber<\/li>\n<li>Hmotnost (bez z\u00e1sobn\u00edku): 1230 g \/ 43,4 oz<\/li>\n<li>Hmotnost (se such\u00fdm z\u00e1sobn\u00edkem): 1320 g \/ 46,6 oz<\/li>\n<\/ul>\n","protected":false},"excerpt":{"rendered":"<p>Rychlost v kombinaci s kompaktnost\u00ed. Pistole KMR W-02 SPECTRA S OR m\u00e1 kompaktn\u011bj\u0161\u00ed design se zmen\u0161enou rukojet\u00ed. Jako u na\u0161ich ostatn\u00edch model\u016f m\u016f\u017eete o\u010dek\u00e1vat vysokou p\u0159esnost a hladk\u00fd, plynul\u00fd provoz t\u00e9to pistole. Pistole je vybavena stabiliza\u010dn\u00edm syst\u00e9mem hlavn\u011b BRS, dopl\u0148ky KMR, pln\u011b nastaviteln\u00fdm zadn\u00edm m\u00ed\u0159idlem, z\u00e1vodn\u00edm kohoutem a rozhran\u00edm pro optiku.<\/p>\n","protected":false},"featured_media":688134,"template":"","meta":{"_acf_changed":false},"product_brand":[11490],"product_cat":[14998],"product_tag":[],"class_list":{"0":"post-688043","1":"product","2":"type-product","3":"status-publish","4":"has-post-thumbnail","6":"product_brand-kmr-precision","7":"product_cat-pistols-cs","9":"first","10":"instock","11":"taxable","12":"shipping-taxable","13":"purchasable","14":"product-type-simple"},"acf":[],"_links":{"self":[{"href":"https:\/\/nbg.eu\/cs\/wp-json\/wp\/v2\/product\/688043","targetHints":{"allow":["GET"]}}],"collection":[{"href":"https:\/\/nbg.eu\/cs\/wp-json\/wp\/v2\/product"}],"about":[{"href":"https:\/\/nbg.eu\/cs\/wp-json\/wp\/v2\/types\/product"}],"wp:featuredmedia":[{"embeddable":true,"href":"https:\/\/nbg.eu\/cs\/wp-json\/wp\/v2\/media\/688134"}],"wp:attachment":[{"href":"https:\/\/nbg.eu\/cs\/wp-json\/wp\/v2\/media?parent=688043"}],"wp:term":[{"taxonomy":"product_brand","embeddable":true,"href":"https:\/\/nbg.eu\/cs\/wp-json\/wp\/v2\/product_brand?post=688043"},{"taxonomy":"product_cat","embeddable":true,"href":"https:\/\/nbg.eu\/cs\/wp-json\/wp\/v2\/product_cat?post=688043"},{"taxonomy":"product_tag","embeddable":true,"href":"https:\/\/nbg.eu\/cs\/wp-json\/wp\/v2\/product_tag?post=688043"}],"curies":[{"name":"wp","href":"https:\/\/api.w.org\/{rel}","templated":true}]}}