{"id":688149,"date":"2025-10-17T23:30:59","date_gmt":"2025-10-17T20:30:59","guid":{"rendered":"https:\/\/nbg.eu\/product\/poluavtomaticheskij-pistolet-kmr-umbra-w-02-kal-9h19-s-rezboj-na-stvole\/"},"modified":"2026-04-16T16:09:37","modified_gmt":"2026-04-16T13:09:37","slug":"poluavtomaticheskij-pistolet-kmr-umbra-w-02-kal-9h19-s-rezboj-na-stvole","status":"publish","type":"product","link":"https:\/\/nbg.eu\/cs\/produkt\/poluavtomaticheskij-pistolet-kmr-umbra-w-02-kal-9h19-s-rezboj-na-stvole\/","title":{"rendered":"KMR Poloautomatick\u00e1 Pistole W-02 UMBRA s Z\u00e1vitem na Hlavni"},"content":{"rendered":"<h2>KMR W-02 UMBRA OR &#8211; Kompaktn\u00ed pistole pro z\u00e1vodn\u00ed st\u0159elbu<\/h2>\n<p>S touto kompaktn\u00ed pistol\u00ed se neztrat\u00edte v sout\u011b\u017ei, naopak m\u016f\u017eete p\u0159ekvapit.<\/p>\n<p>Pistole je vybavena p\u0159\u00edslu\u0161enstv\u00edm KMR a stabiliza\u010dn\u00edm syst\u00e9mem BRS, co\u017e znamen\u00e1 p\u0159esn\u00fd z\u00e1sah do ter\u010de.<\/p>\n<p>Tento model nen\u00ed ur\u010den jen pro sportovn\u00ed st\u0159elbu, ale pro ka\u017ed\u00e9ho v\u00e1\u0161niv\u00e9ho st\u0159elce.<\/p>\n<h2>Kl\u00ed\u010dov\u00e9 vlastnosti<\/h2>\n<ul>\n<li>4,5&#8243; t\u011b\u017ek\u00fd, dr\u00e1\u017ekovan\u00fd, nitridovan\u00fd hlave\u0148<\/li>\n<li>BRS &#8211; stabiliza\u010dn\u00ed syst\u00e9m hlavn\u011b v z\u00e1v\u011bru<\/li>\n<li>R\u00e1m a z\u00e1v\u011br z oceli, CNC obr\u00e1b\u011bn\u00e9 z pln\u00e9ho materi\u00e1lu<\/li>\n<li>Nitridovan\u00fd r\u00e1m a z\u00e1v\u011br &#8211; \u010dern\u00e9 proveden\u00ed<\/li>\n<li>Rozhran\u00ed pro optiku (OR)<\/li>\n<li>Zam\u011b\u0159ovac\u00ed m\u00ed\u0159idlo s optickou vl\u00e1knem (1 mm)<\/li>\n<li>Pln\u011b nastaviteln\u00e1 zadn\u00ed m\u00ed\u0159idla OR<\/li>\n<li>SA\/DA spou\u0161\u0165ov\u00fd mechanismus<\/li>\n<li>Ocelov\u00e1, vroubkovan\u00e1 SA\/DA spou\u0161\u0165 s nastaviteln\u00fdm p\u0159etahem &#8211; \u010dern\u00e1<\/li>\n<li>Kr\u00e1tk\u00fd zp\u011btn\u00fd chod spou\u0161t\u011b<\/li>\n<li>Z\u00e1vodn\u00ed SA\/DA bic\u00ed mechanismus<\/li>\n<li>Roz\u0161\u00ed\u0159en\u00e1 manu\u00e1ln\u00ed pojistka vlevo<\/li>\n<li>Ploch\u00e1 manu\u00e1ln\u00ed pojistka vpravo<\/li>\n<li>Duraluminov\u00e9 rukojeti WAVES &#8211; \u010dern\u00e9<\/li>\n<li>Nastaviteln\u00e9 duraluminov\u00e9 uvol\u0148ovac\u00ed tla\u010d\u00edtko z\u00e1sobn\u00edku &#8211; \u010dern\u00e9<\/li>\n<li>Z\u00e1sobn\u00edk 9&#215;19, 9&#215;21 s kapacitou 17 n\u00e1boj\u016f<\/li>\n<\/ul>\n<h2>Co je sou\u010d\u00e1st\u00ed balen\u00ed<\/h2>\n<ul>\n<li>Pistole KMR W-02 UMBRA OR<\/li>\n<li>3 kusy z\u00e1sobn\u00edk\u016f<\/li>\n<li>\u010cist\u00edc\u00ed sada<\/li>\n<li>Olej KMR<\/li>\n<li>N\u00e1stroj pro mont\u00e1\u017e hlavn\u011b<\/li>\n<li>Hlavn\u00ed pru\u017eina 14 lbs<\/li>\n<li>Vratn\u00e1 pru\u017eina 11 lbs, 13 lbs<\/li>\n<li>Sada tlumi\u010d\u016f<\/li>\n<li>Imbusov\u00e9 kl\u00ed\u010de<\/li>\n<li>Zaji\u0161\u0165ovac\u00ed lak<\/li>\n<li>Z\u00e1ru\u010dn\u00ed list<\/li>\n<li>N\u00e1vod k pou\u017eit\u00ed<\/li>\n<li>Sada samolepek KMR Precision Arms<\/li>\n<\/ul>\n<h2>Specifikace<\/h2>\n<ul>\n<li>R\u00e1\u017ee: 9&#215;19, 9&#215;21<\/li>\n<li>Celkov\u00e1 d\u00e9lka: 208 mm \/ 8,2 in<\/li>\n<li>D\u00e9lka z\u00e1v\u011bru: 181 mm \/ 7 in<\/li>\n<li>Celkov\u00e1 \u0161\u00ed\u0159ka: 39 mm \/ 1,5 in<\/li>\n<li>\u0160\u00ed\u0159ka z\u00e1v\u011bru: 26 mm \/ 1 in<\/li>\n<li>Celkov\u00e1 v\u00fd\u0161ka: 143 mm \/ 5,6 in<\/li>\n<li>D\u00e9lka zam\u011b\u0159ov\u00e1n\u00ed: 164 mm \/ 6,5 in<\/li>\n<li>D\u00e9lka hlavn\u011b: 114 mm \/ 4,5 in<\/li>\n<li>Kapacita z\u00e1sobn\u00edku: 17<\/li>\n<li>Spou\u0161\u0165ov\u00fd mechanismus: SA\/DA<\/li>\n<li>Tah spou\u0161t\u011b: 17,5 N \/ 45 N<\/li>\n<li>Vratn\u00e1 pru\u017eina: 12 lbs<\/li>\n<li>Hlavn\u00ed pru\u017eina: 17 lbs<\/li>\n<li>Hmotnost (bez z\u00e1sobn\u00edku): 1180 g \/ 41,6 oz<\/li>\n<li>Hmotnost (se pr\u00e1zdn\u00fdm z\u00e1sobn\u00edkem): 1270 g \/ 44,8 oz<\/li>\n<\/ul>\n","protected":false},"excerpt":{"rendered":"<p>Mal\u00e1 a kompaktn\u00ed, ale v\u00fdkonn\u00e1 pistole KMR W-02 UMBRA OR r\u00e1\u017ee 9&#215;19 s vnit\u0159n\u011b z\u00e1vitovou hlavn\u00ed a stabilizac\u00ed hlavn\u011b BRS.<\/p>\n","protected":false},"featured_media":0,"template":"","meta":{"_acf_changed":false},"product_brand":[],"product_cat":[12725],"product_tag":[],"class_list":{"0":"post-688149","1":"product","2":"type-product","3":"status-publish","5":"product_cat-nezarazeno","7":"first","8":"instock","9":"taxable","10":"shipping-taxable","11":"purchasable","12":"product-type-simple"},"acf":[],"_links":{"self":[{"href":"https:\/\/nbg.eu\/cs\/wp-json\/wp\/v2\/product\/688149","targetHints":{"allow":["GET"]}}],"collection":[{"href":"https:\/\/nbg.eu\/cs\/wp-json\/wp\/v2\/product"}],"about":[{"href":"https:\/\/nbg.eu\/cs\/wp-json\/wp\/v2\/types\/product"}],"wp:attachment":[{"href":"https:\/\/nbg.eu\/cs\/wp-json\/wp\/v2\/media?parent=688149"}],"wp:term":[{"taxonomy":"product_brand","embeddable":true,"href":"https:\/\/nbg.eu\/cs\/wp-json\/wp\/v2\/product_brand?post=688149"},{"taxonomy":"product_cat","embeddable":true,"href":"https:\/\/nbg.eu\/cs\/wp-json\/wp\/v2\/product_cat?post=688149"},{"taxonomy":"product_tag","embeddable":true,"href":"https:\/\/nbg.eu\/cs\/wp-json\/wp\/v2\/product_tag?post=688149"}],"curies":[{"name":"wp","href":"https:\/\/api.w.org\/{rel}","templated":true}]}}